{"id":7033,"date":"2026-01-23T13:50:31","date_gmt":"2026-01-23T13:50:31","guid":{"rendered":"https:\/\/sophie-scholl-schule.eu\/?page_id=7033"},"modified":"2026-01-23T13:51:44","modified_gmt":"2026-01-23T13:51:44","slug":"biologie","status":"publish","type":"page","link":"https:\/\/sophie-scholl-schule.eu\/?page_id=7033","title":{"rendered":"Biologie"},"content":{"rendered":"\n<p><strong>Konzept &amp; Ausstattung<\/strong><\/p>\n\n\n\n<p>Unser Biologieunterricht soll lebendig, abwechslungsreich und lernwirksam sein. Zielsetzung ist es unsere Sch\u00fcler*innen an die naturwissenschaftliche Denk-und Arbeitsweise heranzuf\u00fchren und ihnen fachlichen Kenntnisse mit auf den Weg zu geben, die sie in zahlreichen Lebensbereichen \u2013 etwa in Fragen der Gesundheit und der Nachhaltigkeit \u2013 ben\u00f6tigen. Dabei ist es unser Anliegen Begeisterung f\u00fcr die Fachwissenschaft Biologie zu wecken und zu zeigen, was sie spannend und relevant macht.<\/p>\n\n\n\n<p>Modern ausgestattete Fachr\u00e4ume und eine umfangreiche Materialsammlung geben uns die M\u00f6glichkeit einen zeitgem\u00e4\u00dfen, fachlich fundierten Biologieunterricht mit vielen praktischen Anteilen umzusetzen.&nbsp;<\/p>\n\n\n\n<figure class=\"wp-block-image aligncenter size-full is-resized\"><img loading=\"lazy\" decoding=\"async\" width=\"727\" height=\"580\" src=\"https:\/\/sophie-scholl-schule.eu\/wp-content\/uploads\/2026\/01\/1.jpg\" alt=\"\" class=\"wp-image-7034\" style=\"aspect-ratio:1.2534563643707086;width:258px;height:auto\" srcset=\"https:\/\/sophie-scholl-schule.eu\/wp-content\/uploads\/2026\/01\/1.jpg 727w, https:\/\/sophie-scholl-schule.eu\/wp-content\/uploads\/2026\/01\/1-300x239.jpg 300w, https:\/\/sophie-scholl-schule.eu\/wp-content\/uploads\/2026\/01\/1-705x562.jpg 705w\" sizes=\"auto, (max-width: 727px) 100vw, 727px\" \/><\/figure>\n\n\n\n<p>Mit einer Kombination aus\u00a0<strong>Beamer und Whiteboard\u00a0<\/strong>wird die Biologie mit Bildern, Filmen und Animationen anschaulich und Arbeitsergebnisse gelangen m\u00fchelos an die \u201eTafel\u201c.\u00a0<strong>Laptops und Tablets<\/strong>\u00a0im Klassensatz erm\u00f6glichen den Sch\u00fcler*innen im Unterricht zu recherchieren, interaktive Unterrichtsmaterialien oder Apps zu nutzen. So werden beispielsweise eigene Erkl\u00e4r- oder Stopmotion-Videos im Unterricht erstellt oder mit Augmented Reality das Verdauungssystem erforscht.\u00a0<strong>Digitale Messinstrumente<\/strong>\u00a0wie z.\u00a0B. Kohlenstoffdioxid-Sonden und ein Fotometer werden besonders in der Sekundarstufe II gerne f\u00fcr die digitale Messwerterfassung und Auswertung von Experimenten genutzt.\u00a0<\/p>\n\n\n\n<p>Jeder Biologie-Fachraum ist zudem mit ausreichend&nbsp;<strong>hochwertigen Mikroskopen<\/strong>&nbsp;ausgestattet, so dass alle Lernenden an einem eigenen Mikroskop arbeiten k\u00f6nnen. Die Kompetenz zu Mikroskopieren wird insbesondere in der 7. Klasse geschult und in den folgenden Jahrg\u00e4ngen immer weiter ausgebaut. Dazu greifen wir auf einen gro\u00dfen Fundus an Fertigpr\u00e4paraten zur\u00fcck oder stellen selbst Pr\u00e4parate her.&nbsp;<\/p>\n\n\n\n<figure class=\"wp-block-image alignright size-full is-resized\"><img loading=\"lazy\" decoding=\"async\" width=\"226\" height=\"550\" src=\"https:\/\/sophie-scholl-schule.eu\/wp-content\/uploads\/2026\/01\/2.png\" alt=\"\" class=\"wp-image-7035\" style=\"aspect-ratio:0.410924772400575;width:47px;height:auto\" srcset=\"https:\/\/sophie-scholl-schule.eu\/wp-content\/uploads\/2026\/01\/2.png 226w, https:\/\/sophie-scholl-schule.eu\/wp-content\/uploads\/2026\/01\/2-123x300.png 123w\" sizes=\"auto, (max-width: 226px) 100vw, 226px\" \/><\/figure>\n\n\n\n<p>Klassische\u00a0<strong>Modelle<\/strong>\u00a0im Klassensatz (z.\u00a0B. Herz, Auge oder Sch\u00e4del von Vor- und Fr\u00fchmenschen) unterst\u00fctzen die Lernenden darin die Fachinhalte zu \u201ebegreifen\u201c. Dar\u00fcber hinaus werden im Unterricht auch h\u00e4ufig selbst Modelle gebaut und der naturwissenschaftliche Erkenntnisweg ausprobiert.<\/p>\n\n\n\n<p><strong>Experimente<\/strong>&nbsp;werden \u00fcber alle Jahrgangsstufen hinweg zu vielen Themen im Unterricht durchgef\u00fchrt. Dabei werden die Sch\u00fcler*innen an die naturwissenschaftliche Vorgehensweise herangef\u00fchrt und Experimente werden zunehmend selbstst\u00e4ndig geplant und durchgef\u00fchrt. Auf dem Foto plant eine Gruppe eine Untersuchung zum Klappmechanismus einer fleischfressenden Pflanze.<\/p>\n\n\n\n<figure class=\"wp-block-image alignright size-full is-resized\"><img loading=\"lazy\" decoding=\"async\" width=\"467\" height=\"351\" src=\"https:\/\/sophie-scholl-schule.eu\/wp-content\/uploads\/2026\/01\/3.jpg\" alt=\"\" class=\"wp-image-7036\" style=\"width:126px;height:auto\" srcset=\"https:\/\/sophie-scholl-schule.eu\/wp-content\/uploads\/2026\/01\/3.jpg 467w, https:\/\/sophie-scholl-schule.eu\/wp-content\/uploads\/2026\/01\/3-300x225.jpg 300w\" sizes=\"auto, (max-width: 467px) 100vw, 467px\" \/><\/figure>\n\n\n\n<p>Exkursionen zu\u00a0<strong>au\u00dferschulischen Lernorten<\/strong>\u00a0erm\u00f6glichen es den Sch\u00fclerinnen und Sch\u00fclern, technisch aufw\u00e4ndigere Untersuchungen in professionell ausgestatteten Laboren durchzuf\u00fchren. So nehmen wir zum Beispiel regelm\u00e4\u00dfig Angebote des NatLabs von der FU, der Lise-Meitner-Schule oder des Gl\u00e4sernen Labors wahr. Hier sieht man Sch\u00fcler bei der Untersuchung der Geschwindigkeit des Achillessehnenreflexes im Gl\u00e4sernen Labor in Buch.<\/p>\n\n\n\n<figure class=\"wp-block-image alignright size-full is-resized\"><img loading=\"lazy\" decoding=\"async\" width=\"467\" height=\"354\" src=\"https:\/\/sophie-scholl-schule.eu\/wp-content\/uploads\/2026\/01\/4.jpg\" alt=\"\" class=\"wp-image-7037\" style=\"aspect-ratio:1.3192672699183403;width:142px;height:auto\" srcset=\"https:\/\/sophie-scholl-schule.eu\/wp-content\/uploads\/2026\/01\/4.jpg 467w, https:\/\/sophie-scholl-schule.eu\/wp-content\/uploads\/2026\/01\/4-300x227.jpg 300w\" sizes=\"auto, (max-width: 467px) 100vw, 467px\" \/><\/figure>\n\n\n\n<p><strong>Projekte&nbsp;und Schwerpunkte des Fachbereichs&nbsp;<\/strong><\/p>\n\n\n\n<ul class=\"wp-block-list\">\n<li><strong>Projekt zur Pubert\u00e4t im 8. Jahrgang<\/strong><\/li>\n<\/ul>\n\n\n\n<p>In der Jahrgangstufe 8 besch\u00e4ftigen wir uns mit dem Thema Pubert\u00e4t in einem mehrt\u00e4gigen Projekt, bei dem wir auch regelm\u00e4\u00dfig durch externe Partner wie Profamilia, Mannometer, Biko u.a. unterst\u00fctzt werden. Dabei kommen wir \u00fcber Themen wie k\u00f6rperliche Ver\u00e4nderungen, Hygiene und Verh\u00fctung aber auch sexuelle Vielfalt und Selbstbestimmung intensiver ins Gespr\u00e4ch.<\/p>\n\n\n\n<ul class=\"wp-block-list\">\n<li><strong>Schulgarten und Schulteich<\/strong><\/li>\n<\/ul>\n\n\n\n<p>Unser Schulgarten mit eigenem Teich, Bienenv\u00f6lkern, Kr\u00e4uterspirale, Gew\u00e4chshaus, Kompost und \u201ewilden Ecken\u201c erm\u00f6glicht \u00f6kologische Untersuchungen und Beobachtungen, die unkompliziert im Rahmen einer Unterrichtsstunde durchgef\u00fchrt werden k\u00f6nnen.<\/p>\n\n\n\n<figure class=\"wp-block-image alignright size-full is-resized\"><img loading=\"lazy\" decoding=\"async\" width=\"470\" height=\"351\" src=\"https:\/\/sophie-scholl-schule.eu\/wp-content\/uploads\/2026\/01\/5.jpg\" alt=\"\" class=\"wp-image-7038\" style=\"width:214px;height:auto\" srcset=\"https:\/\/sophie-scholl-schule.eu\/wp-content\/uploads\/2026\/01\/5.jpg 470w, https:\/\/sophie-scholl-schule.eu\/wp-content\/uploads\/2026\/01\/5-300x224.jpg 300w\" sizes=\"auto, (max-width: 470px) 100vw, 470px\" \/><\/figure>\n\n\n\n<ul class=\"wp-block-list\">\n<li><strong>Schwerpunkt Nachhaltigkeit<\/strong><\/li>\n<\/ul>\n\n\n\n<p>Im Rahmen der j\u00e4hrlichen Projektwoche der Schule sind im Schulgarten verschiedene Kleinbiotope \u2013 sogenannte \u201eTrittsteine\u201c entstanden, die gr\u00f6\u00dfere Lebensr\u00e4ume im Stadtgebiet verbinden und so den Erhalt der Artenvielfalt unterst\u00fctzen. Die Lernenden haben in jahrgangs\u00fcbergreifenden Kleingruppen eine heimische Wildblumenwiese, einen Holzsto\u00df, einen Igelhaufen, ein Kr\u00e4uterbeet und ein Sandbeet angelegt.&nbsp;<\/p>\n\n\n\n<p>Im Unterricht werden die Nachhaltigkeitsziele der Bildung f\u00fcr nachhaltige Entwicklung bei vielen Themen aufgriffen. So erg\u00e4nzt zum Beispiel ein Klimafr\u00fchst\u00fcck den Unterricht zur Ern\u00e4hrung.<\/p>\n\n\n\n<figure class=\"wp-block-image aligncenter size-large is-resized\"><img loading=\"lazy\" decoding=\"async\" width=\"1030\" height=\"325\" src=\"https:\/\/sophie-scholl-schule.eu\/wp-content\/uploads\/2026\/01\/6-1030x325.jpg\" alt=\"\" class=\"wp-image-7039\" style=\"aspect-ratio:3.169285153181461;width:494px;height:auto\" srcset=\"https:\/\/sophie-scholl-schule.eu\/wp-content\/uploads\/2026\/01\/6-1030x325.jpg 1030w, https:\/\/sophie-scholl-schule.eu\/wp-content\/uploads\/2026\/01\/6-300x95.jpg 300w, https:\/\/sophie-scholl-schule.eu\/wp-content\/uploads\/2026\/01\/6-768x243.jpg 768w, https:\/\/sophie-scholl-schule.eu\/wp-content\/uploads\/2026\/01\/6-705x223.jpg 705w, https:\/\/sophie-scholl-schule.eu\/wp-content\/uploads\/2026\/01\/6.jpg 1121w\" sizes=\"auto, (max-width: 1030px) 100vw, 1030px\" \/><\/figure>\n\n\n\n<ul class=\"wp-block-list\">\n<li><strong>Sch\u00fclerlabor<\/strong><\/li>\n<\/ul>\n\n\n\n<p>Im schuleigenen molekularbiologischen Sch\u00fclerlabor haben die Lernenden die M\u00f6glichkeit, begleitend zum Unterricht praktische Erfahrungen mit modernen Arbeitsmethoden der Biologie zu sammeln. Dabei k\u00f6nnen DNA-Proben pr\u00e4pariert, mithilfe der PCR vervielf\u00e4ltigt und anschlie\u00dfend gelelektrophoretisch aufgetrennt werden.\u00a0<\/p>\n\n\n\n<figure class=\"wp-block-image aligncenter size-large is-resized\"><img loading=\"lazy\" decoding=\"async\" width=\"1122\" height=\"531\" src=\"https:\/\/sophie-scholl-schule.eu\/wp-content\/uploads\/2026\/01\/7-1030x487.png\" alt=\"\" class=\"wp-image-7040\" style=\"aspect-ratio:2.1130780914471274;width:395px;height:auto\" srcset=\"https:\/\/sophie-scholl-schule.eu\/wp-content\/uploads\/2026\/01\/7-1030x487.png 1030w, https:\/\/sophie-scholl-schule.eu\/wp-content\/uploads\/2026\/01\/7-300x142.png 300w, https:\/\/sophie-scholl-schule.eu\/wp-content\/uploads\/2026\/01\/7-768x363.png 768w, https:\/\/sophie-scholl-schule.eu\/wp-content\/uploads\/2026\/01\/7-705x334.png 705w, https:\/\/sophie-scholl-schule.eu\/wp-content\/uploads\/2026\/01\/7.png 1122w\" sizes=\"auto, (max-width: 1122px) 100vw, 1122px\" \/><\/figure>\n\n\n\n<p><strong>Vertiefende Angebote (s. Arbeitsgemeinschaften)<\/strong><\/p>\n\n\n\n<p>\u00dcber den Unterricht hinaus gibt es f\u00fcr naturwissenschaftlich interessierte Sch\u00fclerinnen und Sch\u00fcler verschiedene Arbeitsgemeinschaften und die M\u00f6glichkeit an Wettbewerben wie zum Beispiel \u201eJugend forscht\u201c teilzunehmen.<\/p>\n\n\n\n<p><a href=\"https:\/\/sophie-scholl-schule.eu\/?page_id=6209\" data-type=\"page\" data-id=\"6209\">Bienen AG<\/a><\/p>\n\n\n\n<p><a href=\"https:\/\/sophie-scholl-schule.eu\/?page_id=6625\" data-type=\"page\" data-id=\"6625\">AG Forschende Schollis<\/a><\/p>\n\n\n\n<p><a href=\"https:\/\/sophie-scholl-schule.eu\/?page_id=6201\" data-type=\"page\" data-id=\"6201\">Jugend forscht<\/a><\/p>\n\n\n\n<p><a href=\"https:\/\/sophie-scholl-schule.eu\/?page_id=6742\" data-type=\"page\" data-id=\"6742\">TechnoClub<\/a><\/p>\n\n\n\n<p><\/p>\n","protected":false},"excerpt":{"rendered":"<p>Konzept &amp; Ausstattung Unser Biologieunterricht soll lebendig, abwechslungsreich und lernwirksam sein. Zielsetzung ist es unsere Sch\u00fcler*innen an die naturwissenschaftliche Denk-und Arbeitsweise heranzuf\u00fchren und ihnen fachlichen Kenntnisse mit auf den Weg zu geben, die sie in zahlreichen Lebensbereichen \u2013 etwa in Fragen der Gesundheit und der Nachhaltigkeit \u2013 ben\u00f6tigen. Dabei ist es unser Anliegen Begeisterung f\u00fcr [&hellip;]<\/p>\n","protected":false},"author":1,"featured_media":0,"parent":3966,"menu_order":0,"comment_status":"closed","ping_status":"closed","template":"","meta":{"footnotes":""},"class_list":["post-7033","page","type-page","status-publish","hentry"],"_links":{"self":[{"href":"https:\/\/sophie-scholl-schule.eu\/index.php?rest_route=\/wp\/v2\/pages\/7033","targetHints":{"allow":["GET"]}}],"collection":[{"href":"https:\/\/sophie-scholl-schule.eu\/index.php?rest_route=\/wp\/v2\/pages"}],"about":[{"href":"https:\/\/sophie-scholl-schule.eu\/index.php?rest_route=\/wp\/v2\/types\/page"}],"author":[{"embeddable":true,"href":"https:\/\/sophie-scholl-schule.eu\/index.php?rest_route=\/wp\/v2\/users\/1"}],"replies":[{"embeddable":true,"href":"https:\/\/sophie-scholl-schule.eu\/index.php?rest_route=%2Fwp%2Fv2%2Fcomments&post=7033"}],"version-history":[{"count":2,"href":"https:\/\/sophie-scholl-schule.eu\/index.php?rest_route=\/wp\/v2\/pages\/7033\/revisions"}],"predecessor-version":[{"id":7042,"href":"https:\/\/sophie-scholl-schule.eu\/index.php?rest_route=\/wp\/v2\/pages\/7033\/revisions\/7042"}],"up":[{"embeddable":true,"href":"https:\/\/sophie-scholl-schule.eu\/index.php?rest_route=\/wp\/v2\/pages\/3966"}],"wp:attachment":[{"href":"https:\/\/sophie-scholl-schule.eu\/index.php?rest_route=%2Fwp%2Fv2%2Fmedia&parent=7033"}],"curies":[{"name":"wp","href":"https:\/\/api.w.org\/{rel}","templated":true}]}}