{"id":6883,"date":"2025-10-03T12:22:28","date_gmt":"2025-10-03T12:22:28","guid":{"rendered":"https:\/\/sophie-scholl-schule.eu\/?page_id=6883"},"modified":"2025-10-03T12:22:28","modified_gmt":"2025-10-03T12:22:28","slug":"abschluesse-in-der-mittelstufe","status":"publish","type":"page","link":"https:\/\/sophie-scholl-schule.eu\/?page_id=6883","title":{"rendered":"Abschl\u00fcsse in der Mittelstufe"},"content":{"rendered":"\n<p>Die vorliegenden Dokumente sind eine vereinfachte \u00dcbersicht der an der Sophie-Scholl-Schule zu erzielenden Abschl\u00fcsse und Laufbahnwege. Die Angaben erfolgen ohne Gew\u00e4hr. <br>Die vollst\u00e4ndigen Informationen zu den Abschl\u00fcssen erhalten Sie unter:\u00a0<a href=\"https:\/\/www.berlin.de\/sen\/bildung\/schule\/pruefungen-und-abschluesse\/abschluesse-an-der-iss-nach-klasse-9-und-10\/\">https:\/\/www.berlin.de\/sen\/bildung\/schule\/pruefungen-und-abschluesse\/abschluesse-an-der-iss-nach-klasse-9-und-10\/<\/a>\u00a0<br>Hier finden Sie auch alle wichtigen Informationen zum Berufsorientierenden Abschluss (BOA).<\/p>\n\n\n\n<p><a href=\"https:\/\/sophie-scholl-schule.eu\/wp-content\/uploads\/2025\/10\/Abschluesse-9.-Jahrgang_zentraler-Elternabend.pdf\">Abschl\u00fcsse nach dem 9. Jahrgang<\/a><\/p>\n\n\n\n<p><a href=\"https:\/\/sophie-scholl-schule.eu\/wp-content\/uploads\/2025\/10\/Abschluesse-10.-Jahrgang_zentraler-Elternabend.pdf\">Abschl\u00fcsse nach dem 10. Jahrgang<\/a><\/p>\n\n\n\n<p><\/p>\n","protected":false},"excerpt":{"rendered":"<p>Die vorliegenden Dokumente sind eine vereinfachte \u00dcbersicht der an der Sophie-Scholl-Schule zu erzielenden Abschl\u00fcsse und Laufbahnwege. Die Angaben erfolgen ohne Gew\u00e4hr. Die vollst\u00e4ndigen Informationen zu den Abschl\u00fcssen erhalten Sie unter:\u00a0https:\/\/www.berlin.de\/sen\/bildung\/schule\/pruefungen-und-abschluesse\/abschluesse-an-der-iss-nach-klasse-9-und-10\/\u00a0Hier finden Sie auch alle wichtigen Informationen zum Berufsorientierenden Abschluss (BOA). Abschl\u00fcsse nach dem 9. Jahrgang Abschl\u00fcsse nach dem 10. Jahrgang<\/p>\n","protected":false},"author":1,"featured_media":0,"parent":0,"menu_order":0,"comment_status":"closed","ping_status":"closed","template":"","meta":{"footnotes":""},"class_list":["post-6883","page","type-page","status-publish","hentry"],"_links":{"self":[{"href":"https:\/\/sophie-scholl-schule.eu\/index.php?rest_route=\/wp\/v2\/pages\/6883","targetHints":{"allow":["GET"]}}],"collection":[{"href":"https:\/\/sophie-scholl-schule.eu\/index.php?rest_route=\/wp\/v2\/pages"}],"about":[{"href":"https:\/\/sophie-scholl-schule.eu\/index.php?rest_route=\/wp\/v2\/types\/page"}],"author":[{"embeddable":true,"href":"https:\/\/sophie-scholl-schule.eu\/index.php?rest_route=\/wp\/v2\/users\/1"}],"replies":[{"embeddable":true,"href":"https:\/\/sophie-scholl-schule.eu\/index.php?rest_route=%2Fwp%2Fv2%2Fcomments&post=6883"}],"version-history":[{"count":1,"href":"https:\/\/sophie-scholl-schule.eu\/index.php?rest_route=\/wp\/v2\/pages\/6883\/revisions"}],"predecessor-version":[{"id":6886,"href":"https:\/\/sophie-scholl-schule.eu\/index.php?rest_route=\/wp\/v2\/pages\/6883\/revisions\/6886"}],"wp:attachment":[{"href":"https:\/\/sophie-scholl-schule.eu\/index.php?rest_route=%2Fwp%2Fv2%2Fmedia&parent=6883"}],"curies":[{"name":"wp","href":"https:\/\/api.w.org\/{rel}","templated":true}]}}