{"id":6805,"date":"2025-08-19T08:56:46","date_gmt":"2025-08-19T08:56:46","guid":{"rendered":"https:\/\/sophie-scholl-schule.eu\/?page_id=6805"},"modified":"2025-08-19T09:26:20","modified_gmt":"2025-08-19T09:26:20","slug":"ueber-uns","status":"publish","type":"page","link":"https:\/\/sophie-scholl-schule.eu\/?page_id=6805","title":{"rendered":"\u00dcber uns"},"content":{"rendered":"\n<p>Der Verein wurde&nbsp;<strong>1993<\/strong>&nbsp;gegr\u00fcndet.<\/p>\n\n\n\n<p>Zu den&nbsp;<strong>320&nbsp;<\/strong>Mitgliedern geh\u00f6ren Eltern, Lehrer und Ehemalige und sogar einige Sch\u00fcler.<\/p>\n\n\n\n<p>Der F\u00f6rderverein sieht sich neben der Gesamtelternvertretung (GEV) als wichtiges Bindeglied zwischen Eltern, Sch\u00fclern und P\u00e4dagogen an der Schule. Dar\u00fcber hinaus entwickeln die Mitglieder des F\u00f6rdervereins auch eigene Schulprojekte oder regen diese an.<\/p>\n\n\n\n<figure class=\"wp-block-image size-large\"><img loading=\"lazy\" decoding=\"async\" width=\"1030\" height=\"302\" src=\"https:\/\/sophie-scholl-schule.eu\/wp-content\/uploads\/2025\/08\/foerderjumpweb-1030x302.jpg\" alt=\"\" class=\"wp-image-6831\" srcset=\"https:\/\/sophie-scholl-schule.eu\/wp-content\/uploads\/2025\/08\/foerderjumpweb-1030x302.jpg 1030w, https:\/\/sophie-scholl-schule.eu\/wp-content\/uploads\/2025\/08\/foerderjumpweb-300x88.jpg 300w, https:\/\/sophie-scholl-schule.eu\/wp-content\/uploads\/2025\/08\/foerderjumpweb-768x225.jpg 768w, https:\/\/sophie-scholl-schule.eu\/wp-content\/uploads\/2025\/08\/foerderjumpweb-1536x451.jpg 1536w, https:\/\/sophie-scholl-schule.eu\/wp-content\/uploads\/2025\/08\/foerderjumpweb-2048x601.jpg 2048w, https:\/\/sophie-scholl-schule.eu\/wp-content\/uploads\/2025\/08\/foerderjumpweb-1500x440.jpg 1500w, https:\/\/sophie-scholl-schule.eu\/wp-content\/uploads\/2025\/08\/foerderjumpweb-705x207.jpg 705w\" sizes=\"auto, (max-width: 1030px) 100vw, 1030px\" \/><\/figure>\n\n\n\n<p><\/p>\n","protected":false},"excerpt":{"rendered":"<p>Der Verein wurde&nbsp;1993&nbsp;gegr\u00fcndet. Zu den&nbsp;320&nbsp;Mitgliedern geh\u00f6ren Eltern, Lehrer und Ehemalige und sogar einige Sch\u00fcler. Der F\u00f6rderverein sieht sich neben der Gesamtelternvertretung (GEV) als wichtiges Bindeglied zwischen Eltern, Sch\u00fclern und P\u00e4dagogen an der Schule. Dar\u00fcber hinaus entwickeln die Mitglieder des F\u00f6rdervereins auch eigene Schulprojekte oder regen diese an.<\/p>\n","protected":false},"author":7,"featured_media":0,"parent":6604,"menu_order":0,"comment_status":"closed","ping_status":"closed","template":"","meta":{"footnotes":""},"class_list":["post-6805","page","type-page","status-publish","hentry"],"_links":{"self":[{"href":"https:\/\/sophie-scholl-schule.eu\/index.php?rest_route=\/wp\/v2\/pages\/6805","targetHints":{"allow":["GET"]}}],"collection":[{"href":"https:\/\/sophie-scholl-schule.eu\/index.php?rest_route=\/wp\/v2\/pages"}],"about":[{"href":"https:\/\/sophie-scholl-schule.eu\/index.php?rest_route=\/wp\/v2\/types\/page"}],"author":[{"embeddable":true,"href":"https:\/\/sophie-scholl-schule.eu\/index.php?rest_route=\/wp\/v2\/users\/7"}],"replies":[{"embeddable":true,"href":"https:\/\/sophie-scholl-schule.eu\/index.php?rest_route=%2Fwp%2Fv2%2Fcomments&post=6805"}],"version-history":[{"count":3,"href":"https:\/\/sophie-scholl-schule.eu\/index.php?rest_route=\/wp\/v2\/pages\/6805\/revisions"}],"predecessor-version":[{"id":6832,"href":"https:\/\/sophie-scholl-schule.eu\/index.php?rest_route=\/wp\/v2\/pages\/6805\/revisions\/6832"}],"up":[{"embeddable":true,"href":"https:\/\/sophie-scholl-schule.eu\/index.php?rest_route=\/wp\/v2\/pages\/6604"}],"wp:attachment":[{"href":"https:\/\/sophie-scholl-schule.eu\/index.php?rest_route=%2Fwp%2Fv2%2Fmedia&parent=6805"}],"curies":[{"name":"wp","href":"https:\/\/api.w.org\/{rel}","templated":true}]}}