{"id":6742,"date":"2025-06-04T07:13:59","date_gmt":"2025-06-04T07:13:59","guid":{"rendered":"https:\/\/sophie-scholl-schule.eu\/?page_id=6742"},"modified":"2025-06-04T07:15:40","modified_gmt":"2025-06-04T07:15:40","slug":"technoclub","status":"publish","type":"page","link":"https:\/\/sophie-scholl-schule.eu\/?page_id=6742","title":{"rendered":"TechnoClub"},"content":{"rendered":"\n<figure class=\"wp-block-image size-full\"><img loading=\"lazy\" decoding=\"async\" width=\"904\" height=\"438\" src=\"https:\/\/sophie-scholl-schule.eu\/wp-content\/uploads\/2025\/06\/Unbenannt.png\" alt=\"\" class=\"wp-image-6743\" srcset=\"https:\/\/sophie-scholl-schule.eu\/wp-content\/uploads\/2025\/06\/Unbenannt.png 904w, https:\/\/sophie-scholl-schule.eu\/wp-content\/uploads\/2025\/06\/Unbenannt-300x145.png 300w, https:\/\/sophie-scholl-schule.eu\/wp-content\/uploads\/2025\/06\/Unbenannt-768x372.png 768w, https:\/\/sophie-scholl-schule.eu\/wp-content\/uploads\/2025\/06\/Unbenannt-705x342.png 705w\" sizes=\"auto, (max-width: 904px) 100vw, 904px\" \/><\/figure>\n\n\n\n<p>Unsere Schule ist eine der Mitbegr\u00fcnderinnen und seit vielen Jahren ohne Unterbrechung am&nbsp;<a href=\"https:\/\/www.tu.berlin\/zifg\/techno-club\">TechnoClub<\/a>&nbsp;beteiligt, einem Kooperationsprojekt mit der TU Berlin. Ziel ist die&nbsp;&nbsp;Interessensf\u00f6rderung im Bereich Naturwissenschaften und Technik f\u00fcr junge Frauen.&nbsp;<\/p>\n\n\n\n<p>Der Kurs ist zweistufig aufgebaut. Ein Gro\u00dfteil der Zeit wird dabei an der TU Berlin verbracht. Er findet w\u00e4hrend der 12. Klasse (1. + 2. Semester) statt.&nbsp;<\/p>\n\n\n\n<p>In der \u201eEinsteigerinnen-AG\u201c: \u201e<em>experimentieren Oberstufensch\u00fclerinnen in Versuchshallen und Laboren, lernen kritisch wissenschaftlich zu denken, und wir erm\u00f6glichen ihnen, eine Vielfalt an Studien- und Berufsperspektiven kennen zu lernen.<\/em>\u201c<\/p>\n\n\n\n<p>In der daran anschlie\u00dfenden Fortgeschrittenen-AG: \u201e<em>werden die Sch\u00fclerinnen verst\u00e4rkter zum selbstverantwortlichen kritischen Denken und wissenschaftlichen Arbeiten angeregt. Die Sch\u00fclerinnen lernen ein Forschungsthema zu finden, es einzugrenzen, eine Forschungsfrage mit These zu formulieren und wissenschaftlich zu recherchieren.\u201c<\/em><\/p>\n\n\n\n<p>Die Begleitung dieser eigenst\u00e4ndigen Arbeit an einer Fragestellung wird durch Sprechstunden an der Schule von&nbsp;<a href=\"mailto:piel@sophie-scholl-schule.eu\">Frau Piel<\/a>&nbsp;betreut und begleitet.<\/p>\n\n\n\n<p>Als Kooperationsschule gibt es f\u00fcr alle Teilnehmenden unserer Schule die M\u00f6glichkeit, die AG als&nbsp;<strong>benoteten Zusatzkurs in das Abitur einzubringen<\/strong>. Die bisherigen Sch\u00fclerinnen waren zudem stets begeistert von der starken Unterst\u00fctzung in ihren Interessen und ihrer Berufswahl und von der Vermittlung hilfreicher Arbeitstechniken und Kompetenzen f\u00fcr die 5.PK lieferte.<\/p>\n\n\n\n<p>Die bisherigen Themen der letzten Jahre lauteten:<\/p>\n\n\n\n<figure class=\"wp-block-table\"><table class=\"has-fixed-layout\"><tbody><tr><td>Jahr<\/td><td>Teilnehmerinnen<\/td><td>Thema&nbsp;<\/td><\/tr><tr><td>2025<\/td><td>t.b.a.<\/td><td>&nbsp;<\/td><\/tr><tr><td>2024<\/td><td>Lorry Yonbang, Nolwenn Schmeling, Iza Ousadden<\/td><td>Kammerflimmern bei Patienten \u00fcber 60 Jahren &#8211; Wie k\u00f6nnen die verschiedenen Behandlungsmethoden bei Kammerflimmern bewertet werden, und welche eignet sich in welchen Situationen am besten?<\/td><\/tr><tr><td>2023<\/td><td>An Luisa, Marleen, Victoria, Alexia<\/td><td>Das mesolimbische System \u2013 Einfluss von Tiktok<\/td><\/tr><tr><td>2023<\/td><td>Miriam Assad, Josephine Scholze<\/td><td>Desertec \u2013 Sonnenstrom aus der Sahara<\/td><\/tr><\/tbody><\/table><\/figure>\n","protected":false},"excerpt":{"rendered":"<p>Unsere Schule ist eine der Mitbegr\u00fcnderinnen und seit vielen Jahren ohne Unterbrechung am&nbsp;TechnoClub&nbsp;beteiligt, einem Kooperationsprojekt mit der TU Berlin. Ziel ist die&nbsp;&nbsp;Interessensf\u00f6rderung im Bereich Naturwissenschaften und Technik f\u00fcr junge Frauen.&nbsp; Der Kurs ist zweistufig aufgebaut. Ein Gro\u00dfteil der Zeit wird dabei an der TU Berlin verbracht. Er findet w\u00e4hrend der 12. Klasse (1. + 2. [&hellip;]<\/p>\n","protected":false},"author":1,"featured_media":0,"parent":4000,"menu_order":0,"comment_status":"closed","ping_status":"closed","template":"","meta":{"footnotes":""},"class_list":["post-6742","page","type-page","status-publish","hentry"],"_links":{"self":[{"href":"https:\/\/sophie-scholl-schule.eu\/index.php?rest_route=\/wp\/v2\/pages\/6742","targetHints":{"allow":["GET"]}}],"collection":[{"href":"https:\/\/sophie-scholl-schule.eu\/index.php?rest_route=\/wp\/v2\/pages"}],"about":[{"href":"https:\/\/sophie-scholl-schule.eu\/index.php?rest_route=\/wp\/v2\/types\/page"}],"author":[{"embeddable":true,"href":"https:\/\/sophie-scholl-schule.eu\/index.php?rest_route=\/wp\/v2\/users\/1"}],"replies":[{"embeddable":true,"href":"https:\/\/sophie-scholl-schule.eu\/index.php?rest_route=%2Fwp%2Fv2%2Fcomments&post=6742"}],"version-history":[{"count":2,"href":"https:\/\/sophie-scholl-schule.eu\/index.php?rest_route=\/wp\/v2\/pages\/6742\/revisions"}],"predecessor-version":[{"id":6747,"href":"https:\/\/sophie-scholl-schule.eu\/index.php?rest_route=\/wp\/v2\/pages\/6742\/revisions\/6747"}],"up":[{"embeddable":true,"href":"https:\/\/sophie-scholl-schule.eu\/index.php?rest_route=\/wp\/v2\/pages\/4000"}],"wp:attachment":[{"href":"https:\/\/sophie-scholl-schule.eu\/index.php?rest_route=%2Fwp%2Fv2%2Fmedia&parent=6742"}],"curies":[{"name":"wp","href":"https:\/\/api.w.org\/{rel}","templated":true}]}}