{"id":6365,"date":"2024-12-04T13:31:28","date_gmt":"2024-12-04T13:31:28","guid":{"rendered":"https:\/\/sophie-scholl-schule.eu\/?page_id=6365"},"modified":"2024-12-04T13:31:28","modified_gmt":"2024-12-04T13:31:28","slug":"schulpsychologie","status":"publish","type":"page","link":"https:\/\/sophie-scholl-schule.eu\/?page_id=6365","title":{"rendered":"Schulpsychologie"},"content":{"rendered":"\n<h2 class=\"wp-block-heading\">Schulpsychologie<\/h2>\n\n\n\n<figure class=\"wp-block-image alignright size-full is-resized\"><img loading=\"lazy\" decoding=\"async\" width=\"424\" height=\"599\" src=\"https:\/\/sophie-scholl-schule.eu\/wp-content\/uploads\/2024\/12\/Sophie-Scholl-Schule-Foto.png\" alt=\"\" class=\"wp-image-6366\" style=\"width:300px\" srcset=\"https:\/\/sophie-scholl-schule.eu\/wp-content\/uploads\/2024\/12\/Sophie-Scholl-Schule-Foto.png 424w, https:\/\/sophie-scholl-schule.eu\/wp-content\/uploads\/2024\/12\/Sophie-Scholl-Schule-Foto-212x300.png 212w\" sizes=\"auto, (max-width: 424px) 100vw, 424px\" \/><\/figure>\n\n\n\n<p><em>Was, wer, wof\u00fcr?<\/em><\/p>\n\n\n\n<p>Ich hei\u00dfe Frau von Eitzen, arbeite als allgemeine Schulpsychologin im SIBUZ Tempelhof-Sch\u00f6neberg und bin f\u00fcr verschiedene Schulen im Norden Sch\u00f6nebergs und Friedenau als Ansprechpartnerin zust\u00e4ndig, unter anderem auch f\u00fcr die Sophie-Scholl-Schule. Zwar bin ich als Schulpsychologin &#8211; anders als zum Beispiel die Schulsozialarbeit &#8211; nicht im t\u00e4glichen Schulbetrieb, bin aber regelm\u00e4\u00dfig vor Ort &#8211; sowohl anl\u00e4sslich kurzfristiger Herausforderungen und Schwierigkeiten in der Schule, wo psychologische Hilfe erforderlich ist, als auch geplant zu einer Sprechstunde, bei der die M\u00f6glichkeit einer Beratung besteht.<\/p>\n\n\n\n<p><em>Wof\u00fcr Beratung?<\/em><\/p>\n\n\n\n<p>Hier soll es einen neutralen und vertraulichen Rahmen geben, um \u00fcber Konflikte, Herausforderungen, Krisen im Schulalltag und \u00c4hnliches sprechen zu k\u00f6nnen und m\u00f6gliche Handlungsoptionen ins Auge zu fassen.<\/p>\n\n\n\n<p><em>F\u00fcr wen?<\/em><\/p>\n\n\n\n<p>Das schulpsychologische Angebot gilt f\u00fcr alle, die direkt oder indirekt mit der Schule zu tun haben: Die Sch\u00fclerinnen und Sch\u00fcler und ihre Eltern, Lehrkr\u00e4fte und andere Mitarbeitende an der Schule.<\/p>\n\n\n\n<p><em>Wo und wann?<\/em><\/p>\n\n\n\n<p>Die Gespr\u00e4che finden im B\u00fcro des Lef\u00e8vre statt, die Termine sind auf der schulinternen Terminplan zu finden.<\/p>\n\n\n\n<p>Ich freue mich \u00fcber Ihre und eure Kontaktaufnahme.<\/p>\n\n\n\n<p>Linn\u00e9a von Eitzen<\/p>\n","protected":false},"excerpt":{"rendered":"<p>Schulpsychologie Was, wer, wof\u00fcr? Ich hei\u00dfe Frau von Eitzen, arbeite als allgemeine Schulpsychologin im SIBUZ Tempelhof-Sch\u00f6neberg und bin f\u00fcr verschiedene Schulen im Norden Sch\u00f6nebergs und Friedenau als Ansprechpartnerin zust\u00e4ndig, unter anderem auch f\u00fcr die Sophie-Scholl-Schule. Zwar bin ich als Schulpsychologin &#8211; anders als zum Beispiel die Schulsozialarbeit &#8211; nicht im t\u00e4glichen Schulbetrieb, bin aber regelm\u00e4\u00dfig [&hellip;]<\/p>\n","protected":false},"author":1,"featured_media":0,"parent":0,"menu_order":0,"comment_status":"closed","ping_status":"closed","template":"","meta":{"footnotes":""},"class_list":["post-6365","page","type-page","status-publish","hentry"],"_links":{"self":[{"href":"https:\/\/sophie-scholl-schule.eu\/index.php?rest_route=\/wp\/v2\/pages\/6365","targetHints":{"allow":["GET"]}}],"collection":[{"href":"https:\/\/sophie-scholl-schule.eu\/index.php?rest_route=\/wp\/v2\/pages"}],"about":[{"href":"https:\/\/sophie-scholl-schule.eu\/index.php?rest_route=\/wp\/v2\/types\/page"}],"author":[{"embeddable":true,"href":"https:\/\/sophie-scholl-schule.eu\/index.php?rest_route=\/wp\/v2\/users\/1"}],"replies":[{"embeddable":true,"href":"https:\/\/sophie-scholl-schule.eu\/index.php?rest_route=%2Fwp%2Fv2%2Fcomments&post=6365"}],"version-history":[{"count":1,"href":"https:\/\/sophie-scholl-schule.eu\/index.php?rest_route=\/wp\/v2\/pages\/6365\/revisions"}],"predecessor-version":[{"id":6367,"href":"https:\/\/sophie-scholl-schule.eu\/index.php?rest_route=\/wp\/v2\/pages\/6365\/revisions\/6367"}],"wp:attachment":[{"href":"https:\/\/sophie-scholl-schule.eu\/index.php?rest_route=%2Fwp%2Fv2%2Fmedia&parent=6365"}],"curies":[{"name":"wp","href":"https:\/\/api.w.org\/{rel}","templated":true}]}}