{"id":6311,"date":"2024-11-24T20:35:49","date_gmt":"2024-11-24T20:35:49","guid":{"rendered":"https:\/\/sophie-scholl-schule.eu\/?page_id=6311"},"modified":"2024-11-24T20:37:52","modified_gmt":"2024-11-24T20:37:52","slug":"mathematik","status":"publish","type":"page","link":"https:\/\/sophie-scholl-schule.eu\/?page_id=6311","title":{"rendered":"Mathematik"},"content":{"rendered":"\n<h2 class=\"wp-block-heading\">Mathematik<\/h2>\n\n\n\n<figure class=\"wp-block-image aligncenter size-large is-resized\"><img loading=\"lazy\" decoding=\"async\" width=\"1030\" height=\"644\" src=\"https:\/\/sophie-scholl-schule.eu\/wp-content\/uploads\/2024\/11\/Mathe-1030x644.jpg\" alt=\"\" class=\"wp-image-6312\" style=\"width:500px\" srcset=\"https:\/\/sophie-scholl-schule.eu\/wp-content\/uploads\/2024\/11\/Mathe-1030x644.jpg 1030w, https:\/\/sophie-scholl-schule.eu\/wp-content\/uploads\/2024\/11\/Mathe-300x188.jpg 300w, https:\/\/sophie-scholl-schule.eu\/wp-content\/uploads\/2024\/11\/Mathe-768x480.jpg 768w, https:\/\/sophie-scholl-schule.eu\/wp-content\/uploads\/2024\/11\/Mathe-705x441.jpg 705w, https:\/\/sophie-scholl-schule.eu\/wp-content\/uploads\/2024\/11\/Mathe.jpg 1191w\" sizes=\"auto, (max-width: 1030px) 100vw, 1030px\" \/><\/figure>\n\n\n\n<p>Der Fachbereich Mathematik bietet eine facettenreiche Lernumgebung, die auf die Bed\u00fcrfnisse aller Sch\u00fclerinnen und Sch\u00fcler abgestimmt ist. Mit unserem engagierten Lehrerteam f\u00f6rdern wir sowohl mathematische Grundkompetenzen als auch individuelle Talente und Interessen.<\/p>\n\n\n\n<p>Ab dem 2. Halbjahr in Klasse 7 wird der Mathematikunterricht in zwei Niveaustufen organisiert, um eine optimale F\u00f6rderung sicherzustellen. Ein Wechsel zwischen den Niveaustufen ist dabei zu jedem Halbjahr m\u00f6glich, sodass jede Sch\u00fclerin und jeder Sch\u00fcler entsprechend ihrer oder seiner Leistungsentwicklung unterst\u00fctzt werden kann. Zus\u00e4tzlich gibt es Vertiefungsstunden (Klasse 7\/8) und Sch\u00fclerarbeitsstunden (Klasse 9\/10), in denen Grundlagen wiederholt und Pr\u00fcfungen vorbereitet werden k\u00f6nnen. In der Oberstufe bereiten wir in Grund- und Leistungskursen gezielt auf das Abitur vor.<\/p>\n\n\n\n<p>Besonders talentierte Sch\u00fclerinnen und Sch\u00fcler haben die M\u00f6glichkeit, an Wettbewerben wie dem K\u00e4nguru-Wettbewerb oder dem Bundeswettbewerb Mathematik teilzunehmen, bei denen unsere Schule regelm\u00e4\u00dfig beachtliche Erfolge erzielt.<\/p>\n\n\n\n<p>Die digitale Ausstattung spielt eine zentrale Rolle: Interaktive Tafeln, dynamische Geometriesoftware und Tabellenkalkulationsprogramme machen unseren Unterricht anschaulich und praxisorientiert. Der verantwortungsvolle Einsatz des Taschenrechners wird ab Klasse 7 ge\u00fcbt, wobei Kopfrechenfertigkeiten weiterhin gezielt trainiert werden.<\/p>\n\n\n\n<p>Unser schulinternes Curriculum wird j\u00e4hrlich evaluiert und aktualisiert, sodass die Inhalte den neuesten didaktischen Standards entsprechen.<\/p>\n\n\n\n<p>Der Fachbereich Mathematik steht f\u00fcr Innovation, F\u00f6rderung und die Freude am Lernen \u2013 ein Ort, an dem Zahlen lebendig werden!<\/p>\n","protected":false},"excerpt":{"rendered":"<p>Mathematik Der Fachbereich Mathematik bietet eine facettenreiche Lernumgebung, die auf die Bed\u00fcrfnisse aller Sch\u00fclerinnen und Sch\u00fcler abgestimmt ist. Mit unserem engagierten Lehrerteam f\u00f6rdern wir sowohl mathematische Grundkompetenzen als auch individuelle Talente und Interessen. Ab dem 2. Halbjahr in Klasse 7 wird der Mathematikunterricht in zwei Niveaustufen organisiert, um eine optimale F\u00f6rderung sicherzustellen. Ein Wechsel zwischen [&hellip;]<\/p>\n","protected":false},"author":1,"featured_media":0,"parent":3966,"menu_order":0,"comment_status":"closed","ping_status":"closed","template":"","meta":{"footnotes":""},"class_list":["post-6311","page","type-page","status-publish","hentry"],"_links":{"self":[{"href":"https:\/\/sophie-scholl-schule.eu\/index.php?rest_route=\/wp\/v2\/pages\/6311","targetHints":{"allow":["GET"]}}],"collection":[{"href":"https:\/\/sophie-scholl-schule.eu\/index.php?rest_route=\/wp\/v2\/pages"}],"about":[{"href":"https:\/\/sophie-scholl-schule.eu\/index.php?rest_route=\/wp\/v2\/types\/page"}],"author":[{"embeddable":true,"href":"https:\/\/sophie-scholl-schule.eu\/index.php?rest_route=\/wp\/v2\/users\/1"}],"replies":[{"embeddable":true,"href":"https:\/\/sophie-scholl-schule.eu\/index.php?rest_route=%2Fwp%2Fv2%2Fcomments&post=6311"}],"version-history":[{"count":2,"href":"https:\/\/sophie-scholl-schule.eu\/index.php?rest_route=\/wp\/v2\/pages\/6311\/revisions"}],"predecessor-version":[{"id":6318,"href":"https:\/\/sophie-scholl-schule.eu\/index.php?rest_route=\/wp\/v2\/pages\/6311\/revisions\/6318"}],"up":[{"embeddable":true,"href":"https:\/\/sophie-scholl-schule.eu\/index.php?rest_route=\/wp\/v2\/pages\/3966"}],"wp:attachment":[{"href":"https:\/\/sophie-scholl-schule.eu\/index.php?rest_route=%2Fwp%2Fv2%2Fmedia&parent=6311"}],"curies":[{"name":"wp","href":"https:\/\/api.w.org\/{rel}","templated":true}]}}