{"id":6228,"date":"2024-11-12T14:16:15","date_gmt":"2024-11-12T14:16:15","guid":{"rendered":"https:\/\/sophie-scholl-schule.eu\/?page_id=6228"},"modified":"2026-01-23T13:53:07","modified_gmt":"2026-01-23T13:53:07","slug":"naturwissenschaften","status":"publish","type":"page","link":"https:\/\/sophie-scholl-schule.eu\/?page_id=6228","title":{"rendered":"Naturwissenschaften"},"content":{"rendered":"<section  class='av_textblock_section av-m3eje7bc-e43bf0b0e70c6eb22c2761286ae7b6e4 '   itemscope=\"itemscope\" itemtype=\"https:\/\/schema.org\/CreativeWork\" ><div class='avia_textblock'  itemprop=\"text\" ><p>Die drei naturwissenschaftlichen F\u00e4cher arbeiten nach gleichen Grunds\u00e4tzen und unter \u00e4hnlichen Bedingungen:<\/p>\n<ul>\n<li><strong>Methodische Vielfalt<\/strong> und <strong>Handlungsorientierung<\/strong> (Experimente, Untersuchungen, Modelle) sind uns wichtige Anliegen<\/li>\n<li>Der Unterricht wird in speziell ausgestatteten <strong>Fachr\u00e4umen<\/strong> abgehalten.<\/li>\n<li><strong>Teilungsgruppen\u00a0<\/strong> f\u00fcr kleinere Gruppengr\u00f6\u00dfen f\u00f6rdern das selbst\u00e4ndige Arbeiten und die individuelle Betreuung.<\/li>\n<li>Durch die \u00a0<strong>\u00e4u\u00dfere Differenzierung<\/strong> erreichen wir eine intensive F\u00f6rderung auch leistungsschw\u00e4cherer Sch\u00fclerInnen.<\/li>\n<li>Durch die \u00fcberaus <strong>gute Ausstattung<\/strong> unserer Sammlungen und die in allen R\u00e4umen installierte <strong>moderne Unterrichtstechnik<\/strong> ist ein zeitgem\u00e4\u00dfer und methodisch &#8211; medial vielseitiger Unterricht m\u00f6glich.<\/li>\n<\/ul>\n<\/div><\/section>\n<div  class='flex_column av-5imjxg-1ce4214b3d43f3729da7f10a082bb1ac av_one_third  avia-builder-el-1  el_after_av_textblock  el_before_av_one_third  first flex_column_div  column-top-margin'     ><p>\n<style type=\"text\/css\" data-created_by=\"avia_inline_auto\" id=\"style-css-av-m3ejcaz7-11dad75363977e092a35fc1d5b2cbce7\">\n.avia-image-container.av-m3ejcaz7-11dad75363977e092a35fc1d5b2cbce7 img.avia_image{\nbox-shadow:none;\n}\n.avia-image-container.av-m3ejcaz7-11dad75363977e092a35fc1d5b2cbce7 .av-image-caption-overlay-center{\ncolor:#ffffff;\n}\n<\/style>\n<div  class='avia-image-container av-m3ejcaz7-11dad75363977e092a35fc1d5b2cbce7 av-styling-circle av-img-linked avia-align-center  avia-builder-el-2  el_before_av_heading  avia-builder-el-first '   itemprop=\"image\" itemscope=\"itemscope\" itemtype=\"https:\/\/schema.org\/ImageObject\" ><div class=\"avia-image-container-inner\"><div class=\"avia-image-overlay-wrap\"><a href=\"https:\/\/sophie-scholl-schule.eu\/?page_id=7033\" class='avia_image '  aria-label='Biologie2'><img decoding=\"async\" fetchpriority=\"high\" class='wp-image-6230 avia-img-lazy-loading-not-6230 avia_image ' src=\"https:\/\/sophie-scholl-schule.eu\/wp-content\/uploads\/2024\/11\/Biologie2.png\" alt='' title='Biologie2'  height=\"665\" width=\"665\"  itemprop=\"thumbnailUrl\" srcset=\"https:\/\/sophie-scholl-schule.eu\/wp-content\/uploads\/2024\/11\/Biologie2.png 665w, https:\/\/sophie-scholl-schule.eu\/wp-content\/uploads\/2024\/11\/Biologie2-300x300.png 300w, https:\/\/sophie-scholl-schule.eu\/wp-content\/uploads\/2024\/11\/Biologie2-80x80.png 80w, https:\/\/sophie-scholl-schule.eu\/wp-content\/uploads\/2024\/11\/Biologie2-36x36.png 36w, https:\/\/sophie-scholl-schule.eu\/wp-content\/uploads\/2024\/11\/Biologie2-180x180.png 180w\" sizes=\"(max-width: 665px) 100vw, 665px\" \/><\/a><\/div><\/div><\/div><br \/>\n\n<style type=\"text\/css\" data-created_by=\"avia_inline_auto\" id=\"style-css-av-m3ejeu09-4dfc07b061380ef9435438ab6bf0a7c1\">\n#top .av-special-heading.av-m3ejeu09-4dfc07b061380ef9435438ab6bf0a7c1{\npadding-bottom:10px;\n}\nbody .av-special-heading.av-m3ejeu09-4dfc07b061380ef9435438ab6bf0a7c1 .av-special-heading-tag .heading-char{\nfont-size:25px;\n}\n.av-special-heading.av-m3ejeu09-4dfc07b061380ef9435438ab6bf0a7c1 .av-subheading{\nfont-size:15px;\n}\n<\/style>\n<div  class='av-special-heading av-m3ejeu09-4dfc07b061380ef9435438ab6bf0a7c1 av-special-heading-h3 blockquote modern-quote modern-centered  avia-builder-el-3  el_after_av_image  avia-builder-el-last  av-linked-heading'><h3 class='av-special-heading-tag '  itemprop=\"headline\"  ><a class=\"av-heading-link\" href=\"https:\/\/sophie-scholl-schule.eu\/?page_id=7033\" >Biologie<\/a><\/h3><div class=\"special-heading-border\"><div class=\"special-heading-inner-border\"><\/div><\/div><\/div><\/p><\/div><div  class='flex_column av-4gvo6c-7635d126fe8c4724e6f1ea16f73f2004 av_one_third  avia-builder-el-4  el_after_av_one_third  el_before_av_one_third  flex_column_div  column-top-margin'     ><p>\n<style type=\"text\/css\" data-created_by=\"avia_inline_auto\" id=\"style-css-av-m3ejgmp4-ac853ba82fd160d48341a5d76f5d653e\">\n.avia-image-container.av-m3ejgmp4-ac853ba82fd160d48341a5d76f5d653e img.avia_image{\nbox-shadow:none;\n}\n.avia-image-container.av-m3ejgmp4-ac853ba82fd160d48341a5d76f5d653e .av-image-caption-overlay-center{\ncolor:#ffffff;\n}\n<\/style>\n<div  class='avia-image-container av-m3ejgmp4-ac853ba82fd160d48341a5d76f5d653e av-styling-circle av-img-linked avia-align-center  avia-builder-el-5  el_before_av_heading  avia-builder-el-first '   itemprop=\"image\" itemscope=\"itemscope\" itemtype=\"https:\/\/schema.org\/ImageObject\" ><div class=\"avia-image-container-inner\"><div class=\"avia-image-overlay-wrap\"><a href=\"https:\/\/sophie-scholl-schule.eu\/?page_id=7013\" class='avia_image '  aria-label='Chemie2'><img decoding=\"async\" fetchpriority=\"high\" class='wp-image-6237 avia-img-lazy-loading-not-6237 avia_image ' src=\"https:\/\/sophie-scholl-schule.eu\/wp-content\/uploads\/2024\/11\/Chemie2.png\" alt='' title='Chemie2'  height=\"589\" width=\"589\"  itemprop=\"thumbnailUrl\" srcset=\"https:\/\/sophie-scholl-schule.eu\/wp-content\/uploads\/2024\/11\/Chemie2.png 589w, https:\/\/sophie-scholl-schule.eu\/wp-content\/uploads\/2024\/11\/Chemie2-300x300.png 300w, https:\/\/sophie-scholl-schule.eu\/wp-content\/uploads\/2024\/11\/Chemie2-80x80.png 80w, https:\/\/sophie-scholl-schule.eu\/wp-content\/uploads\/2024\/11\/Chemie2-36x36.png 36w, https:\/\/sophie-scholl-schule.eu\/wp-content\/uploads\/2024\/11\/Chemie2-180x180.png 180w\" sizes=\"(max-width: 589px) 100vw, 589px\" \/><\/a><\/div><\/div><\/div><br \/>\n\n<style type=\"text\/css\" data-created_by=\"avia_inline_auto\" id=\"style-css-av-m3ejgbr5-5ce5d7600dcf4de03546030542b58902\">\n#top .av-special-heading.av-m3ejgbr5-5ce5d7600dcf4de03546030542b58902{\npadding-bottom:10px;\n}\nbody .av-special-heading.av-m3ejgbr5-5ce5d7600dcf4de03546030542b58902 .av-special-heading-tag .heading-char{\nfont-size:25px;\n}\n.av-special-heading.av-m3ejgbr5-5ce5d7600dcf4de03546030542b58902 .av-subheading{\nfont-size:15px;\n}\n<\/style>\n<div  class='av-special-heading av-m3ejgbr5-5ce5d7600dcf4de03546030542b58902 av-special-heading-h3 blockquote modern-quote modern-centered  avia-builder-el-6  el_after_av_image  avia-builder-el-last  av-linked-heading'><h3 class='av-special-heading-tag '  itemprop=\"headline\"  ><a class=\"av-heading-link\" href=\"https:\/\/sophie-scholl-schule.eu\/?page_id=7013\" >Chemie<\/a><\/h3><div class=\"special-heading-border\"><div class=\"special-heading-inner-border\"><\/div><\/div><\/div><\/p><\/div><div  class='flex_column av-36n5c4-3a9bcaa9ed8130b9e9f218bf47ed8fe6 av_one_third  avia-builder-el-7  el_after_av_one_third  avia-builder-el-last  flex_column_div  column-top-margin'     ><p>\n<style type=\"text\/css\" data-created_by=\"avia_inline_auto\" id=\"style-css-av-m3ejgt7c-e2659fb99780433f9eb1bd176bb79f9f\">\n.avia-image-container.av-m3ejgt7c-e2659fb99780433f9eb1bd176bb79f9f img.avia_image{\nbox-shadow:none;\n}\n.avia-image-container.av-m3ejgt7c-e2659fb99780433f9eb1bd176bb79f9f .av-image-caption-overlay-center{\ncolor:#ffffff;\n}\n<\/style>\n<div  class='avia-image-container av-m3ejgt7c-e2659fb99780433f9eb1bd176bb79f9f av-styling-circle av-img-linked avia-align-center  avia-builder-el-8  el_before_av_heading  avia-builder-el-first '   itemprop=\"image\" itemscope=\"itemscope\" itemtype=\"https:\/\/schema.org\/ImageObject\" ><div class=\"avia-image-container-inner\"><div class=\"avia-image-overlay-wrap\"><a href=\"https:\/\/sophie-scholl-schule.eu\/?page_id=6255\" class='avia_image '  aria-label='Physik 2'><img decoding=\"async\" fetchpriority=\"high\" class='wp-image-6238 avia-img-lazy-loading-not-6238 avia_image ' src=\"https:\/\/sophie-scholl-schule.eu\/wp-content\/uploads\/2024\/11\/Physik-2.png\" alt='' title='Physik 2'  height=\"379\" width=\"379\"  itemprop=\"thumbnailUrl\" srcset=\"https:\/\/sophie-scholl-schule.eu\/wp-content\/uploads\/2024\/11\/Physik-2.png 379w, https:\/\/sophie-scholl-schule.eu\/wp-content\/uploads\/2024\/11\/Physik-2-300x300.png 300w, https:\/\/sophie-scholl-schule.eu\/wp-content\/uploads\/2024\/11\/Physik-2-80x80.png 80w, https:\/\/sophie-scholl-schule.eu\/wp-content\/uploads\/2024\/11\/Physik-2-36x36.png 36w, https:\/\/sophie-scholl-schule.eu\/wp-content\/uploads\/2024\/11\/Physik-2-180x180.png 180w\" sizes=\"(max-width: 379px) 100vw, 379px\" \/><\/a><\/div><\/div><\/div><br \/>\n\n<style type=\"text\/css\" data-created_by=\"avia_inline_auto\" id=\"style-css-av-m3ejgf7k-ab0a6255e73cecf2f3c1131f0ca09270\">\n#top .av-special-heading.av-m3ejgf7k-ab0a6255e73cecf2f3c1131f0ca09270{\npadding-bottom:10px;\n}\nbody .av-special-heading.av-m3ejgf7k-ab0a6255e73cecf2f3c1131f0ca09270 .av-special-heading-tag .heading-char{\nfont-size:25px;\n}\n.av-special-heading.av-m3ejgf7k-ab0a6255e73cecf2f3c1131f0ca09270 .av-subheading{\nfont-size:15px;\n}\n<\/style>\n<div  class='av-special-heading av-m3ejgf7k-ab0a6255e73cecf2f3c1131f0ca09270 av-special-heading-h3 blockquote modern-quote modern-centered  avia-builder-el-9  el_after_av_image  avia-builder-el-last  av-linked-heading'><h3 class='av-special-heading-tag '  itemprop=\"headline\"  ><a class=\"av-heading-link\" href=\"https:\/\/sophie-scholl-schule.eu\/?page_id=6255\" >Physik<\/a><\/h3><div class=\"special-heading-border\"><div class=\"special-heading-inner-border\"><\/div><\/div><\/div><\/p><\/div><\/p>\n","protected":false},"excerpt":{"rendered":"","protected":false},"author":1,"featured_media":0,"parent":3966,"menu_order":0,"comment_status":"closed","ping_status":"closed","template":"","meta":{"footnotes":""},"class_list":["post-6228","page","type-page","status-publish","hentry"],"_links":{"self":[{"href":"https:\/\/sophie-scholl-schule.eu\/index.php?rest_route=\/wp\/v2\/pages\/6228","targetHints":{"allow":["GET"]}}],"collection":[{"href":"https:\/\/sophie-scholl-schule.eu\/index.php?rest_route=\/wp\/v2\/pages"}],"about":[{"href":"https:\/\/sophie-scholl-schule.eu\/index.php?rest_route=\/wp\/v2\/types\/page"}],"author":[{"embeddable":true,"href":"https:\/\/sophie-scholl-schule.eu\/index.php?rest_route=\/wp\/v2\/users\/1"}],"replies":[{"embeddable":true,"href":"https:\/\/sophie-scholl-schule.eu\/index.php?rest_route=%2Fwp%2Fv2%2Fcomments&post=6228"}],"version-history":[{"count":8,"href":"https:\/\/sophie-scholl-schule.eu\/index.php?rest_route=\/wp\/v2\/pages\/6228\/revisions"}],"predecessor-version":[{"id":7044,"href":"https:\/\/sophie-scholl-schule.eu\/index.php?rest_route=\/wp\/v2\/pages\/6228\/revisions\/7044"}],"up":[{"embeddable":true,"href":"https:\/\/sophie-scholl-schule.eu\/index.php?rest_route=\/wp\/v2\/pages\/3966"}],"wp:attachment":[{"href":"https:\/\/sophie-scholl-schule.eu\/index.php?rest_route=%2Fwp%2Fv2%2Fmedia&parent=6228"}],"curies":[{"name":"wp","href":"https:\/\/api.w.org\/{rel}","templated":true}]}}