{"id":4449,"date":"2024-10-31T12:42:41","date_gmt":"2024-10-31T12:42:41","guid":{"rendered":"https:\/\/sophie-scholl-schule.eu\/?page_id=4449"},"modified":"2025-01-12T20:41:35","modified_gmt":"2025-01-12T20:41:35","slug":"musik-in-der-oberstufe","status":"publish","type":"page","link":"https:\/\/sophie-scholl-schule.eu\/?page_id=4449","title":{"rendered":"Musik in der Oberstufe"},"content":{"rendered":"\n<h2 class=\"wp-block-heading\">Musik in der Oberstufe<\/h2>\n\n\n\n<p><strong>Ensembles und AGs:<\/strong><\/p>\n\n\n\n<p>Alle Ensembles stehen den Oberstufensch\u00fclern offen und k\u00f6nnen weiter oder neu besucht werden.<\/p>\n\n\n\n<p><strong>Einf\u00fchrungsphase (11. Klasse)<\/strong><\/p>\n\n\n\n<p>In der Regel werden 1-2 Basiskurse Musik eingerichtet (2 Stunden)<\/p>\n\n\n\n<p>Zus\u00e4tzlich wird h\u00e4ufig &#8211; je nach M\u00f6glichkeit &#8211; ein Wahlpflichtkurs Musik eingerichtet (2 Stunden)<\/p>\n\n\n\n<p><strong>Qualifikationsphase (12. und 13. Klasse)<\/strong><\/p>\n\n\n\n<p>1-2 Grundkurse Musik (3 Stunden)<\/p>\n\n\n\n<p>1 eigenst\u00e4ndiger Leistungskurs Musik (5 Stunden)<\/p>\n\n\n\n<p><strong>Ensemblekurse in der Qualifikationsphase<\/strong><\/p>\n\n\n\n<p>Musical (3 Stunden) &#8211; 12. Jahrgang<\/p>\n\n\n\n<p>Orchester (3 Stunden) &#8211; 12. Jahrgang<\/p>\n\n\n\n<p><\/p>\n","protected":false},"excerpt":{"rendered":"<p>Musik in der Oberstufe Ensembles und AGs: Alle Ensembles stehen den Oberstufensch\u00fclern offen und k\u00f6nnen weiter oder neu besucht werden. Einf\u00fchrungsphase (11. Klasse) In der Regel werden 1-2 Basiskurse Musik eingerichtet (2 Stunden) Zus\u00e4tzlich wird h\u00e4ufig &#8211; je nach M\u00f6glichkeit &#8211; ein Wahlpflichtkurs Musik eingerichtet (2 Stunden) Qualifikationsphase (12. und 13. Klasse) 1-2 Grundkurse Musik [&hellip;]<\/p>\n","protected":false},"author":5,"featured_media":0,"parent":21,"menu_order":0,"comment_status":"closed","ping_status":"closed","template":"","meta":{"footnotes":""},"class_list":["post-4449","page","type-page","status-publish","hentry"],"_links":{"self":[{"href":"https:\/\/sophie-scholl-schule.eu\/index.php?rest_route=\/wp\/v2\/pages\/4449","targetHints":{"allow":["GET"]}}],"collection":[{"href":"https:\/\/sophie-scholl-schule.eu\/index.php?rest_route=\/wp\/v2\/pages"}],"about":[{"href":"https:\/\/sophie-scholl-schule.eu\/index.php?rest_route=\/wp\/v2\/types\/page"}],"author":[{"embeddable":true,"href":"https:\/\/sophie-scholl-schule.eu\/index.php?rest_route=\/wp\/v2\/users\/5"}],"replies":[{"embeddable":true,"href":"https:\/\/sophie-scholl-schule.eu\/index.php?rest_route=%2Fwp%2Fv2%2Fcomments&post=4449"}],"version-history":[{"count":2,"href":"https:\/\/sophie-scholl-schule.eu\/index.php?rest_route=\/wp\/v2\/pages\/4449\/revisions"}],"predecessor-version":[{"id":6432,"href":"https:\/\/sophie-scholl-schule.eu\/index.php?rest_route=\/wp\/v2\/pages\/4449\/revisions\/6432"}],"up":[{"embeddable":true,"href":"https:\/\/sophie-scholl-schule.eu\/index.php?rest_route=\/wp\/v2\/pages\/21"}],"wp:attachment":[{"href":"https:\/\/sophie-scholl-schule.eu\/index.php?rest_route=%2Fwp%2Fv2%2Fmedia&parent=4449"}],"curies":[{"name":"wp","href":"https:\/\/api.w.org\/{rel}","templated":true}]}}