{"id":4016,"date":"2024-10-27T17:05:43","date_gmt":"2024-10-27T17:05:43","guid":{"rendered":"https:\/\/sophie-scholl-schule.eu\/?page_id=4016"},"modified":"2024-10-27T17:05:44","modified_gmt":"2024-10-27T17:05:44","slug":"streitschlichterinnen","status":"publish","type":"page","link":"https:\/\/sophie-scholl-schule.eu\/?page_id=4016","title":{"rendered":"Streitschlichter:innen"},"content":{"rendered":"\n<h2 class=\"wp-block-heading\"><strong><strong>Die Streitschlichter:innen-Ausbildung<\/strong><\/strong><\/h2>\n\n\n\n<figure class=\"wp-block-image alignright size-full is-resized\"><img loading=\"lazy\" decoding=\"async\" width=\"490\" height=\"390\" src=\"https:\/\/sophie-scholl-schule.eu\/wp-content\/uploads\/2024\/10\/Streitschlichterinnen.png\" alt=\"\" class=\"wp-image-4017\" style=\"width:500px\" srcset=\"https:\/\/sophie-scholl-schule.eu\/wp-content\/uploads\/2024\/10\/Streitschlichterinnen.png 490w, https:\/\/sophie-scholl-schule.eu\/wp-content\/uploads\/2024\/10\/Streitschlichterinnen-300x239.png 300w\" sizes=\"auto, (max-width: 490px) 100vw, 490px\" \/><\/figure>\n\n\n\n<p>Wir bilden seit den 1990er Jahren an der Sophie-Scholl-Schule interessierte Sch\u00fcler:innen zu Streitschlichter:innen\u00a0aus.<\/p>\n\n\n\n<p>Jedes Schuljahr durchlaufen&nbsp;ca.&nbsp;12&nbsp;ausgew\u00e4hlte Sch\u00fcler:innen&nbsp;des 7. Jahrgangs unser Training. Die Ausbildung findet an&nbsp;acht&nbsp;Samstagen im Schuljahr&nbsp;statt.&nbsp;<\/p>\n\n\n\n<p>Auf alle Jahrg\u00e4nge verteilt gibt es&nbsp;laufend ca 30-40&nbsp;aktive&nbsp;Streitschlichter:innen&nbsp;an der Sophie-Scholl-Schule, die mit ihrem Wissen \u00fcber Streit und mit ihren Konfliktl\u00f6sungsstrategien f\u00fcr ein friedvolles Miteinander im Schulalltag sorgen.<\/p>\n\n\n\n<p>Auch wenn es zu heftigeren Auseinandersetzungen kommt, sind die Streitschlichter:innen&nbsp;Ansprechpartner:innen.<\/p>\n\n\n\n<p>Wenn es einen Konflikt in einer Klasse oder klassen\u00fcbergreifend gibt und dieser sich von alleine nicht regeln l\u00e4sst, k\u00f6nnen die beteiligten Sch\u00fcler*innen gerne eine Schlichtung mit Streitschlichter*innen in Anspruch nehmen.&nbsp;Diese f\u00fchren die Schlichtung vertraulich und in gesch\u00fctztem Rahmen durch.<\/p>\n\n\n\n<p><strong>Inhalte der Ausbildung<\/strong>:<\/p>\n\n\n\n<ul class=\"wp-block-list\">\n<li>Konfliktdefinition<\/li>\n\n\n\n<li>die eigene Haltung in der Schlichtung und im Schulalltag<\/li>\n\n\n\n<li>Phasen einer Schlichtung<\/li>\n\n\n\n<li>Methoden wie z.B. aktives Zuh\u00f6ren, Spiegeln, Zusammenfassen, offene Fragen stellen, Brainstorming<\/li>\n<\/ul>\n\n\n\n<p><\/p>\n","protected":false},"excerpt":{"rendered":"<p>Die Streitschlichter:innen-Ausbildung Wir bilden seit den 1990er Jahren an der Sophie-Scholl-Schule interessierte Sch\u00fcler:innen zu Streitschlichter:innen\u00a0aus. Jedes Schuljahr durchlaufen&nbsp;ca.&nbsp;12&nbsp;ausgew\u00e4hlte Sch\u00fcler:innen&nbsp;des 7. Jahrgangs unser Training. Die Ausbildung findet an&nbsp;acht&nbsp;Samstagen im Schuljahr&nbsp;statt.&nbsp; Auf alle Jahrg\u00e4nge verteilt gibt es&nbsp;laufend ca 30-40&nbsp;aktive&nbsp;Streitschlichter:innen&nbsp;an der Sophie-Scholl-Schule, die mit ihrem Wissen \u00fcber Streit und mit ihren Konfliktl\u00f6sungsstrategien f\u00fcr ein friedvolles Miteinander im Schulalltag [&hellip;]<\/p>\n","protected":false},"author":1,"featured_media":0,"parent":4000,"menu_order":0,"comment_status":"closed","ping_status":"closed","template":"","meta":{"footnotes":""},"class_list":["post-4016","page","type-page","status-publish","hentry"],"_links":{"self":[{"href":"https:\/\/sophie-scholl-schule.eu\/index.php?rest_route=\/wp\/v2\/pages\/4016","targetHints":{"allow":["GET"]}}],"collection":[{"href":"https:\/\/sophie-scholl-schule.eu\/index.php?rest_route=\/wp\/v2\/pages"}],"about":[{"href":"https:\/\/sophie-scholl-schule.eu\/index.php?rest_route=\/wp\/v2\/types\/page"}],"author":[{"embeddable":true,"href":"https:\/\/sophie-scholl-schule.eu\/index.php?rest_route=\/wp\/v2\/users\/1"}],"replies":[{"embeddable":true,"href":"https:\/\/sophie-scholl-schule.eu\/index.php?rest_route=%2Fwp%2Fv2%2Fcomments&post=4016"}],"version-history":[{"count":1,"href":"https:\/\/sophie-scholl-schule.eu\/index.php?rest_route=\/wp\/v2\/pages\/4016\/revisions"}],"predecessor-version":[{"id":4018,"href":"https:\/\/sophie-scholl-schule.eu\/index.php?rest_route=\/wp\/v2\/pages\/4016\/revisions\/4018"}],"up":[{"embeddable":true,"href":"https:\/\/sophie-scholl-schule.eu\/index.php?rest_route=\/wp\/v2\/pages\/4000"}],"wp:attachment":[{"href":"https:\/\/sophie-scholl-schule.eu\/index.php?rest_route=%2Fwp%2Fv2%2Fmedia&parent=4016"}],"curies":[{"name":"wp","href":"https:\/\/api.w.org\/{rel}","templated":true}]}}