{"id":4013,"date":"2024-10-27T17:04:06","date_gmt":"2024-10-27T17:04:06","guid":{"rendered":"https:\/\/sophie-scholl-schule.eu\/?page_id=4013"},"modified":"2024-10-27T17:04:06","modified_gmt":"2024-10-27T17:04:06","slug":"jugend-debattiert","status":"publish","type":"page","link":"https:\/\/sophie-scholl-schule.eu\/?page_id=4013","title":{"rendered":"Jugend debattiert"},"content":{"rendered":"\n<h2 class=\"wp-block-heading\"><strong>Jugend debattiert<\/strong><\/h2>\n\n\n\n<figure class=\"wp-block-image alignright size-full is-resized\"><img loading=\"lazy\" decoding=\"async\" width=\"495\" height=\"406\" src=\"https:\/\/sophie-scholl-schule.eu\/wp-content\/uploads\/2024\/10\/JugendDebattiert.png\" alt=\"\" class=\"wp-image-4014\" style=\"width:500px\" srcset=\"https:\/\/sophie-scholl-schule.eu\/wp-content\/uploads\/2024\/10\/JugendDebattiert.png 495w, https:\/\/sophie-scholl-schule.eu\/wp-content\/uploads\/2024\/10\/JugendDebattiert-300x246.png 300w\" sizes=\"auto, (max-width: 495px) 100vw, 495px\" \/><\/figure>\n\n\n\n<p>Demokratie beginnt im Kleinen, bei jedem Einzelnen von uns. Denn wir alle haben Meinungen, die nicht immer mit denen anderer \u00fcbereinstimmen. Genau deswegen ben\u00f6tigen wir Debatten. Sie zeigen uns, wie wichtig es ist, Gegenstandpunkte anzuh\u00f6ren und auszuhalten. Jede*r muss lernen, die eigene Meinung so auszudr\u00fccken, dass sie andere verstehen und nachvollziehen k\u00f6nnen. \u201eJugend debattiert\u201c ermutigt Sch\u00fcler*innen, aufzustehen, Position zu beziehen, um das bessere Argument zu ringen und aktiv an unserer Demokratie teilzuhaben.<\/p>\n\n\n\n<p>\u201eJugend debattiert\u201c stattet die Sch\u00fcler*innen mit Schl\u00fcsselfertigkeiten aus, die sie innerhalb, aber auch au\u00dferhalb der Schule ben\u00f6tigen: Sie lernen zuzuh\u00f6ren, zu argumentieren, frei zu sprechen, zu recherchieren, zielgerichtet zu kommunizieren und konstruktiv zu streiten. Und Spa\u00df macht das Ganze auch! Das Format ist so gestaltet, dass jede*r zu Wort kommt, dass Meinungen hinterfragt werden und stets auch die Perspektive der Gegenseite eingenommen wird. Denn: Im Kern geht es nicht darum, die Gegenseite in Schlagfertigkeit zu \u00fcbertrumpfen, sondern Ziel der Debatte ist es, am Ende gemeinsam mehr \u00fcber das Thema verstanden zu haben. Die Debatte macht somit auch ihre Zuh\u00f6rer entscheidungsf\u00e4hig.<\/p>\n\n\n\n<p>Seit dem Schuljahr 2018\/19 richtet die Sophie-Scholl-Schule j\u00e4hrlich einen Schulwettbewerb aus, bei dem Sch\u00fcler*innen der Klassenstufen 8 \u2013 12 in zwei Altersgruppen teilnehmen. Die Schulsieger*innen qualifizieren sich f\u00fcr die n\u00e4chsth\u00f6here Wettbewerbsstufe, auf der mit den Schulsieger*innen anderer Berliner Schulen debattiert wird. Die Regionalsieger*innen gewinnen ein mehrt\u00e4giges Rhetorikseminar und k\u00f6nnen sich auf Landes- und Bundesebene weiter unter Beweis stellen. Dort winken weitere tolle Preise und Trainings.<\/p>\n\n\n\n<p>Streiten \u2013 Nachdenken \u2013 Sich entscheiden! All das ist Demokratie. Wir m\u00fcssen im Kleinen anfangen, um etwas Gro\u00dfes zu erreichen.<\/p>\n\n\n\n<p><em>\u201eJugend debattiert\u201c steht unter der Schirmherrschaft des Bundespr\u00e4sidenten und in Kooperation mit den Kultusministerien, der Kultusministerkonferenz und den Parlamenten der L\u00e4nder.<\/em><\/p>\n\n\n\n<p><\/p>\n","protected":false},"excerpt":{"rendered":"<p>Jugend debattiert Demokratie beginnt im Kleinen, bei jedem Einzelnen von uns. Denn wir alle haben Meinungen, die nicht immer mit denen anderer \u00fcbereinstimmen. Genau deswegen ben\u00f6tigen wir Debatten. Sie zeigen uns, wie wichtig es ist, Gegenstandpunkte anzuh\u00f6ren und auszuhalten. Jede*r muss lernen, die eigene Meinung so auszudr\u00fccken, dass sie andere verstehen und nachvollziehen k\u00f6nnen. \u201eJugend [&hellip;]<\/p>\n","protected":false},"author":1,"featured_media":0,"parent":4000,"menu_order":0,"comment_status":"closed","ping_status":"closed","template":"","meta":{"footnotes":""},"class_list":["post-4013","page","type-page","status-publish","hentry"],"_links":{"self":[{"href":"https:\/\/sophie-scholl-schule.eu\/index.php?rest_route=\/wp\/v2\/pages\/4013","targetHints":{"allow":["GET"]}}],"collection":[{"href":"https:\/\/sophie-scholl-schule.eu\/index.php?rest_route=\/wp\/v2\/pages"}],"about":[{"href":"https:\/\/sophie-scholl-schule.eu\/index.php?rest_route=\/wp\/v2\/types\/page"}],"author":[{"embeddable":true,"href":"https:\/\/sophie-scholl-schule.eu\/index.php?rest_route=\/wp\/v2\/users\/1"}],"replies":[{"embeddable":true,"href":"https:\/\/sophie-scholl-schule.eu\/index.php?rest_route=%2Fwp%2Fv2%2Fcomments&post=4013"}],"version-history":[{"count":1,"href":"https:\/\/sophie-scholl-schule.eu\/index.php?rest_route=\/wp\/v2\/pages\/4013\/revisions"}],"predecessor-version":[{"id":4015,"href":"https:\/\/sophie-scholl-schule.eu\/index.php?rest_route=\/wp\/v2\/pages\/4013\/revisions\/4015"}],"up":[{"embeddable":true,"href":"https:\/\/sophie-scholl-schule.eu\/index.php?rest_route=\/wp\/v2\/pages\/4000"}],"wp:attachment":[{"href":"https:\/\/sophie-scholl-schule.eu\/index.php?rest_route=%2Fwp%2Fv2%2Fmedia&parent=4013"}],"curies":[{"name":"wp","href":"https:\/\/api.w.org\/{rel}","templated":true}]}}