{"id":4006,"date":"2024-10-27T17:00:03","date_gmt":"2024-10-27T17:00:03","guid":{"rendered":"https:\/\/sophie-scholl-schule.eu\/?page_id=4006"},"modified":"2024-10-27T17:07:16","modified_gmt":"2024-10-27T17:07:16","slug":"schollis-schulen-schollis","status":"publish","type":"page","link":"https:\/\/sophie-scholl-schule.eu\/?page_id=4006","title":{"rendered":"Schollis schulen Schollis"},"content":{"rendered":"\n<h2 class=\"wp-block-heading\">Schollis schulen Schollis<\/h2>\n\n\n\n<p class=\"has-text-align-center\">Sch\u00fclerinnen und Sch\u00fcler der Klassenstufe 12<\/p>\n\n\n\n<p class=\"has-text-align-center\">schulen in einer Projektwoche<\/p>\n\n\n\n<p class=\"has-text-align-center\">Sch\u00fclerinnen und Sch\u00fcler der Jahrgangsstufen 7 bis 10.<\/p>\n\n\n\n<figure class=\"wp-block-image size-full\"><img loading=\"lazy\" decoding=\"async\" width=\"758\" height=\"190\" src=\"https:\/\/sophie-scholl-schule.eu\/wp-content\/uploads\/2024\/10\/Schollis.jpg\" alt=\"\" class=\"wp-image-4007\" srcset=\"https:\/\/sophie-scholl-schule.eu\/wp-content\/uploads\/2024\/10\/Schollis.jpg 758w, https:\/\/sophie-scholl-schule.eu\/wp-content\/uploads\/2024\/10\/Schollis-300x75.jpg 300w, https:\/\/sophie-scholl-schule.eu\/wp-content\/uploads\/2024\/10\/Schollis-705x177.jpg 705w\" sizes=\"auto, (max-width: 758px) 100vw, 758px\" \/><\/figure>\n\n\n\n<p>Die Jahrg\u00e4nge mischen sich, Neues soll ausprobiert werden und die Projekttage bieten eine M\u00f6glichkeit, sich als Workshop-Leiterin bzw. Workshop-Leiter (der Klassenstufe 12) oder als Teilnehmerin bzw. Teilnehmer (der Klassenstufen 7 bis 10) auszuprobieren. Es k\u00f6nnen je nach Schwerpunkt im jeweiligen Schuljahr Themen zu Vielfalt, Toleranz und Demokratie, Kultur etc. angeboten werden. Darin k\u00f6nnen k\u00fcnstlerische, kreative, poetische, musikalische oder auch zeitkritische sowie zukunftsorientierte Schwerpunkte eine Rolle spielen.<\/p>\n\n\n\n<p>Ansprechperson: Frau Bogensch\u00fctz<\/p>\n","protected":false},"excerpt":{"rendered":"<p>Schollis schulen Schollis Sch\u00fclerinnen und Sch\u00fcler der Klassenstufe 12 schulen in einer Projektwoche Sch\u00fclerinnen und Sch\u00fcler der Jahrgangsstufen 7 bis 10. Die Jahrg\u00e4nge mischen sich, Neues soll ausprobiert werden und die Projekttage bieten eine M\u00f6glichkeit, sich als Workshop-Leiterin bzw. Workshop-Leiter (der Klassenstufe 12) oder als Teilnehmerin bzw. Teilnehmer (der Klassenstufen 7 bis 10) auszuprobieren. Es [&hellip;]<\/p>\n","protected":false},"author":1,"featured_media":0,"parent":4000,"menu_order":0,"comment_status":"closed","ping_status":"closed","template":"","meta":{"footnotes":""},"class_list":["post-4006","page","type-page","status-publish","hentry"],"_links":{"self":[{"href":"https:\/\/sophie-scholl-schule.eu\/index.php?rest_route=\/wp\/v2\/pages\/4006","targetHints":{"allow":["GET"]}}],"collection":[{"href":"https:\/\/sophie-scholl-schule.eu\/index.php?rest_route=\/wp\/v2\/pages"}],"about":[{"href":"https:\/\/sophie-scholl-schule.eu\/index.php?rest_route=\/wp\/v2\/types\/page"}],"author":[{"embeddable":true,"href":"https:\/\/sophie-scholl-schule.eu\/index.php?rest_route=\/wp\/v2\/users\/1"}],"replies":[{"embeddable":true,"href":"https:\/\/sophie-scholl-schule.eu\/index.php?rest_route=%2Fwp%2Fv2%2Fcomments&post=4006"}],"version-history":[{"count":1,"href":"https:\/\/sophie-scholl-schule.eu\/index.php?rest_route=\/wp\/v2\/pages\/4006\/revisions"}],"predecessor-version":[{"id":4008,"href":"https:\/\/sophie-scholl-schule.eu\/index.php?rest_route=\/wp\/v2\/pages\/4006\/revisions\/4008"}],"up":[{"embeddable":true,"href":"https:\/\/sophie-scholl-schule.eu\/index.php?rest_route=\/wp\/v2\/pages\/4000"}],"wp:attachment":[{"href":"https:\/\/sophie-scholl-schule.eu\/index.php?rest_route=%2Fwp%2Fv2%2Fmedia&parent=4006"}],"curies":[{"name":"wp","href":"https:\/\/api.w.org\/{rel}","templated":true}]}}