{"id":4002,"date":"2024-10-27T16:58:20","date_gmt":"2024-10-27T16:58:20","guid":{"rendered":"https:\/\/sophie-scholl-schule.eu\/?page_id=4002"},"modified":"2025-12-01T16:21:18","modified_gmt":"2025-12-01T16:21:18","slug":"lernberatung","status":"publish","type":"page","link":"https:\/\/sophie-scholl-schule.eu\/?page_id=4002","title":{"rendered":"Lernberatung"},"content":{"rendered":"\n<h2 class=\"wp-block-heading\">Lernberatung<\/h2>\n\n\n\n<figure class=\"wp-block-image alignright size-large is-resized\"><img loading=\"lazy\" decoding=\"async\" width=\"1030\" height=\"762\" src=\"https:\/\/sophie-scholl-schule.eu\/wp-content\/uploads\/2024\/10\/Lernberatung-1030x762.jpg\" alt=\"\" class=\"wp-image-4004\" style=\"width:500px\" srcset=\"https:\/\/sophie-scholl-schule.eu\/wp-content\/uploads\/2024\/10\/Lernberatung-1030x762.jpg 1030w, https:\/\/sophie-scholl-schule.eu\/wp-content\/uploads\/2024\/10\/Lernberatung-300x222.jpg 300w, https:\/\/sophie-scholl-schule.eu\/wp-content\/uploads\/2024\/10\/Lernberatung-768x568.jpg 768w, https:\/\/sophie-scholl-schule.eu\/wp-content\/uploads\/2024\/10\/Lernberatung-1536x1136.jpg 1536w, https:\/\/sophie-scholl-schule.eu\/wp-content\/uploads\/2024\/10\/Lernberatung-1500x1109.jpg 1500w, https:\/\/sophie-scholl-schule.eu\/wp-content\/uploads\/2024\/10\/Lernberatung-705x521.jpg 705w, https:\/\/sophie-scholl-schule.eu\/wp-content\/uploads\/2024\/10\/Lernberatung.jpg 1658w\" sizes=\"auto, (max-width: 1030px) 100vw, 1030px\" \/><\/figure>\n\n\n\n<p>F\u00fcr alle Sch\u00fclerinnen und Sch\u00fcler mit Problemen, die sich auf die Schule auswirken, bietet Frau Wulff eine Beratung an. Zusammen erarbeiten wir einen individuellen L\u00f6sungsweg, der sich an den St\u00e4rken der zu beratenden Person orientiert.<\/p>\n\n\n\n<p>Anmelden kann man sich \u00fcber die Emailadresse (<a href=\"mailto:lernberatung@sophie-scholl-schule.eu\">lernberatung@sophie-scholl-schule.eu<\/a>) oder direkt bei Frau Wulff (<a href=\"mailto:wul@sophie-scholl-schule.eu\">wul@sophie-scholl-schule.eu<\/a> oder im Raum 404). Man kann aber auch die Klassenleitung oder jemanden aus dem sozialp\u00e4dagogischen Bereich ansprechen, die dann einen Kontakt herstellen.<\/p>\n\n\n\n<p>Der erste Termin ist dazu da, um sich gegenseitig kennenzulernen, um die Methode zu erl\u00e4utern und um zu entscheiden, ob man miteinander arbeiten m\u00f6chte. Die Zahl der Termine und der zeitliche Abstand zwischen den Terminen werden dann individuell ausgemacht.<\/p>\n\n\n\n<p>Die Beratung ist eine Kurzzeitberatung, die ratsuchende Person soll so schnell wie m\u00f6glich erfahren, dass ihr eigenes Handeln eine Probleml\u00f6sung herbeif\u00fchrt, um danach selbst\u00e4ndig weiterzuarbeiten (Hilfe zur Selbsthilfe).<\/p>\n\n\n\n<p><\/p>\n","protected":false},"excerpt":{"rendered":"<p>Lernberatung F\u00fcr alle Sch\u00fclerinnen und Sch\u00fcler mit Problemen, die sich auf die Schule auswirken, bietet Frau Wulff eine Beratung an. Zusammen erarbeiten wir einen individuellen L\u00f6sungsweg, der sich an den St\u00e4rken der zu beratenden Person orientiert. Anmelden kann man sich \u00fcber die Emailadresse (lernberatung@sophie-scholl-schule.eu) oder direkt bei Frau Wulff (wul@sophie-scholl-schule.eu oder im Raum 404). Man [&hellip;]<\/p>\n","protected":false},"author":1,"featured_media":0,"parent":4000,"menu_order":0,"comment_status":"closed","ping_status":"closed","template":"","meta":{"footnotes":""},"class_list":["post-4002","page","type-page","status-publish","hentry"],"_links":{"self":[{"href":"https:\/\/sophie-scholl-schule.eu\/index.php?rest_route=\/wp\/v2\/pages\/4002","targetHints":{"allow":["GET"]}}],"collection":[{"href":"https:\/\/sophie-scholl-schule.eu\/index.php?rest_route=\/wp\/v2\/pages"}],"about":[{"href":"https:\/\/sophie-scholl-schule.eu\/index.php?rest_route=\/wp\/v2\/types\/page"}],"author":[{"embeddable":true,"href":"https:\/\/sophie-scholl-schule.eu\/index.php?rest_route=\/wp\/v2\/users\/1"}],"replies":[{"embeddable":true,"href":"https:\/\/sophie-scholl-schule.eu\/index.php?rest_route=%2Fwp%2Fv2%2Fcomments&post=4002"}],"version-history":[{"count":3,"href":"https:\/\/sophie-scholl-schule.eu\/index.php?rest_route=\/wp\/v2\/pages\/4002\/revisions"}],"predecessor-version":[{"id":6944,"href":"https:\/\/sophie-scholl-schule.eu\/index.php?rest_route=\/wp\/v2\/pages\/4002\/revisions\/6944"}],"up":[{"embeddable":true,"href":"https:\/\/sophie-scholl-schule.eu\/index.php?rest_route=\/wp\/v2\/pages\/4000"}],"wp:attachment":[{"href":"https:\/\/sophie-scholl-schule.eu\/index.php?rest_route=%2Fwp%2Fv2%2Fmedia&parent=4002"}],"curies":[{"name":"wp","href":"https:\/\/api.w.org\/{rel}","templated":true}]}}