{"id":3988,"date":"2024-10-27T16:36:30","date_gmt":"2024-10-27T16:36:30","guid":{"rendered":"https:\/\/sophie-scholl-schule.eu\/?page_id=3988"},"modified":"2024-10-27T16:36:31","modified_gmt":"2024-10-27T16:36:31","slug":"latein","status":"publish","type":"page","link":"https:\/\/sophie-scholl-schule.eu\/?page_id=3988","title":{"rendered":"Latein"},"content":{"rendered":"\n<h2 class=\"wp-block-heading\"><strong>Latein lernen \u2013 eine Welt entdecken<\/strong><\/h2>\n\n\n\n<figure class=\"wp-block-image alignright size-full is-resized\"><img loading=\"lazy\" decoding=\"async\" width=\"594\" height=\"446\" src=\"https:\/\/sophie-scholl-schule.eu\/wp-content\/uploads\/2024\/10\/Latein.png\" alt=\"\" class=\"wp-image-3989\" style=\"width:500px\" srcset=\"https:\/\/sophie-scholl-schule.eu\/wp-content\/uploads\/2024\/10\/Latein.png 594w, https:\/\/sophie-scholl-schule.eu\/wp-content\/uploads\/2024\/10\/Latein-300x225.png 300w\" sizes=\"auto, (max-width: 594px) 100vw, 594px\" \/><\/figure>\n\n\n\n<p>Wenn du das Fach Latein w\u00e4hlst, dann tauchst du ein in eine andere Welt: die Welt der r\u00f6mischen Antike. Diese Welt ist versunken und doch war sie vor 2000 Jahren so lebendig wie unsere Welt heute. Wie die Menschen damals so gelebt haben? Was sie wohl gedacht und getan haben?<\/p>\n\n\n\n<p>Das alles kannst du im Lateinunterricht erforschen und entdecken. Manchmal wirst du begeistert sagen: \u201eH\u00e4tte ich blo\u00df damals schon gelebt!\u201c Manchmal wirst du aufatmen: \u201eWas f\u00fcr ein Gl\u00fcck, dass ich heute lebe!\u201c<\/p>\n\n\n\n<p>Im Lateinunterricht begegnen dir nicht nur Menschen der damaligen Zeit, sondern auch Helden und G\u00f6tter der Sagenwelt. Ihre Geschichten sind spannend und erz\u00e4hlen von Gegebenheiten, die uns bis heute besch\u00e4ftigen. So erf\u00e4hrst du zum Beispiel im Lateinunterricht, warum man heute von einer Sisyphusarbeit spricht, wenn man eine Sache immer wieder von Neuem beginnen muss.<\/p>\n\n\n\n<p>Um den Gestalten der antiken Welt begegnen zu k\u00f6nnen, lernst du ihre Sprache: Latein.<\/p>\n\n\n\n<p>Diese Sprache war auch noch viele Jahrhunderte sp\u00e4ter beliebt. Im Mittelalter und in der Neuzeit verst\u00e4ndigten sich europ\u00e4ische Gelehrte mit ihr. Latein ist die Grundsprache Europas. Wenn du sie beherrschst, kannst du dir die Wurzeln unserer Kultur erschlie\u00dfen.<\/p>\n\n\n\n<p>Weil Latein die Sprache der alten Texte ist, lernst du sie als \u201eLesesprache\u201c:<\/p>\n\n\n\n<p>Du musst sie nicht aktiv sprechen. Die Sprache im Unterricht ist Deutsch. Latein \u201esprichst\u201c du nur dann, wenn du den Text vorliest. Das ist ganz leicht. Denn Latein wird so ausgesprochen, wie es dasteht.<\/p>\n\n\n\n<p>Das Verstehen eines lateinischen Textes ist wie das L\u00f6sen eines R\u00e4tsels. Zun\u00e4chst steht da etwas Fremdes. Du knobelst aber so lange, bis du ihm sein Geheimnis abgerungen hast. Als Sprachforscher brauchst du dazu Geduld und Genauigkeit.<\/p>\n\n\n\n<p>Mit gro\u00dfer Sorgfalt werden Dinge untersucht. Die Dinge, um die es geht, sind W\u00f6rter und S\u00e4tze. Die Sprache Latein liegt gewisserma\u00dfen unter dem Mikroskop.<\/p>\n\n\n\n<p>Wissenschaftler haben herausgefunden, dass Lateinunterricht hilft, die deutsche Sprache besser zu beherrschen. Denn wer aus dem Lateinischen \u00fcbersetzt, muss darauf achten, dass er dabei gutes und richtiges Deutsch schreibt. Letzteres hilft vor allem den Sch\u00fclerinnen und Sch\u00fclern mit einer Lese-Rechtschreib-Schw\u00e4che.<\/p>\n\n\n\n<p>Andere Wissenschaftler haben festgestellt, dass Lateinsch\u00fclerinnen und -sch\u00fcler deutsche Texte besser verstehen k\u00f6nnen als die, die kein Latein haben.<\/p>\n\n\n\n<p>Im Deutschen gibt es viele W\u00f6rter, die aus dem Lateinischen stammen. Wer Latein lernt, kann sie leicht entschl\u00fcsseln und selbstst\u00e4ndig anwenden.<\/p>\n\n\n\n<p>Manche nennen Latein eine tote Sprache. Das ist nicht richtig. Denn Latein lebt weiter. Etliche moderne Fremdsprachen haben sich aus Latein heraus entwickelt \u2013 so zum Beispiel Franz\u00f6sisch und Spanisch.<\/p>\n\n\n\n<p>Wie bei jeder Sprache, die du lernst, so ist es auch im Fach Latein: Auf die Vokabeln, den Wortschatz, kommt es an. Sie sind ein echter Schatz. Sie sind wertvoll, weil sie dir helfen, eine Sprache zu verstehen. Du musst sie aber auch \u2013 wie einen Schatz \u2013 in deinen Besitz bringen, also lernen.<\/p>\n\n\n\n<p>F\u00fcr viele Berufe ist Latein sehr n\u00fctzlich, vor allem f\u00fcr solche, die mit einem Studium an der Universit\u00e4t verbunden sind. Ein ernsthaftes Studium der Philosophie, Theologie, Rechtswissenschaft, Geschichte, Politik und der Sozialwissenschaften ist nur mit Kenntnissen der lateinischen Sprache m\u00f6glich. Wenn du Latein lernst, erh\u00e4ltst du nach einigen Jahren das Latinum. Damit ist gemeint, dass du best\u00e4tigt bekommst, dass du Latein beherrschst.<\/p>\n\n\n\n<p>Mit modernen Unterrichtsmethoden und -materialien, vielseitigen sprachlichen \u00dcbungen, lateinischen Sprachlernfilmen, Comics zur r\u00f6mischen Mythologie sowie digitalen Online-Lerntools werden dir die spannenden Inhalte des Faches Latein vermittelt.<\/p>\n\n\n\n<p>Latein findet jedoch nicht nur im Klassenzimmer statt. Der j\u00e4hrliche Lateintag f\u00fchrt uns raus, um die Spuren der R\u00f6mer aus n\u00e4chster N\u00e4he zu bestaunen und zu untersuchen. In der Mittelstufe kann es eine Kursfahrt nach Xanten, in der Oberstufe dann sogar eine Kursfahrt nach Italien geben.<\/p>\n\n\n\n<p>Somit macht Latein nicht nur klug, sondern auch Spa\u00df!<\/p>\n","protected":false},"excerpt":{"rendered":"<p>Latein lernen \u2013 eine Welt entdecken Wenn du das Fach Latein w\u00e4hlst, dann tauchst du ein in eine andere Welt: die Welt der r\u00f6mischen Antike. Diese Welt ist versunken und doch war sie vor 2000 Jahren so lebendig wie unsere Welt heute. Wie die Menschen damals so gelebt haben? Was sie wohl gedacht und getan [&hellip;]<\/p>\n","protected":false},"author":1,"featured_media":0,"parent":3966,"menu_order":0,"comment_status":"closed","ping_status":"closed","template":"","meta":{"footnotes":""},"class_list":["post-3988","page","type-page","status-publish","hentry"],"_links":{"self":[{"href":"https:\/\/sophie-scholl-schule.eu\/index.php?rest_route=\/wp\/v2\/pages\/3988","targetHints":{"allow":["GET"]}}],"collection":[{"href":"https:\/\/sophie-scholl-schule.eu\/index.php?rest_route=\/wp\/v2\/pages"}],"about":[{"href":"https:\/\/sophie-scholl-schule.eu\/index.php?rest_route=\/wp\/v2\/types\/page"}],"author":[{"embeddable":true,"href":"https:\/\/sophie-scholl-schule.eu\/index.php?rest_route=\/wp\/v2\/users\/1"}],"replies":[{"embeddable":true,"href":"https:\/\/sophie-scholl-schule.eu\/index.php?rest_route=%2Fwp%2Fv2%2Fcomments&post=3988"}],"version-history":[{"count":1,"href":"https:\/\/sophie-scholl-schule.eu\/index.php?rest_route=\/wp\/v2\/pages\/3988\/revisions"}],"predecessor-version":[{"id":3990,"href":"https:\/\/sophie-scholl-schule.eu\/index.php?rest_route=\/wp\/v2\/pages\/3988\/revisions\/3990"}],"up":[{"embeddable":true,"href":"https:\/\/sophie-scholl-schule.eu\/index.php?rest_route=\/wp\/v2\/pages\/3966"}],"wp:attachment":[{"href":"https:\/\/sophie-scholl-schule.eu\/index.php?rest_route=%2Fwp%2Fv2%2Fmedia&parent=3988"}],"curies":[{"name":"wp","href":"https:\/\/api.w.org\/{rel}","templated":true}]}}