{"id":3979,"date":"2024-10-27T16:20:42","date_gmt":"2024-10-27T16:20:42","guid":{"rendered":"https:\/\/sophie-scholl-schule.eu\/?page_id=3979"},"modified":"2026-02-16T08:11:31","modified_gmt":"2026-02-16T08:11:31","slug":"gymnasiale-oberstufe-abitur-2","status":"publish","type":"page","link":"https:\/\/sophie-scholl-schule.eu\/?page_id=3979","title":{"rendered":"Einf\u00fchrungsphase"},"content":{"rendered":"\n<h2 class=\"wp-block-heading\">Einf\u00fchrungsphase<\/h2>\n\n\n\n<p><strong>Der \u00dcbergang in die gymnasiale Oberstufe f\u00fcr Sch\u00fclerinnen und Sch\u00fcler der Sophie-Scholl-Schule und SESB-Klassen der Georg-von-Giesche Schule<\/strong><\/p>\n\n\n\n<p><a href=\"https:\/\/sophie-scholl-schule.eu\/wp-content\/uploads\/2026\/02\/Info10Regel.ppsx\">\u00dcbergang in die gymnasiale Oberstufe (Regelklassen)<\/a> &#8211; Download Pr\u00e4sentationsdatei vom Informationsabend 2026<\/p>\n\n\n\n<p><a href=\"https:\/\/sophie-scholl-schule.eu\/wp-content\/uploads\/2026\/02\/Info10SESB.ppsx\">\u00dcbergang in die gymnasiale Oberstufe (SESB)<\/a> &#8211; Download Pr\u00e4sentationsdatei vom Informationsabend 2026<\/p>\n\n\n\n<p><a href=\"https:\/\/sophie-scholl-schule.eu\/wp-content\/uploads\/2025\/10\/Wegweiser-fuer-die-gymnasiale-Oberstufe-2025-26.pdf\">Wegweiser der Senatsverwaltung zur gymnasialen Oberstufe<\/a><\/p>\n\n\n\n<p><\/p>\n\n\n\n<p><br><a href=\"https:\/\/sophie-scholl-schule.eu\/wp-content\/uploads\/2024\/12\/Beurlaubungsantrag.pdf\">Beurlaubungsantrag f\u00fcr einen Schulbesuch im Ausland w\u00e4hrend der Einf\u00fchrungsphase<\/a><\/p>\n\n\n\n<p><\/p>\n\n\n\n<p><br><strong>Bewerbung nach dem Besuch einer anderen Schule<\/strong><\/p>\n\n\n\n<figure class=\"wp-block-image alignright size-full is-resized\"><img loading=\"lazy\" decoding=\"async\" width=\"754\" height=\"501\" src=\"https:\/\/sophie-scholl-schule.eu\/wp-content\/uploads\/2024\/10\/BewerbungOberstufe.jpg\" alt=\"\" class=\"wp-image-3980\" style=\"width:500px\" srcset=\"https:\/\/sophie-scholl-schule.eu\/wp-content\/uploads\/2024\/10\/BewerbungOberstufe.jpg 754w, https:\/\/sophie-scholl-schule.eu\/wp-content\/uploads\/2024\/10\/BewerbungOberstufe-300x199.jpg 300w, https:\/\/sophie-scholl-schule.eu\/wp-content\/uploads\/2024\/10\/BewerbungOberstufe-705x468.jpg 705w\" sizes=\"auto, (max-width: 754px) 100vw, 754px\" \/><\/figure>\n\n\n\n<p>Derzeit k\u00f6nnen wir eine verl\u00e4ssliche Aussage \u00fcber unsere Aufnahmem\u00f6glichkeiten noch nicht treffen. Erst mit den Versetzungskonferenzen Ende des Schuljahres entscheidet sich, ob auch Bewerbungen von au\u00dferhalb ber\u00fccksichtigt werden k\u00f6nnen. Dies ist erfahrungsgem\u00e4\u00df nur in sehr begrenztem Umfang m\u00f6glich, da immer ein Gro\u00dfteil unserer eigenen Sch\u00fclerinnen und Sch\u00fcler in die Oberstufe aufgenommen wird.<\/p>\n\n\n\n<p>Zu- und Absagen k\u00f6nnen und d\u00fcrfen von uns auch erst ab einem Stichtag am Ende des Schuljahres ausgesprochen werden. Bis zu diesem Stichtag werden alle Bewerbungen gleich behandelt.<\/p>\n\n\n\n<p><strong>F\u00fcr eine vollst\u00e4ndige Bewerbung ben\u00f6tigen wir folgende Unterlagen:<\/strong><\/p>\n\n\n\n<ul class=\"wp-block-list\">\n<li>ein vom sich bewerbenden Kind verfasstes Bewerbungsschreiben,<\/li>\n\n\n\n<li>Kopien der Jahreszeugnisse sowie der Einsch\u00e4tzung des Sozialverhaltens der Klassen 7 bis 10 in Papierform und<\/li>\n\n\n\n<li>den Leitbogen der LUSD.<\/li>\n<\/ul>\n\n\n\n<p>Wir m\u00f6chten hier auch darauf hinweisen, dass wir <strong>keinen Neubeginn einer zweiten Fremdsprache in der Einf\u00fchrungsphase<\/strong> anbieten. Falls bisher also noch keine der Sprachen Franz\u00f6sisch, Spanisch oder Latein als zweite Fremdsprache erlernt wird, kommt die Sophie-Scholl-Schule f\u00fcr eine Bewerbung leider nicht in Frage.<\/p>\n\n\n\n<p>F\u00fcr eine Bewerbung um einen <strong>Schulplatz in der Staatlichen Europaschule (SESB)<\/strong> melden Sie sich bitte zus\u00e4tzlich in unserem Sekretariat (90277 7171), um einen Termin f\u00fcr ein Gespr\u00e4ch zu vereinbaren, in dem gepr\u00fcft wird, ob die Kenntnisse sowohl der franz\u00f6sischen als auch der deutschen Sprache f\u00fcr eine Aufnahme ausreichend sind.<\/p>\n\n\n\n<p>Wir bitten um Verst\u00e4ndnis, dass wir aufgrund der gro\u00dfen Zahl von Bewerbungen in der Regel leider keine Termine f\u00fcr pers\u00f6nliche Gespr\u00e4che au\u00dferhalb der SESB oder f\u00fcr Hospitationen vergeben k\u00f6nnen.<\/p>\n","protected":false},"excerpt":{"rendered":"<p>Einf\u00fchrungsphase Der \u00dcbergang in die gymnasiale Oberstufe f\u00fcr Sch\u00fclerinnen und Sch\u00fcler der Sophie-Scholl-Schule und SESB-Klassen der Georg-von-Giesche Schule \u00dcbergang in die gymnasiale Oberstufe (Regelklassen) &#8211; Download Pr\u00e4sentationsdatei vom Informationsabend 2026 \u00dcbergang in die gymnasiale Oberstufe (SESB) &#8211; Download Pr\u00e4sentationsdatei vom Informationsabend 2026 Wegweiser der Senatsverwaltung zur gymnasialen Oberstufe Beurlaubungsantrag f\u00fcr einen Schulbesuch im Ausland w\u00e4hrend [&hellip;]<\/p>\n","protected":false},"author":4,"featured_media":0,"parent":3861,"menu_order":7,"comment_status":"closed","ping_status":"closed","template":"","meta":{"footnotes":""},"class_list":["post-3979","page","type-page","status-publish","hentry"],"_links":{"self":[{"href":"https:\/\/sophie-scholl-schule.eu\/index.php?rest_route=\/wp\/v2\/pages\/3979","targetHints":{"allow":["GET"]}}],"collection":[{"href":"https:\/\/sophie-scholl-schule.eu\/index.php?rest_route=\/wp\/v2\/pages"}],"about":[{"href":"https:\/\/sophie-scholl-schule.eu\/index.php?rest_route=\/wp\/v2\/types\/page"}],"author":[{"embeddable":true,"href":"https:\/\/sophie-scholl-schule.eu\/index.php?rest_route=\/wp\/v2\/users\/4"}],"replies":[{"embeddable":true,"href":"https:\/\/sophie-scholl-schule.eu\/index.php?rest_route=%2Fwp%2Fv2%2Fcomments&post=3979"}],"version-history":[{"count":18,"href":"https:\/\/sophie-scholl-schule.eu\/index.php?rest_route=\/wp\/v2\/pages\/3979\/revisions"}],"predecessor-version":[{"id":7079,"href":"https:\/\/sophie-scholl-schule.eu\/index.php?rest_route=\/wp\/v2\/pages\/3979\/revisions\/7079"}],"up":[{"embeddable":true,"href":"https:\/\/sophie-scholl-schule.eu\/index.php?rest_route=\/wp\/v2\/pages\/3861"}],"wp:attachment":[{"href":"https:\/\/sophie-scholl-schule.eu\/index.php?rest_route=%2Fwp%2Fv2%2Fmedia&parent=3979"}],"curies":[{"name":"wp","href":"https:\/\/api.w.org\/{rel}","templated":true}]}}