{"id":3916,"date":"2024-08-25T14:26:44","date_gmt":"2024-08-25T14:26:44","guid":{"rendered":"https:\/\/sophie-scholl-schule.eu\/?page_id=3916"},"modified":"2025-07-24T10:40:46","modified_gmt":"2025-07-24T10:40:46","slug":"orchester","status":"publish","type":"page","link":"https:\/\/sophie-scholl-schule.eu\/?page_id=3916","title":{"rendered":"Orchester"},"content":{"rendered":"\n<p>Im Jahr 2013\/14 als Streicher-AG mit insgesamt 7 Gr\u00fcndungsmitgliedern gegr\u00fcndet, erfreut sich das Sophie-Scholl-Orchester einer immer gr\u00f6\u00dferen Beliebtheit. Mittlerweile ist das Orchester auf gut 95 Mitglieder der Klassenstufen 7-13 angewachsen, die sich jeden Donnerstag treffen, um St\u00fccke verschiedenster Epochen und Stilrichtungen gemeinsam zu erarbeiten. Klassik, Barock, Jazz, Musical und Filmmusik, sogar Pop ist mittlerweile dabei. Ganz wichtig ist hierbei der Spa\u00df an der Musik!<\/p>\n\n\n\n<figure class=\"wp-block-embed is-type-video is-provider-youtube wp-block-embed-youtube wp-embed-aspect-16-9 wp-has-aspect-ratio\"><div class=\"wp-block-embed__wrapper\">\n<div class='avia-iframe-wrap'><iframe loading=\"lazy\" title=\"Grenville   SD 480p\" width=\"1500\" height=\"844\" src=\"https:\/\/www.youtube.com\/embed\/qJtozykimD0?feature=oembed\" frameborder=\"0\" allow=\"accelerometer; autoplay; clipboard-write; encrypted-media; gyroscope; picture-in-picture; web-share\" referrerpolicy=\"strict-origin-when-cross-origin\" allowfullscreen><\/iframe><\/div>\n<\/div><\/figure>\n\n\n\n<figure class=\"wp-block-embed aligncenter is-type-video is-provider-youtube wp-block-embed-youtube wp-embed-aspect-16-9 wp-has-aspect-ratio\" style=\"margin-right:0;margin-left:0\"><div class=\"wp-block-embed__wrapper\">\n<div class='avia-iframe-wrap'><iframe loading=\"lazy\" title=\"Sophie-Scholl-Orchester 2020\" width=\"1500\" height=\"844\" src=\"https:\/\/www.youtube.com\/embed\/VY1b_oIwrBc?feature=oembed\" frameborder=\"0\" allow=\"accelerometer; autoplay; clipboard-write; encrypted-media; gyroscope; picture-in-picture; web-share\" referrerpolicy=\"strict-origin-when-cross-origin\" allowfullscreen><\/iframe><\/div>\n<\/div><\/figure>\n\n\n\n<p>Seit dem Schuljahr 2018\/19 gibt es die M\u00f6glichkeit einen Zusatzkurs f\u00fcr Orchester zu w\u00e4hlen. In diesem Kurs lernen interessierte Sch\u00fclerinnen und Sch\u00fcler der 12. Jahrgangsstufe diverse Aufgaben rund um das Orchester kennen und \u00fcbernehmen diese. So lernen sie Grundlagen des Dirigierens, der Probentechnik, bereiten sich auf solistische T\u00e4tigkeiten vor oder engagieren sich &#8222;hinter den Kulissen&#8220; als Organisatoren der Konzerte, Fahrten oder der Dokumentation. Selbstverst\u00e4ndlich d\u00fcrfen und sollen diese Sch\u00fclerinnen und Sch\u00fcler das Gelernte direkt am Orchester anwenden, so dass sie auch selbst\u00e4ndig Proben leiten und im Konzert das Orchester dirigieren.\u00a0<\/p>\n\n\n\n<p>Das Orchester gibt im Jahr drei Konzerte und f\u00e4hrt einmal im Jahr \u00fcber das Wochenende in die n\u00e4here Berliner Umgebung, um an dem aktuellen Programm intensiv zu arbeiten.\u00a0<\/p>\n\n\n\n<p>Seit dem Schuljahr 2022 gibt es j\u00e4hrlich ein Konzert in der Kaiser-Wilhelm-Ged\u00e4chtniskirche. <\/p>\n\n\n\n<figure class=\"wp-block-image aligncenter size-large is-resized\"><img loading=\"lazy\" decoding=\"async\" width=\"1030\" height=\"687\" src=\"https:\/\/sophie-scholl-schule.eu\/wp-content\/uploads\/2024\/10\/Robert-1030x687.jpg\" alt=\"\" class=\"wp-image-4418\" style=\"width:500px\" srcset=\"https:\/\/sophie-scholl-schule.eu\/wp-content\/uploads\/2024\/10\/Robert-1030x687.jpg 1030w, https:\/\/sophie-scholl-schule.eu\/wp-content\/uploads\/2024\/10\/Robert-300x200.jpg 300w, https:\/\/sophie-scholl-schule.eu\/wp-content\/uploads\/2024\/10\/Robert-768x512.jpg 768w, https:\/\/sophie-scholl-schule.eu\/wp-content\/uploads\/2024\/10\/Robert-1536x1024.jpg 1536w, https:\/\/sophie-scholl-schule.eu\/wp-content\/uploads\/2024\/10\/Robert-2048x1365.jpg 2048w, https:\/\/sophie-scholl-schule.eu\/wp-content\/uploads\/2024\/10\/Robert-1500x1000.jpg 1500w, https:\/\/sophie-scholl-schule.eu\/wp-content\/uploads\/2024\/10\/Robert-705x470.jpg 705w\" sizes=\"auto, (max-width: 1030px) 100vw, 1030px\" \/><figcaption class=\"wp-element-caption\">Der Sch\u00fcler Robert dirigiert Tschaikowski<\/figcaption><\/figure>\n\n\n\n<figure class=\"wp-block-image aligncenter size-large is-resized\"><img loading=\"lazy\" decoding=\"async\" width=\"1030\" height=\"687\" src=\"https:\/\/sophie-scholl-schule.eu\/wp-content\/uploads\/2024\/10\/Lea_-1030x687.jpg\" alt=\"\" class=\"wp-image-4419\" style=\"width:500px\" srcset=\"https:\/\/sophie-scholl-schule.eu\/wp-content\/uploads\/2024\/10\/Lea_-1030x687.jpg 1030w, https:\/\/sophie-scholl-schule.eu\/wp-content\/uploads\/2024\/10\/Lea_-300x200.jpg 300w, https:\/\/sophie-scholl-schule.eu\/wp-content\/uploads\/2024\/10\/Lea_-768x512.jpg 768w, https:\/\/sophie-scholl-schule.eu\/wp-content\/uploads\/2024\/10\/Lea_-1536x1024.jpg 1536w, https:\/\/sophie-scholl-schule.eu\/wp-content\/uploads\/2024\/10\/Lea_-2048x1365.jpg 2048w, https:\/\/sophie-scholl-schule.eu\/wp-content\/uploads\/2024\/10\/Lea_-1500x1000.jpg 1500w, https:\/\/sophie-scholl-schule.eu\/wp-content\/uploads\/2024\/10\/Lea_-705x470.jpg 705w\" sizes=\"auto, (max-width: 1030px) 100vw, 1030px\" \/><figcaption class=\"wp-element-caption\">Die Sch\u00fclerin Lea dirigiert H\u00e4ndel<\/figcaption><\/figure>\n\n\n\n<figure class=\"wp-block-image aligncenter size-large is-resized\"><img loading=\"lazy\" decoding=\"async\" width=\"1030\" height=\"630\" src=\"https:\/\/sophie-scholl-schule.eu\/wp-content\/uploads\/2024\/10\/RobertundLuca-1030x630.jpg\" alt=\"\" class=\"wp-image-4420\" style=\"width:500px\" srcset=\"https:\/\/sophie-scholl-schule.eu\/wp-content\/uploads\/2024\/10\/RobertundLuca-1030x630.jpg 1030w, https:\/\/sophie-scholl-schule.eu\/wp-content\/uploads\/2024\/10\/RobertundLuca-300x183.jpg 300w, https:\/\/sophie-scholl-schule.eu\/wp-content\/uploads\/2024\/10\/RobertundLuca-768x470.jpg 768w, https:\/\/sophie-scholl-schule.eu\/wp-content\/uploads\/2024\/10\/RobertundLuca-1536x939.jpg 1536w, https:\/\/sophie-scholl-schule.eu\/wp-content\/uploads\/2024\/10\/RobertundLuca-2048x1252.jpg 2048w, https:\/\/sophie-scholl-schule.eu\/wp-content\/uploads\/2024\/10\/RobertundLuca-1500x917.jpg 1500w, https:\/\/sophie-scholl-schule.eu\/wp-content\/uploads\/2024\/10\/RobertundLuca-705x431.jpg 705w\" sizes=\"auto, (max-width: 1030px) 100vw, 1030px\" \/><figcaption class=\"wp-element-caption\">Luca ist Solist und wird von den Bl\u00e4sern begleitet (Robert dirigiert)<\/figcaption><\/figure>\n\n\n\n<figure class=\"wp-block-image aligncenter size-large is-resized\"><img loading=\"lazy\" decoding=\"async\" width=\"1030\" height=\"687\" src=\"https:\/\/sophie-scholl-schule.eu\/wp-content\/uploads\/2024\/10\/LiliundSarah-1030x687.jpg\" alt=\"\" class=\"wp-image-4421\" style=\"width:500px\" srcset=\"https:\/\/sophie-scholl-schule.eu\/wp-content\/uploads\/2024\/10\/LiliundSarah-1030x687.jpg 1030w, https:\/\/sophie-scholl-schule.eu\/wp-content\/uploads\/2024\/10\/LiliundSarah-300x200.jpg 300w, https:\/\/sophie-scholl-schule.eu\/wp-content\/uploads\/2024\/10\/LiliundSarah-768x512.jpg 768w, https:\/\/sophie-scholl-schule.eu\/wp-content\/uploads\/2024\/10\/LiliundSarah-1536x1024.jpg 1536w, https:\/\/sophie-scholl-schule.eu\/wp-content\/uploads\/2024\/10\/LiliundSarah-2048x1366.jpg 2048w, https:\/\/sophie-scholl-schule.eu\/wp-content\/uploads\/2024\/10\/LiliundSarah-1500x1000.jpg 1500w, https:\/\/sophie-scholl-schule.eu\/wp-content\/uploads\/2024\/10\/LiliundSarah-705x470.jpg 705w\" sizes=\"auto, (max-width: 1030px) 100vw, 1030px\" \/><figcaption class=\"wp-element-caption\">Sarah und Lili f\u00fchren durch das Konzert<\/figcaption><\/figure>\n\n\n\n<figure class=\"wp-block-image aligncenter size-large is-resized\"><img loading=\"lazy\" decoding=\"async\" width=\"1030\" height=\"687\" src=\"https:\/\/sophie-scholl-schule.eu\/wp-content\/uploads\/2024\/10\/icke-1030x687.jpg\" alt=\"\" class=\"wp-image-4422\" style=\"width:500px\" srcset=\"https:\/\/sophie-scholl-schule.eu\/wp-content\/uploads\/2024\/10\/icke-1030x687.jpg 1030w, https:\/\/sophie-scholl-schule.eu\/wp-content\/uploads\/2024\/10\/icke-300x200.jpg 300w, https:\/\/sophie-scholl-schule.eu\/wp-content\/uploads\/2024\/10\/icke-768x512.jpg 768w, https:\/\/sophie-scholl-schule.eu\/wp-content\/uploads\/2024\/10\/icke-1536x1024.jpg 1536w, https:\/\/sophie-scholl-schule.eu\/wp-content\/uploads\/2024\/10\/icke-2048x1365.jpg 2048w, https:\/\/sophie-scholl-schule.eu\/wp-content\/uploads\/2024\/10\/icke-1500x1000.jpg 1500w, https:\/\/sophie-scholl-schule.eu\/wp-content\/uploads\/2024\/10\/icke-705x470.jpg 705w\" sizes=\"auto, (max-width: 1030px) 100vw, 1030px\" \/><\/figure>\n\n\n\n<p class=\"has-text-align-center\"><strong>Neuigkeiten vom Orchester<\/strong><\/p>\n\n\n<ul class=\"wp-block-latest-posts__list is-grid columns-3 has-dates wp-block-latest-posts\"><li><div class=\"wp-block-latest-posts__featured-image aligncenter\"><a href=\"https:\/\/sophie-scholl-schule.eu\/?p=2999\" aria-label=\"Sophie Scholl Orchester Konzert\"><img decoding=\"async\" loading=\"lazy\" width=\"500\" height=\"500\" src=\"https:\/\/sophie-scholl-schule.eu\/wp-content\/uploads\/2024\/06\/plakatKonzert_thumb.jpg\" class=\"wp-image-4178 avia-img-lazy-loading-4178 attachment-large size-large wp-post-image\" alt=\"\" style=\"\" srcset=\"https:\/\/sophie-scholl-schule.eu\/wp-content\/uploads\/2024\/06\/plakatKonzert_thumb.jpg 500w, https:\/\/sophie-scholl-schule.eu\/wp-content\/uploads\/2024\/06\/plakatKonzert_thumb-300x300.jpg 300w, https:\/\/sophie-scholl-schule.eu\/wp-content\/uploads\/2024\/06\/plakatKonzert_thumb-80x80.jpg 80w, https:\/\/sophie-scholl-schule.eu\/wp-content\/uploads\/2024\/06\/plakatKonzert_thumb-36x36.jpg 36w, https:\/\/sophie-scholl-schule.eu\/wp-content\/uploads\/2024\/06\/plakatKonzert_thumb-180x180.jpg 180w\" sizes=\"auto, (max-width: 500px) 100vw, 500px\" \/><\/a><\/div><a class=\"wp-block-latest-posts__post-title\" href=\"https:\/\/sophie-scholl-schule.eu\/?p=2999\">Sophie Scholl Orchester Konzert<\/a><time datetime=\"2024-06-04T06:58:38+00:00\" class=\"wp-block-latest-posts__post-date\">4. Juni 2024<\/time><div class=\"wp-block-latest-posts__post-excerpt\">Die Daten f\u00fcr die Konzerte stehen auf dem Flyer.<\/div><\/li>\n<li><div class=\"wp-block-latest-posts__featured-image aligncenter\"><a href=\"https:\/\/sophie-scholl-schule.eu\/?p=3420\" aria-label=\"Scholl-Movie-Concert-Night\"><img decoding=\"async\" loading=\"lazy\" width=\"728\" height=\"1030\" src=\"https:\/\/sophie-scholl-schule.eu\/wp-content\/uploads\/2022\/06\/Orchester_Konzert_Plakat_-728x1030.jpg\" class=\"wp-image-3419 avia-img-lazy-loading-3419 attachment-large size-large wp-post-image\" alt=\"Orchester Konzert Plakat\" style=\"\" srcset=\"https:\/\/sophie-scholl-schule.eu\/wp-content\/uploads\/2022\/06\/Orchester_Konzert_Plakat_-728x1030.jpg 728w, https:\/\/sophie-scholl-schule.eu\/wp-content\/uploads\/2022\/06\/Orchester_Konzert_Plakat_-212x300.jpg 212w, https:\/\/sophie-scholl-schule.eu\/wp-content\/uploads\/2022\/06\/Orchester_Konzert_Plakat_-768x1086.jpg 768w, https:\/\/sophie-scholl-schule.eu\/wp-content\/uploads\/2022\/06\/Orchester_Konzert_Plakat_-1086x1536.jpg 1086w, https:\/\/sophie-scholl-schule.eu\/wp-content\/uploads\/2022\/06\/Orchester_Konzert_Plakat_-1448x2048.jpg 1448w, https:\/\/sophie-scholl-schule.eu\/wp-content\/uploads\/2022\/06\/Orchester_Konzert_Plakat_-1061x1500.jpg 1061w, https:\/\/sophie-scholl-schule.eu\/wp-content\/uploads\/2022\/06\/Orchester_Konzert_Plakat_-499x705.jpg 499w, https:\/\/sophie-scholl-schule.eu\/wp-content\/uploads\/2022\/06\/Orchester_Konzert_Plakat_-scaled.jpg 1810w\" sizes=\"auto, (max-width: 728px) 100vw, 728px\" \/><\/a><\/div><a class=\"wp-block-latest-posts__post-title\" href=\"https:\/\/sophie-scholl-schule.eu\/?p=3420\">Scholl-Movie-Concert-Night<\/a><time datetime=\"2022-06-08T07:19:59+00:00\" class=\"wp-block-latest-posts__post-date\">8. Juni 2022<\/time><div class=\"wp-block-latest-posts__post-excerpt\"><\/div><\/li>\n<li><a class=\"wp-block-latest-posts__post-title\" href=\"https:\/\/sophie-scholl-schule.eu\/?p=3199\">Konzerte an der Schule<\/a><time datetime=\"2020-12-11T20:40:10+00:00\" class=\"wp-block-latest-posts__post-date\">11. Dezember 2020<\/time><div class=\"wp-block-latest-posts__post-excerpt\">6.3. Stars on Stage 8.1. 2020 &#8222;Die Menschenw\u00fcrde ist h\u00f6rbar&#8220; &#8211; Konzert und Projektpr\u00e4sentation des education Projektes des RSB anl\u00e4sslich\u2026\u00a0<a class=\"wp-block-latest-posts__read-more\" href=\"https:\/\/sophie-scholl-schule.eu\/?p=3199\" rel=\"noopener noreferrer\"><span class=\"screen-reader-text\">Konzerte an der Schule <\/span>weiterlesen<\/a><\/div><\/li>\n<li><div class=\"wp-block-latest-posts__featured-image aligncenter\"><a href=\"https:\/\/sophie-scholl-schule.eu\/?p=2940\" aria-label=\"Konzert des Sophie-Scholl-Orchesters\"><img decoding=\"async\" loading=\"lazy\" width=\"604\" height=\"813\" src=\"https:\/\/sophie-scholl-schule.eu\/wp-content\/uploads\/2019\/02\/plakat.jpg\" class=\"wp-image-2939 avia-img-lazy-loading-2939 attachment-large size-large wp-post-image\" alt=\"plakat\" style=\"\" srcset=\"https:\/\/sophie-scholl-schule.eu\/wp-content\/uploads\/2019\/02\/plakat.jpg 604w, https:\/\/sophie-scholl-schule.eu\/wp-content\/uploads\/2019\/02\/plakat-223x300.jpg 223w, https:\/\/sophie-scholl-schule.eu\/wp-content\/uploads\/2019\/02\/plakat-524x705.jpg 524w\" sizes=\"auto, (max-width: 604px) 100vw, 604px\" \/><\/a><\/div><a class=\"wp-block-latest-posts__post-title\" href=\"https:\/\/sophie-scholl-schule.eu\/?p=2940\">Konzert des Sophie-Scholl-Orchesters<\/a><time datetime=\"2019-02-28T08:58:06+00:00\" class=\"wp-block-latest-posts__post-date\">28. Februar 2019<\/time><div class=\"wp-block-latest-posts__post-excerpt\"><\/div><\/li>\n<li><div class=\"wp-block-latest-posts__featured-image aligncenter\"><a href=\"https:\/\/sophie-scholl-schule.eu\/?p=2921\" aria-label=\"Ein Probenbesuch mal anders\"><img decoding=\"async\" loading=\"lazy\" width=\"869\" height=\"579\" src=\"https:\/\/sophie-scholl-schule.eu\/wp-content\/uploads\/2019\/01\/bild5.jpg\" class=\"wp-image-2917 avia-img-lazy-loading-2917 attachment-large size-large wp-post-image\" alt=\"bild5\" style=\"\" srcset=\"https:\/\/sophie-scholl-schule.eu\/wp-content\/uploads\/2019\/01\/bild5.jpg 869w, https:\/\/sophie-scholl-schule.eu\/wp-content\/uploads\/2019\/01\/bild5-300x200.jpg 300w, https:\/\/sophie-scholl-schule.eu\/wp-content\/uploads\/2019\/01\/bild5-768x512.jpg 768w, https:\/\/sophie-scholl-schule.eu\/wp-content\/uploads\/2019\/01\/bild5-705x470.jpg 705w\" sizes=\"auto, (max-width: 869px) 100vw, 869px\" \/><\/a><\/div><a class=\"wp-block-latest-posts__post-title\" href=\"https:\/\/sophie-scholl-schule.eu\/?p=2921\">Ein Probenbesuch mal anders<\/a><time datetime=\"2019-01-11T13:31:11+00:00\" class=\"wp-block-latest-posts__post-date\">11. Januar 2019<\/time><div class=\"wp-block-latest-posts__post-excerpt\">Der Grundkurs Orchester (12. Jahrgang) besucht eine Probe vom Rundfunk-Sinfonieorchester Berlin am 20.12.2018 Probenbesuche k\u00f6nnen ein Highlight sein, kann man\u2026\u00a0<a class=\"wp-block-latest-posts__read-more\" href=\"https:\/\/sophie-scholl-schule.eu\/?p=2921\" rel=\"noopener noreferrer\"><span class=\"screen-reader-text\">Ein Probenbesuch mal anders <\/span>weiterlesen<\/a><\/div><\/li>\n<li><div class=\"wp-block-latest-posts__featured-image aligncenter\"><a href=\"https:\/\/sophie-scholl-schule.eu\/?p=2916\" aria-label=\"Mittendrin und voll dabei\"><img decoding=\"async\" loading=\"lazy\" width=\"854\" height=\"352\" src=\"https:\/\/sophie-scholl-schule.eu\/wp-content\/uploads\/2019\/01\/bild1.jpg\" class=\"wp-image-2912 avia-img-lazy-loading-2912 attachment-large size-large wp-post-image\" alt=\"bild1\" style=\"\" srcset=\"https:\/\/sophie-scholl-schule.eu\/wp-content\/uploads\/2019\/01\/bild1.jpg 854w, https:\/\/sophie-scholl-schule.eu\/wp-content\/uploads\/2019\/01\/bild1-300x124.jpg 300w, https:\/\/sophie-scholl-schule.eu\/wp-content\/uploads\/2019\/01\/bild1-768x317.jpg 768w, https:\/\/sophie-scholl-schule.eu\/wp-content\/uploads\/2019\/01\/bild1-705x291.jpg 705w\" sizes=\"auto, (max-width: 854px) 100vw, 854px\" \/><\/a><\/div><a class=\"wp-block-latest-posts__post-title\" href=\"https:\/\/sophie-scholl-schule.eu\/?p=2916\">Mittendrin und voll dabei<\/a><time datetime=\"2019-01-11T13:10:45+00:00\" class=\"wp-block-latest-posts__post-date\">11. Januar 2019<\/time><div class=\"wp-block-latest-posts__post-excerpt\">&#8222;Halbzeit-Klassik&#8220;ein Projekt mit dem Grundkurs Orchester und dem Rundfunk-Sinfonieorchester Berlin am 9.12.2018 &#8222;Auch ein Orchester muss sich warm machen&#8220;, erkl\u00e4rt\u2026\u00a0<a class=\"wp-block-latest-posts__read-more\" href=\"https:\/\/sophie-scholl-schule.eu\/?p=2916\" rel=\"noopener noreferrer\"><span class=\"screen-reader-text\">Mittendrin und voll dabei <\/span>weiterlesen<\/a><\/div><\/li>\n<\/ul>\n\n\n<p class=\"has-text-align-right\"><a href=\"https:\/\/sophie-scholl-schule.eu\/?cat=187\">\u00c4ltere Beitr\u00e4ge anzeigen&#8230;<\/a><\/p>\n","protected":false},"excerpt":{"rendered":"<p>Im Jahr 2013\/14 als Streicher-AG mit insgesamt 7 Gr\u00fcndungsmitgliedern gegr\u00fcndet, erfreut sich das Sophie-Scholl-Orchester einer immer gr\u00f6\u00dferen Beliebtheit. Mittlerweile ist das Orchester auf gut 95 Mitglieder der Klassenstufen 7-13 angewachsen, die sich jeden Donnerstag treffen, um St\u00fccke verschiedenster Epochen und Stilrichtungen gemeinsam zu erarbeiten. Klassik, Barock, Jazz, Musical und Filmmusik, sogar Pop ist mittlerweile dabei. [&hellip;]<\/p>\n","protected":false},"author":5,"featured_media":0,"parent":4000,"menu_order":0,"comment_status":"closed","ping_status":"closed","template":"","meta":{"footnotes":""},"class_list":["post-3916","page","type-page","status-publish","hentry"],"_links":{"self":[{"href":"https:\/\/sophie-scholl-schule.eu\/index.php?rest_route=\/wp\/v2\/pages\/3916","targetHints":{"allow":["GET"]}}],"collection":[{"href":"https:\/\/sophie-scholl-schule.eu\/index.php?rest_route=\/wp\/v2\/pages"}],"about":[{"href":"https:\/\/sophie-scholl-schule.eu\/index.php?rest_route=\/wp\/v2\/types\/page"}],"author":[{"embeddable":true,"href":"https:\/\/sophie-scholl-schule.eu\/index.php?rest_route=\/wp\/v2\/users\/5"}],"replies":[{"embeddable":true,"href":"https:\/\/sophie-scholl-schule.eu\/index.php?rest_route=%2Fwp%2Fv2%2Fcomments&post=3916"}],"version-history":[{"count":8,"href":"https:\/\/sophie-scholl-schule.eu\/index.php?rest_route=\/wp\/v2\/pages\/3916\/revisions"}],"predecessor-version":[{"id":6803,"href":"https:\/\/sophie-scholl-schule.eu\/index.php?rest_route=\/wp\/v2\/pages\/3916\/revisions\/6803"}],"up":[{"embeddable":true,"href":"https:\/\/sophie-scholl-schule.eu\/index.php?rest_route=\/wp\/v2\/pages\/4000"}],"wp:attachment":[{"href":"https:\/\/sophie-scholl-schule.eu\/index.php?rest_route=%2Fwp%2Fv2%2Fmedia&parent=3916"}],"curies":[{"name":"wp","href":"https:\/\/api.w.org\/{rel}","templated":true}]}}