{"id":3907,"date":"2024-08-25T14:23:13","date_gmt":"2024-08-25T14:23:13","guid":{"rendered":"https:\/\/sophie-scholl-schule.eu\/?page_id=3907"},"modified":"2024-10-31T15:10:34","modified_gmt":"2024-10-31T15:10:34","slug":"musik-2-2","status":"publish","type":"page","link":"https:\/\/sophie-scholl-schule.eu\/?page_id=3907","title":{"rendered":"Kunst"},"content":{"rendered":"\n<h2 class=\"wp-block-heading\">Kunst<\/h2>\n\n\n\n<figure class=\"wp-block-embed is-type-video is-provider-youtube wp-block-embed-youtube wp-embed-aspect-16-9 wp-has-aspect-ratio\"><div class=\"wp-block-embed__wrapper\">\n<div class='avia-iframe-wrap'><iframe loading=\"lazy\" title=\"Sophie Scholl   Wahlprofil KUNST\" width=\"1500\" height=\"844\" src=\"https:\/\/www.youtube.com\/embed\/IISV7lPy6OE?feature=oembed\" frameborder=\"0\" allow=\"accelerometer; autoplay; clipboard-write; encrypted-media; gyroscope; picture-in-picture; web-share\" referrerpolicy=\"strict-origin-when-cross-origin\" allowfullscreen><\/iframe><\/div>\n<\/div><\/figure>\n\n\n\n<p>Das Fach Kunst hat an der Sophie-Scholl-Schule einen hohen Stellenwert. Die F\u00f6rderung von Kreativit\u00e4t und gestalterischen F\u00e4higkeiten sowie die Vermittlung von kunstwissenschaftlichen Kenntnissen sind Ziele des Faches. Die praktische Auseinandersetzung mit k\u00fcnstlerischen Sicht- und Arbeitsweisen steht hierbei im Mittelpunkt.<\/p>\n\n\n\n<p>Neben dem normalen Kunstunterricht, an dem alle Sch\u00fclerinnen und Sch\u00fcler teilnehmen, k\u00f6nnen besonders interessierte Sch\u00fclerinnen und Sch\u00fcler im siebten Jahrgang das Wahlpflichtfach Kunst als Profil w\u00e4hlen. Die siebten Klassen werden ausgehend von der Wahl des Profils zusammengestellt. Im neunten Jahrgang kann ein zweites Wahlpflichtfach im musisch-k\u00fcnstlerischen Bereich gew\u00e4hlt werden. In der Oberstufe werden neben Grundkursen regelm\u00e4\u00dfig Leistungskurse im Fach Kunst angeboten. Inhalte im Kunstunterricht sind u.a. Malerei, Zeichnung, Plastik, Installation, Fotografie, Architektur, Produktdesign, Visuelle Kommunikation.<\/p>\n\n\n\n<p>Sowohl im Unterricht als auch in Projekten und durch die Zusammenarbeit mit K\u00fcnstlerinnen und K\u00fcnstlern f\u00f6rdern wir das Engagement im k\u00fcnstlerischen Bereich.&nbsp;<br>Die Ergebnisse des Kunstunterrichts werden im gesamten Schulgeb\u00e4ude wie auch an \u00f6ffentlichen Orten pr\u00e4sentiert. Klassenr\u00e4ume und Freifl\u00e4chen sind mit Bildern, Plastiken und Objekten ausgestaltet. Eine Auswahl von Arbeiten ist auf der Schulhomepage zu sehen. Die Ausstellungen spiegeln das lebendige Schulklima wider, tragen zur Identifikation mit der Schule bei und f\u00f6rdern die Lernprozesse.<\/p>\n\n\n\n<p>Im Fachbereich Kunst arbeiten sieben Kolleginnen und Kollegen, es stehen vier Kunstfachr\u00e4ume, mehrere Computerr\u00e4ume sowie in der Zusammenarbeit mit dem Fachbereich Wirtschaft, Arbeit, Technik ein Keramikbrennofen, eine Holz- und Metallwerkstatt und ein N\u00e4hmaschinenraum zur Verf\u00fcgung.<\/p>\n\n\n\n<p><a href=\"https:\/\/sophie-scholl-schule.eu\/?page_id=5940\" data-type=\"page\" data-id=\"5940\">H\u00e4ufig gestellte Fragen zum Aufnahmeverfahren f\u00fcr den Profilzug Kunst<\/a><\/p>\n\n\n\n<p class=\"has-text-align-center has-large-font-size\"><strong>Galerien<\/strong><\/p>\n\n\n\n<p><strong>Sekundarstufe 1 (7. &#8211; 10. Klasse)<\/strong><\/p>\n\n\n<ul class=\"wp-block-latest-posts__list is-grid columns-4 kunstgalerie wp-block-latest-posts\"><li><div class=\"wp-block-latest-posts__featured-image aligncenter\"><a href=\"https:\/\/sophie-scholl-schule.eu\/?p=5906\" aria-label=\"Malerei\"><img decoding=\"async\" loading=\"lazy\" width=\"500\" height=\"500\" src=\"https:\/\/sophie-scholl-schule.eu\/wp-content\/uploads\/2024\/10\/Sek1_Malerei_thumb.jpg\" class=\"wp-image-5907 avia-img-lazy-loading-5907 attachment-large size-large wp-post-image\" alt=\"\" style=\"\" srcset=\"https:\/\/sophie-scholl-schule.eu\/wp-content\/uploads\/2024\/10\/Sek1_Malerei_thumb.jpg 500w, https:\/\/sophie-scholl-schule.eu\/wp-content\/uploads\/2024\/10\/Sek1_Malerei_thumb-300x300.jpg 300w, https:\/\/sophie-scholl-schule.eu\/wp-content\/uploads\/2024\/10\/Sek1_Malerei_thumb-80x80.jpg 80w, https:\/\/sophie-scholl-schule.eu\/wp-content\/uploads\/2024\/10\/Sek1_Malerei_thumb-36x36.jpg 36w, https:\/\/sophie-scholl-schule.eu\/wp-content\/uploads\/2024\/10\/Sek1_Malerei_thumb-180x180.jpg 180w\" sizes=\"auto, (max-width: 500px) 100vw, 500px\" \/><\/a><\/div><a class=\"wp-block-latest-posts__post-title\" href=\"https:\/\/sophie-scholl-schule.eu\/?p=5906\">Malerei<\/a><\/li>\n<li><div class=\"wp-block-latest-posts__featured-image aligncenter\"><a href=\"https:\/\/sophie-scholl-schule.eu\/?p=5909\" aria-label=\"Grafik\"><img decoding=\"async\" loading=\"lazy\" width=\"500\" height=\"500\" src=\"https:\/\/sophie-scholl-schule.eu\/wp-content\/uploads\/2024\/10\/Sek1_Grafik_thumb.jpg\" class=\"wp-image-5910 avia-img-lazy-loading-5910 attachment-large size-large wp-post-image\" alt=\"\" style=\"\" srcset=\"https:\/\/sophie-scholl-schule.eu\/wp-content\/uploads\/2024\/10\/Sek1_Grafik_thumb.jpg 500w, https:\/\/sophie-scholl-schule.eu\/wp-content\/uploads\/2024\/10\/Sek1_Grafik_thumb-300x300.jpg 300w, https:\/\/sophie-scholl-schule.eu\/wp-content\/uploads\/2024\/10\/Sek1_Grafik_thumb-80x80.jpg 80w, https:\/\/sophie-scholl-schule.eu\/wp-content\/uploads\/2024\/10\/Sek1_Grafik_thumb-36x36.jpg 36w, https:\/\/sophie-scholl-schule.eu\/wp-content\/uploads\/2024\/10\/Sek1_Grafik_thumb-180x180.jpg 180w\" sizes=\"auto, (max-width: 500px) 100vw, 500px\" \/><\/a><\/div><a class=\"wp-block-latest-posts__post-title\" href=\"https:\/\/sophie-scholl-schule.eu\/?p=5909\">Grafik<\/a><\/li>\n<li><div class=\"wp-block-latest-posts__featured-image aligncenter\"><a href=\"https:\/\/sophie-scholl-schule.eu\/?p=5912\" aria-label=\"Plastik\"><img decoding=\"async\" loading=\"lazy\" width=\"500\" height=\"500\" src=\"https:\/\/sophie-scholl-schule.eu\/wp-content\/uploads\/2024\/10\/Sek1_Plastik_thumb.jpg\" class=\"wp-image-5913 avia-img-lazy-loading-5913 attachment-large size-large wp-post-image\" alt=\"\" style=\"\" srcset=\"https:\/\/sophie-scholl-schule.eu\/wp-content\/uploads\/2024\/10\/Sek1_Plastik_thumb.jpg 500w, https:\/\/sophie-scholl-schule.eu\/wp-content\/uploads\/2024\/10\/Sek1_Plastik_thumb-300x300.jpg 300w, https:\/\/sophie-scholl-schule.eu\/wp-content\/uploads\/2024\/10\/Sek1_Plastik_thumb-80x80.jpg 80w, https:\/\/sophie-scholl-schule.eu\/wp-content\/uploads\/2024\/10\/Sek1_Plastik_thumb-36x36.jpg 36w, https:\/\/sophie-scholl-schule.eu\/wp-content\/uploads\/2024\/10\/Sek1_Plastik_thumb-180x180.jpg 180w\" sizes=\"auto, (max-width: 500px) 100vw, 500px\" \/><\/a><\/div><a class=\"wp-block-latest-posts__post-title\" href=\"https:\/\/sophie-scholl-schule.eu\/?p=5912\">Plastik<\/a><\/li>\n<li><div class=\"wp-block-latest-posts__featured-image aligncenter\"><a href=\"https:\/\/sophie-scholl-schule.eu\/?p=5915\" aria-label=\"Anderes\"><img decoding=\"async\" loading=\"lazy\" width=\"500\" height=\"500\" src=\"https:\/\/sophie-scholl-schule.eu\/wp-content\/uploads\/2024\/10\/Sek1_Anderes_thumb.jpg\" class=\"wp-image-5916 avia-img-lazy-loading-5916 attachment-large size-large wp-post-image\" alt=\"\" style=\"\" srcset=\"https:\/\/sophie-scholl-schule.eu\/wp-content\/uploads\/2024\/10\/Sek1_Anderes_thumb.jpg 500w, https:\/\/sophie-scholl-schule.eu\/wp-content\/uploads\/2024\/10\/Sek1_Anderes_thumb-300x300.jpg 300w, https:\/\/sophie-scholl-schule.eu\/wp-content\/uploads\/2024\/10\/Sek1_Anderes_thumb-80x80.jpg 80w, https:\/\/sophie-scholl-schule.eu\/wp-content\/uploads\/2024\/10\/Sek1_Anderes_thumb-36x36.jpg 36w, https:\/\/sophie-scholl-schule.eu\/wp-content\/uploads\/2024\/10\/Sek1_Anderes_thumb-180x180.jpg 180w\" sizes=\"auto, (max-width: 500px) 100vw, 500px\" \/><\/a><\/div><a class=\"wp-block-latest-posts__post-title\" href=\"https:\/\/sophie-scholl-schule.eu\/?p=5915\">Anderes<\/a><\/li>\n<\/ul>\n\n\n<p><strong>Sekundarstufe 2 (11. &#8211; 13. Klasse)<\/strong><\/p>\n\n\n<ul class=\"wp-block-latest-posts__list is-grid columns-4 kunstgalerie wp-block-latest-posts\"><li><div class=\"wp-block-latest-posts__featured-image aligncenter\"><a href=\"https:\/\/sophie-scholl-schule.eu\/?p=5918\" aria-label=\"Fotografie\"><img decoding=\"async\" loading=\"lazy\" width=\"500\" height=\"500\" src=\"https:\/\/sophie-scholl-schule.eu\/wp-content\/uploads\/2024\/10\/Sek-2-Fotografie_Q1_thumb.jpg\" class=\"wp-image-5919 avia-img-lazy-loading-5919 attachment-large size-large wp-post-image\" alt=\"\" style=\"\" srcset=\"https:\/\/sophie-scholl-schule.eu\/wp-content\/uploads\/2024\/10\/Sek-2-Fotografie_Q1_thumb.jpg 500w, https:\/\/sophie-scholl-schule.eu\/wp-content\/uploads\/2024\/10\/Sek-2-Fotografie_Q1_thumb-300x300.jpg 300w, https:\/\/sophie-scholl-schule.eu\/wp-content\/uploads\/2024\/10\/Sek-2-Fotografie_Q1_thumb-80x80.jpg 80w, https:\/\/sophie-scholl-schule.eu\/wp-content\/uploads\/2024\/10\/Sek-2-Fotografie_Q1_thumb-36x36.jpg 36w, https:\/\/sophie-scholl-schule.eu\/wp-content\/uploads\/2024\/10\/Sek-2-Fotografie_Q1_thumb-180x180.jpg 180w\" sizes=\"auto, (max-width: 500px) 100vw, 500px\" \/><\/a><\/div><a class=\"wp-block-latest-posts__post-title\" href=\"https:\/\/sophie-scholl-schule.eu\/?p=5918\">Fotografie<\/a><\/li>\n<li><div class=\"wp-block-latest-posts__featured-image aligncenter\"><a href=\"https:\/\/sophie-scholl-schule.eu\/?p=5921\" aria-label=\"Architektur\"><img decoding=\"async\" loading=\"lazy\" width=\"500\" height=\"500\" src=\"https:\/\/sophie-scholl-schule.eu\/wp-content\/uploads\/2024\/10\/Sek2_Arch_thumb.jpg\" class=\"wp-image-5922 avia-img-lazy-loading-5922 attachment-large size-large wp-post-image\" alt=\"\" style=\"\" srcset=\"https:\/\/sophie-scholl-schule.eu\/wp-content\/uploads\/2024\/10\/Sek2_Arch_thumb.jpg 500w, https:\/\/sophie-scholl-schule.eu\/wp-content\/uploads\/2024\/10\/Sek2_Arch_thumb-300x300.jpg 300w, https:\/\/sophie-scholl-schule.eu\/wp-content\/uploads\/2024\/10\/Sek2_Arch_thumb-80x80.jpg 80w, https:\/\/sophie-scholl-schule.eu\/wp-content\/uploads\/2024\/10\/Sek2_Arch_thumb-36x36.jpg 36w, https:\/\/sophie-scholl-schule.eu\/wp-content\/uploads\/2024\/10\/Sek2_Arch_thumb-180x180.jpg 180w\" sizes=\"auto, (max-width: 500px) 100vw, 500px\" \/><\/a><\/div><a class=\"wp-block-latest-posts__post-title\" href=\"https:\/\/sophie-scholl-schule.eu\/?p=5921\">Architektur<\/a><\/li>\n<li><div class=\"wp-block-latest-posts__featured-image aligncenter\"><a href=\"https:\/\/sophie-scholl-schule.eu\/?p=5924\" aria-label=\"Malerei\"><img decoding=\"async\" loading=\"lazy\" width=\"500\" height=\"500\" src=\"https:\/\/sophie-scholl-schule.eu\/wp-content\/uploads\/2024\/10\/sek-2-Malerei_thumb.jpg\" class=\"wp-image-5925 avia-img-lazy-loading-5925 attachment-large size-large wp-post-image\" alt=\"\" style=\"\" srcset=\"https:\/\/sophie-scholl-schule.eu\/wp-content\/uploads\/2024\/10\/sek-2-Malerei_thumb.jpg 500w, https:\/\/sophie-scholl-schule.eu\/wp-content\/uploads\/2024\/10\/sek-2-Malerei_thumb-300x300.jpg 300w, https:\/\/sophie-scholl-schule.eu\/wp-content\/uploads\/2024\/10\/sek-2-Malerei_thumb-80x80.jpg 80w, https:\/\/sophie-scholl-schule.eu\/wp-content\/uploads\/2024\/10\/sek-2-Malerei_thumb-36x36.jpg 36w, https:\/\/sophie-scholl-schule.eu\/wp-content\/uploads\/2024\/10\/sek-2-Malerei_thumb-180x180.jpg 180w\" sizes=\"auto, (max-width: 500px) 100vw, 500px\" \/><\/a><\/div><a class=\"wp-block-latest-posts__post-title\" href=\"https:\/\/sophie-scholl-schule.eu\/?p=5924\">Malerei<\/a><\/li>\n<li><div class=\"wp-block-latest-posts__featured-image aligncenter\"><a href=\"https:\/\/sophie-scholl-schule.eu\/?p=5927\" aria-label=\"Grafikdesign\"><img decoding=\"async\" loading=\"lazy\" width=\"500\" height=\"500\" src=\"https:\/\/sophie-scholl-schule.eu\/wp-content\/uploads\/2024\/10\/Sek-2-Grafikdesign_thumb.jpg\" class=\"wp-image-5928 avia-img-lazy-loading-5928 attachment-large size-large wp-post-image\" alt=\"\" style=\"\" srcset=\"https:\/\/sophie-scholl-schule.eu\/wp-content\/uploads\/2024\/10\/Sek-2-Grafikdesign_thumb.jpg 500w, https:\/\/sophie-scholl-schule.eu\/wp-content\/uploads\/2024\/10\/Sek-2-Grafikdesign_thumb-300x300.jpg 300w, https:\/\/sophie-scholl-schule.eu\/wp-content\/uploads\/2024\/10\/Sek-2-Grafikdesign_thumb-80x80.jpg 80w, https:\/\/sophie-scholl-schule.eu\/wp-content\/uploads\/2024\/10\/Sek-2-Grafikdesign_thumb-36x36.jpg 36w, https:\/\/sophie-scholl-schule.eu\/wp-content\/uploads\/2024\/10\/Sek-2-Grafikdesign_thumb-180x180.jpg 180w\" sizes=\"auto, (max-width: 500px) 100vw, 500px\" \/><\/a><\/div><a class=\"wp-block-latest-posts__post-title\" href=\"https:\/\/sophie-scholl-schule.eu\/?p=5927\">Grafikdesign<\/a><\/li>\n<\/ul>\n\n\n<p><strong>Projekte<\/strong><\/p>\n\n\n<ul class=\"wp-block-latest-posts__list is-grid columns-4 kunstgalerie wp-block-latest-posts\"><li><div class=\"wp-block-latest-posts__featured-image aligncenter\"><a href=\"https:\/\/sophie-scholl-schule.eu\/?p=5870\" aria-label=\"Upcycling-Modeprojekt 12. Jg.\"><img decoding=\"async\" loading=\"lazy\" width=\"500\" height=\"500\" src=\"https:\/\/sophie-scholl-schule.eu\/wp-content\/uploads\/2024\/10\/modedesign6_thumb.jpg\" class=\"wp-image-5880 avia-img-lazy-loading-5880 attachment-large size-large wp-post-image\" alt=\"\" style=\"\" srcset=\"https:\/\/sophie-scholl-schule.eu\/wp-content\/uploads\/2024\/10\/modedesign6_thumb.jpg 500w, https:\/\/sophie-scholl-schule.eu\/wp-content\/uploads\/2024\/10\/modedesign6_thumb-300x300.jpg 300w, https:\/\/sophie-scholl-schule.eu\/wp-content\/uploads\/2024\/10\/modedesign6_thumb-80x80.jpg 80w, https:\/\/sophie-scholl-schule.eu\/wp-content\/uploads\/2024\/10\/modedesign6_thumb-36x36.jpg 36w, https:\/\/sophie-scholl-schule.eu\/wp-content\/uploads\/2024\/10\/modedesign6_thumb-180x180.jpg 180w\" sizes=\"auto, (max-width: 500px) 100vw, 500px\" \/><\/a><\/div><a class=\"wp-block-latest-posts__post-title\" href=\"https:\/\/sophie-scholl-schule.eu\/?p=5870\">Upcycling-Modeprojekt 12. Jg.<\/a><\/li>\n<li><div class=\"wp-block-latest-posts__featured-image aligncenter\"><a href=\"https:\/\/sophie-scholl-schule.eu\/?p=5844\" aria-label=\"Gedenktafeln\"><img decoding=\"async\" loading=\"lazy\" width=\"500\" height=\"500\" src=\"https:\/\/sophie-scholl-schule.eu\/wp-content\/uploads\/2024\/10\/1_thumb-7.jpg\" class=\"wp-image-5868 avia-img-lazy-loading-5868 attachment-large size-large wp-post-image\" alt=\"\" style=\"\" srcset=\"https:\/\/sophie-scholl-schule.eu\/wp-content\/uploads\/2024\/10\/1_thumb-7.jpg 500w, https:\/\/sophie-scholl-schule.eu\/wp-content\/uploads\/2024\/10\/1_thumb-7-300x300.jpg 300w, https:\/\/sophie-scholl-schule.eu\/wp-content\/uploads\/2024\/10\/1_thumb-7-80x80.jpg 80w, https:\/\/sophie-scholl-schule.eu\/wp-content\/uploads\/2024\/10\/1_thumb-7-36x36.jpg 36w, https:\/\/sophie-scholl-schule.eu\/wp-content\/uploads\/2024\/10\/1_thumb-7-180x180.jpg 180w\" sizes=\"auto, (max-width: 500px) 100vw, 500px\" \/><\/a><\/div><a class=\"wp-block-latest-posts__post-title\" href=\"https:\/\/sophie-scholl-schule.eu\/?p=5844\">Gedenktafeln<\/a><\/li>\n<li><div class=\"wp-block-latest-posts__featured-image aligncenter\"><a href=\"https:\/\/sophie-scholl-schule.eu\/?p=5836\" aria-label=\"Gezwungen\"><img decoding=\"async\" loading=\"lazy\" width=\"500\" height=\"500\" src=\"https:\/\/sophie-scholl-schule.eu\/wp-content\/uploads\/2024\/10\/Gezwungen_thumb.jpg\" class=\"wp-image-5839 avia-img-lazy-loading-5839 attachment-large size-large wp-post-image\" alt=\"\" style=\"\" srcset=\"https:\/\/sophie-scholl-schule.eu\/wp-content\/uploads\/2024\/10\/Gezwungen_thumb.jpg 500w, https:\/\/sophie-scholl-schule.eu\/wp-content\/uploads\/2024\/10\/Gezwungen_thumb-300x300.jpg 300w, https:\/\/sophie-scholl-schule.eu\/wp-content\/uploads\/2024\/10\/Gezwungen_thumb-80x80.jpg 80w, https:\/\/sophie-scholl-schule.eu\/wp-content\/uploads\/2024\/10\/Gezwungen_thumb-36x36.jpg 36w, https:\/\/sophie-scholl-schule.eu\/wp-content\/uploads\/2024\/10\/Gezwungen_thumb-180x180.jpg 180w\" sizes=\"auto, (max-width: 500px) 100vw, 500px\" \/><\/a><\/div><a class=\"wp-block-latest-posts__post-title\" href=\"https:\/\/sophie-scholl-schule.eu\/?p=5836\">Gezwungen<\/a><\/li>\n<li><div class=\"wp-block-latest-posts__featured-image aligncenter\"><a href=\"https:\/\/sophie-scholl-schule.eu\/?p=5801\" aria-label=\"Lichtinstallation 100 Jahre Sophie Scholl\"><img decoding=\"async\" loading=\"lazy\" width=\"500\" height=\"500\" src=\"https:\/\/sophie-scholl-schule.eu\/wp-content\/uploads\/2024\/10\/lichtinstallation100_thumb.jpg\" class=\"wp-image-5834 avia-img-lazy-loading-5834 attachment-large size-large wp-post-image\" alt=\"\" style=\"\" srcset=\"https:\/\/sophie-scholl-schule.eu\/wp-content\/uploads\/2024\/10\/lichtinstallation100_thumb.jpg 500w, https:\/\/sophie-scholl-schule.eu\/wp-content\/uploads\/2024\/10\/lichtinstallation100_thumb-300x300.jpg 300w, https:\/\/sophie-scholl-schule.eu\/wp-content\/uploads\/2024\/10\/lichtinstallation100_thumb-80x80.jpg 80w, https:\/\/sophie-scholl-schule.eu\/wp-content\/uploads\/2024\/10\/lichtinstallation100_thumb-36x36.jpg 36w, https:\/\/sophie-scholl-schule.eu\/wp-content\/uploads\/2024\/10\/lichtinstallation100_thumb-180x180.jpg 180w\" sizes=\"auto, (max-width: 500px) 100vw, 500px\" \/><\/a><\/div><a class=\"wp-block-latest-posts__post-title\" href=\"https:\/\/sophie-scholl-schule.eu\/?p=5801\">Lichtinstallation 100 Jahre Sophie Scholl<\/a><\/li>\n<li><div class=\"wp-block-latest-posts__featured-image aligncenter\"><a href=\"https:\/\/sophie-scholl-schule.eu\/?p=5796\" aria-label=\"Zeichnen gegen das Vergessen\"><img decoding=\"async\" loading=\"lazy\" width=\"500\" height=\"500\" src=\"https:\/\/sophie-scholl-schule.eu\/wp-content\/uploads\/2024\/10\/1ZeichnenGegen-Das-Vergessen_thumb.jpg\" class=\"wp-image-5797 avia-img-lazy-loading-5797 attachment-large size-large wp-post-image\" alt=\"\" style=\"\" srcset=\"https:\/\/sophie-scholl-schule.eu\/wp-content\/uploads\/2024\/10\/1ZeichnenGegen-Das-Vergessen_thumb.jpg 500w, https:\/\/sophie-scholl-schule.eu\/wp-content\/uploads\/2024\/10\/1ZeichnenGegen-Das-Vergessen_thumb-300x300.jpg 300w, https:\/\/sophie-scholl-schule.eu\/wp-content\/uploads\/2024\/10\/1ZeichnenGegen-Das-Vergessen_thumb-80x80.jpg 80w, https:\/\/sophie-scholl-schule.eu\/wp-content\/uploads\/2024\/10\/1ZeichnenGegen-Das-Vergessen_thumb-36x36.jpg 36w, https:\/\/sophie-scholl-schule.eu\/wp-content\/uploads\/2024\/10\/1ZeichnenGegen-Das-Vergessen_thumb-180x180.jpg 180w\" sizes=\"auto, (max-width: 500px) 100vw, 500px\" \/><\/a><\/div><a class=\"wp-block-latest-posts__post-title\" href=\"https:\/\/sophie-scholl-schule.eu\/?p=5796\">Zeichnen gegen das Vergessen<\/a><\/li>\n<\/ul>","protected":false},"excerpt":{"rendered":"<p>Kunst Das Fach Kunst hat an der Sophie-Scholl-Schule einen hohen Stellenwert. Die F\u00f6rderung von Kreativit\u00e4t und gestalterischen F\u00e4higkeiten sowie die Vermittlung von kunstwissenschaftlichen Kenntnissen sind Ziele des Faches. Die praktische Auseinandersetzung mit k\u00fcnstlerischen Sicht- und Arbeitsweisen steht hierbei im Mittelpunkt. Neben dem normalen Kunstunterricht, an dem alle Sch\u00fclerinnen und Sch\u00fcler teilnehmen, k\u00f6nnen besonders interessierte Sch\u00fclerinnen [&hellip;]<\/p>\n","protected":false},"author":1,"featured_media":0,"parent":17,"menu_order":0,"comment_status":"closed","ping_status":"closed","template":"","meta":{"footnotes":""},"class_list":["post-3907","page","type-page","status-publish","hentry"],"_links":{"self":[{"href":"https:\/\/sophie-scholl-schule.eu\/index.php?rest_route=\/wp\/v2\/pages\/3907","targetHints":{"allow":["GET"]}}],"collection":[{"href":"https:\/\/sophie-scholl-schule.eu\/index.php?rest_route=\/wp\/v2\/pages"}],"about":[{"href":"https:\/\/sophie-scholl-schule.eu\/index.php?rest_route=\/wp\/v2\/types\/page"}],"author":[{"embeddable":true,"href":"https:\/\/sophie-scholl-schule.eu\/index.php?rest_route=\/wp\/v2\/users\/1"}],"replies":[{"embeddable":true,"href":"https:\/\/sophie-scholl-schule.eu\/index.php?rest_route=%2Fwp%2Fv2%2Fcomments&post=3907"}],"version-history":[{"count":8,"href":"https:\/\/sophie-scholl-schule.eu\/index.php?rest_route=\/wp\/v2\/pages\/3907\/revisions"}],"predecessor-version":[{"id":6425,"href":"https:\/\/sophie-scholl-schule.eu\/index.php?rest_route=\/wp\/v2\/pages\/3907\/revisions\/6425"}],"up":[{"embeddable":true,"href":"https:\/\/sophie-scholl-schule.eu\/index.php?rest_route=\/wp\/v2\/pages\/17"}],"wp:attachment":[{"href":"https:\/\/sophie-scholl-schule.eu\/index.php?rest_route=%2Fwp%2Fv2%2Fmedia&parent=3907"}],"curies":[{"name":"wp","href":"https:\/\/api.w.org\/{rel}","templated":true}]}}