{"id":3886,"date":"2024-06-30T15:36:16","date_gmt":"2024-06-30T15:36:16","guid":{"rendered":"https:\/\/sophie-scholl-schule.eu\/?page_id=3886"},"modified":"2024-10-31T16:04:54","modified_gmt":"2024-10-31T16:04:54","slug":"kontakt","status":"publish","type":"page","link":"https:\/\/sophie-scholl-schule.eu\/?page_id=3886","title":{"rendered":"Kontakt"},"content":{"rendered":"\n<h2 class=\"wp-block-heading\">Kontakt<\/h2>\n\n\n\n<p><strong>Sophie-Scholl-Schule<\/strong><br><strong>Schulnummer: 07K01<\/strong><\/p>\n\n\n\n<p>Integrierte Sekundarschule mit gymnasialer Oberstufe<br>Staatliche Europaschule Berlin (Franz\u00f6sisch)<br>Schulleitung: Juliane Westphal, Oberstudiendirektorin<\/p>\n\n\n\n<p>El\u00dfholzstra\u00dfe 34 \u2013 37<br>10781 Berlin-Sch\u00f6neberg<\/p>\n\n\n\n<p><strong>Tel: 030 90277 7171 (Bitte beachten Sie: In den Ferienzeitr\u00e4umen ist das Sekretariat nicht besetzt.)<\/strong><br>Fax: 030 90277 4465<br>E-Mail:&nbsp;<a href=\"mailto:kontakt@sophie-scholl-schule.eu\">kontakt@sophie-scholl-schule.eu<\/a><\/p>\n\n\n\n<p><\/p>\n\n\n\n<p><strong>U-Bahn-Verbindung<\/strong><\/p>\n\n\n\n<p>U-Bhf. Kleistpark (U7)<br>U-Bhf. Nollendorfplatz (U1, 2, 3, 4)<br>U-Bhf. B\u00fclowstra\u00dfe (U2)<\/p>\n\n\n\n<p><strong>S-Bahn-Verbindung<\/strong><\/p>\n\n\n\n<p>S-Bhf. Yorckstra\u00dfe (S1, S2, S25)<\/p>\n\n\n\n<p><strong>Bus-Verbindung<\/strong><\/p>\n\n\n\n<p>Haltestelle B\u00fclowstra\u00dfe (M19)<br>Haltestelle Hohenstaufenstra\u00dfe (M46)<br>Haltestelle Goebenstra\u00dfe (M48, M85, 187, 106)<br>Haltestelle Winterfeldtplatz (204)<\/p>\n","protected":false},"excerpt":{"rendered":"<p>Kontakt Sophie-Scholl-SchuleSchulnummer: 07K01 Integrierte Sekundarschule mit gymnasialer OberstufeStaatliche Europaschule Berlin (Franz\u00f6sisch)Schulleitung: Juliane Westphal, Oberstudiendirektorin El\u00dfholzstra\u00dfe 34 \u2013 3710781 Berlin-Sch\u00f6neberg Tel: 030 90277 7171 (Bitte beachten Sie: In den Ferienzeitr\u00e4umen ist das Sekretariat nicht besetzt.)Fax: 030 90277 4465E-Mail:&nbsp;kontakt@sophie-scholl-schule.eu U-Bahn-Verbindung U-Bhf. Kleistpark (U7)U-Bhf. Nollendorfplatz (U1, 2, 3, 4)U-Bhf. B\u00fclowstra\u00dfe (U2) S-Bahn-Verbindung S-Bhf. Yorckstra\u00dfe (S1, S2, S25) Bus-Verbindung [&hellip;]<\/p>\n","protected":false},"author":1,"featured_media":0,"parent":0,"menu_order":0,"comment_status":"closed","ping_status":"closed","template":"","meta":{"footnotes":""},"class_list":["post-3886","page","type-page","status-publish","hentry"],"_links":{"self":[{"href":"https:\/\/sophie-scholl-schule.eu\/index.php?rest_route=\/wp\/v2\/pages\/3886","targetHints":{"allow":["GET"]}}],"collection":[{"href":"https:\/\/sophie-scholl-schule.eu\/index.php?rest_route=\/wp\/v2\/pages"}],"about":[{"href":"https:\/\/sophie-scholl-schule.eu\/index.php?rest_route=\/wp\/v2\/types\/page"}],"author":[{"embeddable":true,"href":"https:\/\/sophie-scholl-schule.eu\/index.php?rest_route=\/wp\/v2\/users\/1"}],"replies":[{"embeddable":true,"href":"https:\/\/sophie-scholl-schule.eu\/index.php?rest_route=%2Fwp%2Fv2%2Fcomments&post=3886"}],"version-history":[{"count":5,"href":"https:\/\/sophie-scholl-schule.eu\/index.php?rest_route=\/wp\/v2\/pages\/3886\/revisions"}],"predecessor-version":[{"id":6012,"href":"https:\/\/sophie-scholl-schule.eu\/index.php?rest_route=\/wp\/v2\/pages\/3886\/revisions\/6012"}],"wp:attachment":[{"href":"https:\/\/sophie-scholl-schule.eu\/index.php?rest_route=%2Fwp%2Fv2%2Fmedia&parent=3886"}],"curies":[{"name":"wp","href":"https:\/\/api.w.org\/{rel}","templated":true}]}}