{"id":3873,"date":"2024-06-30T15:32:44","date_gmt":"2024-06-30T15:32:44","guid":{"rendered":"https:\/\/sophie-scholl-schule.eu\/?page_id=3873"},"modified":"2025-09-22T07:40:08","modified_gmt":"2025-09-22T07:40:08","slug":"auslandsaufenthalte","status":"publish","type":"page","link":"https:\/\/sophie-scholl-schule.eu\/?page_id=3873","title":{"rendered":"Auslandsaufenthalte"},"content":{"rendered":"\n<h2 class=\"wp-block-heading\">Auslandsaufenthalte<\/h2>\n\n\n\n<figure class=\"wp-block-image alignright size-full is-resized\"><img loading=\"lazy\" decoding=\"async\" width=\"739\" height=\"495\" src=\"https:\/\/sophie-scholl-schule.eu\/wp-content\/uploads\/2024\/10\/Ausland.jpg\" alt=\"\" class=\"wp-image-3986\" style=\"width:500px\" srcset=\"https:\/\/sophie-scholl-schule.eu\/wp-content\/uploads\/2024\/10\/Ausland.jpg 739w, https:\/\/sophie-scholl-schule.eu\/wp-content\/uploads\/2024\/10\/Ausland-300x201.jpg 300w, https:\/\/sophie-scholl-schule.eu\/wp-content\/uploads\/2024\/10\/Ausland-705x472.jpg 705w\" sizes=\"auto, (max-width: 739px) 100vw, 739px\" \/><\/figure>\n\n\n\n<p>An der Sophie-Scholl-Schule ist es m\u00f6glich, w\u00e4hrend der 11. Klasse eine Schule im Ausland zu besuchen und sich diesen Schulbesuch f\u00fcr die Schullaufbahn anerkennen zu lassen, sofern bestimmte Vorgaben erf\u00fcllt sind.<\/p>\n\n\n\n<p>Bei einem ganzj\u00e4hrigen Auslandsaufenthalt hei\u00dft das, man nimmt nach R\u00fcckkehr aus dem Ausland und Zustimmung der Sophie-Scholl-Schule gegebenenfalls auch erst auf Probe bzw. nach bestandener Probezeit am Unterricht desselben Jahrgangs teil, den man auch schon zuvor besucht hat.<\/p>\n\n\n\n<p>Wird ein k\u00fcrzerer Schulbesuch im Ausland geplant, besucht man f\u00fcr die verbleibende Zeit des Schuljahres den Unterricht einer unserer 11. Klassen.<\/p>\n\n\n\n<p>Weitere Informationen finden Sie im <a href=\"https:\/\/sophie-scholl-schule.eu\/wp-content\/uploads\/2024\/12\/Beurlaubungsantrag.pdf\"><mark style=\"background-color:rgba(0, 0, 0, 0);color:#0693e3\" class=\"has-inline-color\">Antragsformular<\/mark><\/a> f\u00fcr eine Beurlaubung f\u00fcr einen Schulbesuch an einer Auslandsschule.<\/p>\n\n\n\n<p>Der Auslandsaufenthalt wird von den Kindern und Eltern selbst organisiert.<\/p>\n\n\n\n<p><\/p>\n","protected":false},"excerpt":{"rendered":"<p>Auslandsaufenthalte An der Sophie-Scholl-Schule ist es m\u00f6glich, w\u00e4hrend der 11. Klasse eine Schule im Ausland zu besuchen und sich diesen Schulbesuch f\u00fcr die Schullaufbahn anerkennen zu lassen, sofern bestimmte Vorgaben erf\u00fcllt sind. Bei einem ganzj\u00e4hrigen Auslandsaufenthalt hei\u00dft das, man nimmt nach R\u00fcckkehr aus dem Ausland und Zustimmung der Sophie-Scholl-Schule gegebenenfalls auch erst auf Probe bzw. [&hellip;]<\/p>\n","protected":false},"author":4,"featured_media":0,"parent":3861,"menu_order":5,"comment_status":"closed","ping_status":"closed","template":"","meta":{"footnotes":""},"class_list":["post-3873","page","type-page","status-publish","hentry"],"_links":{"self":[{"href":"https:\/\/sophie-scholl-schule.eu\/index.php?rest_route=\/wp\/v2\/pages\/3873","targetHints":{"allow":["GET"]}}],"collection":[{"href":"https:\/\/sophie-scholl-schule.eu\/index.php?rest_route=\/wp\/v2\/pages"}],"about":[{"href":"https:\/\/sophie-scholl-schule.eu\/index.php?rest_route=\/wp\/v2\/types\/page"}],"author":[{"embeddable":true,"href":"https:\/\/sophie-scholl-schule.eu\/index.php?rest_route=\/wp\/v2\/users\/4"}],"replies":[{"embeddable":true,"href":"https:\/\/sophie-scholl-schule.eu\/index.php?rest_route=%2Fwp%2Fv2%2Fcomments&post=3873"}],"version-history":[{"count":5,"href":"https:\/\/sophie-scholl-schule.eu\/index.php?rest_route=\/wp\/v2\/pages\/3873\/revisions"}],"predecessor-version":[{"id":6865,"href":"https:\/\/sophie-scholl-schule.eu\/index.php?rest_route=\/wp\/v2\/pages\/3873\/revisions\/6865"}],"up":[{"embeddable":true,"href":"https:\/\/sophie-scholl-schule.eu\/index.php?rest_route=\/wp\/v2\/pages\/3861"}],"wp:attachment":[{"href":"https:\/\/sophie-scholl-schule.eu\/index.php?rest_route=%2Fwp%2Fv2%2Fmedia&parent=3873"}],"curies":[{"name":"wp","href":"https:\/\/api.w.org\/{rel}","templated":true}]}}