{"id":3871,"date":"2024-06-30T15:32:22","date_gmt":"2024-06-30T15:32:22","guid":{"rendered":"https:\/\/sophie-scholl-schule.eu\/?page_id=3871"},"modified":"2025-06-25T16:51:16","modified_gmt":"2025-06-25T16:51:16","slug":"berufs-und-studienorientierung","status":"publish","type":"page","link":"https:\/\/sophie-scholl-schule.eu\/?page_id=3871","title":{"rendered":"Berufs- und Studienorientierung"},"content":{"rendered":"\n<h2 class=\"wp-block-heading\"><strong>Berufs- und Studienberatung an der Sophie-Scholl-Schule<\/strong><\/h2>\n\n\n\n<p>Um unseren Sch\u00fclerinnen und Sch\u00fclern einen erfolgreichen Einstieg in das Arbeitsleben zu erm\u00f6glichen, m\u00fcssen sie \u00fcber fachliche und soziale Kompetenzen verf\u00fcgen. Sie m\u00fcssen ihre Interessen artikulieren, ihre F\u00e4higkeiten erkennen, Haltungen und Einstellungen entwickeln und auf die Anforderungen in der Arbeitswelt vorbereitet werden. Daher wollen wir in besonderem Ma\u00dfe neben der fachlichen auch die soziale Kompetenz unserer Sch\u00fclerinnen und Sch\u00fclern st\u00e4rken, sie zu selbstbewussten und kritischen Menschen erziehen, damit sie in ihrer sp\u00e4teren beruflichen T\u00e4tigkeit sowie im gesellschaftlichen und wirtschaftlichen Leben Verantwortung \u00fcbernehmen k\u00f6nnen.<\/p>\n\n\n\n<p>Unser Ziel ist die F\u00f6rderung aller Talente: Alle Sch\u00fclerinnen und Sch\u00fcler sollen Berufsperspektiven entwickeln k\u00f6nnen. Dabei m\u00fcssen die individuellen Kenntnisse und F\u00e4higkeiten ber\u00fccksichtigt werden. Wir haben uns zum Ziel gesetzt, in allen Klassenstufen Inhalte des Dualen Lernens zu vermitteln. Um dieses umzusetzen, steht uns ein komplexes Netzwerk aus Unternehmen, Berufsberatern, Fachlehrern, Sozialp\u00e4dagogen, Tr\u00e4gern und gemeinn\u00fctzige Organisationen zur Seite. Dabei legen wir gro\u00dfen Wert auf die Einbindung der Eltern in den Entscheidungsprozess.&nbsp;<\/p>\n\n\n\n<p>An der Sophie-Scholl-Schule erwartet die Sch\u00fclerinnen und Sch\u00fcler ein umfassendes Konzept zur Berufs- und Studienorientierung. In allen Jahrgangsstufen finden abwechslungsreiche Projekte mit Kooperationspartnern statt. Unterst\u00fctzt und erweitert werden die Projekte durch die beratenden T\u00e4tigkeiten eines dreik\u00f6pfigen interdisziplin\u00e4ren BSO-Teams:&nbsp;<\/p>\n\n\n\n<p><strong>Stephanie Geisler<\/strong>: BSO-Koordination, Koordination der Projekte \u201eGleich nebenan\u201c (7. Jahrgang, WAT-intern), \u201eEduKlima (9. Jahrgang, Kooperation Arbeit und Leben), \u201eBerufswege und Studienlandschaften\u201c (10. JG, Kooperation BVBO\/FORUM e.V.), Studi-Talks (11. JG, Kooperation BVBO\/FORUM e.V.), \u201eAssessment Center\u201c (12. Jahrgang, Kooperation Jugendberufsagentur), Organisation der BIZ-Besuchstage (8. Jahrgang, Kooperation Jugendberufsagentur), Planung der Berufsberatungsgespr\u00e4che (Frau Adler und Frau Jost), Planung, Beratung und Ummeldung bei Schulwechsel (LUSD), Teilnahme an BSO-Netzwerkveranstaltungen, BSO-Ansprechpartnerin f\u00fcr das Kollegium, Kontakt:\u00a0 <a href=\"mailto:geis@sophie-scholl-schule.eu\">geis@sophie-scholl-schule.eu<\/a><\/p>\n\n\n\n<p><strong>Sandra Kaiser<\/strong>: BSO-Beraterin der Jugendberufsagentur f\u00fcr Arbeit Spandau, Durchf\u00fchrung von Berufsorientierungsgespr\u00e4chen im 10. Jahrgang und in der Oberstufe, Unterst\u00fctzung von hausinternen BSO-Veranstaltungen, Unterst\u00fctzung GE-SuS-Praktika, Koordination fallbezogener Reha-Ma\u00dfnahmen f\u00fcr SuS, Kontakt:\u00a0<a href=\"mailto:marianne.jost@arbeitsagentur.de\">marianne.jost@arbeitsagentur.de<\/a><\/p>\n\n\n\n<p><strong>Ines Adler-Riediger<\/strong>: Lehrkraft am Oberstufenzentrum Leopold-Ullstein,\u00a0Durchf\u00fchrung von Berufsorientierungsgespr\u00e4chen im 10. Jahrgang, Unterst\u00fctzung von hausinternen BSO-Veranstaltungen, Kontakt:\u00a0<a href=\"adler@osz-lus.de\">adler@osz-lus.de<\/a>.<\/p>\n\n\n\n<p>F\u00fcr die Sch\u00fclerinnen und Sch\u00fcler bieten wir im gesamten 10. Jahrgang ein intensives JobCoaching an sowie eine Laufbahnberatung f\u00fcr diejenigen Sch\u00fclerinnen und Sch\u00fcler, die sich f\u00fcr einen Bildungsgang an einem\u00a0<strong>Oberstufenzentrum<\/strong>\u00a0interessieren. Ratsuchende Sch\u00fclerinnen und Sch\u00fcler sowie ihre Erziehungsberechtigten werden im Rahmen regelm\u00e4\u00dfiger Sprechstunden nach vorheriger Terminvergabe \u00fcber Frau Geisler im Jobcoachraum 136 von Frau Kaiser\/Jugendberufsagentur und Frau Adler-Riediger\/OSZ Leopold Ullstein zu allen Fragen der Berufs- und Studienorientierung beraten. Fachkundig und unter Ber\u00fccksichtigung der pers\u00f6nlichen Voraussetzungen der Sch\u00fclerinnen und Sch\u00fcler werden individuelle Anschlussperspektiven f\u00fcr die \u00dcberg\u00e4nge nach der 10. Klasse und dem Abitur erarbeitet:<\/p>\n\n\n\n<figure class=\"wp-block-image aligncenter size-large is-resized\"><img loading=\"lazy\" decoding=\"async\" width=\"1030\" height=\"912\" src=\"https:\/\/sophie-scholl-schule.eu\/wp-content\/uploads\/2025\/06\/Bildschirmfoto-2025-06-25-um-18.47.04-1030x912.png\" alt=\"\" class=\"wp-image-6757\" style=\"width:552px;height:auto\" srcset=\"https:\/\/sophie-scholl-schule.eu\/wp-content\/uploads\/2025\/06\/Bildschirmfoto-2025-06-25-um-18.47.04-1030x912.png 1030w, https:\/\/sophie-scholl-schule.eu\/wp-content\/uploads\/2025\/06\/Bildschirmfoto-2025-06-25-um-18.47.04-300x266.png 300w, https:\/\/sophie-scholl-schule.eu\/wp-content\/uploads\/2025\/06\/Bildschirmfoto-2025-06-25-um-18.47.04-768x680.png 768w, https:\/\/sophie-scholl-schule.eu\/wp-content\/uploads\/2025\/06\/Bildschirmfoto-2025-06-25-um-18.47.04-1536x1359.png 1536w, https:\/\/sophie-scholl-schule.eu\/wp-content\/uploads\/2025\/06\/Bildschirmfoto-2025-06-25-um-18.47.04-1500x1328.png 1500w, https:\/\/sophie-scholl-schule.eu\/wp-content\/uploads\/2025\/06\/Bildschirmfoto-2025-06-25-um-18.47.04-705x624.png 705w, https:\/\/sophie-scholl-schule.eu\/wp-content\/uploads\/2025\/06\/Bildschirmfoto-2025-06-25-um-18.47.04.png 1636w\" sizes=\"auto, (max-width: 1030px) 100vw, 1030px\" \/><\/figure>\n\n\n\n<p><strong>Zus\u00e4tzliche Elternabende im 10. Jahrgang:<\/strong><strong><\/strong><\/p>\n\n\n\n<ul class=\"wp-block-list\">\n<li>Immer im November: \u201eWege nach der 10. Klasse\u201c (Frau Kaiser, Jugendberufsagentur, Frau Geisler)<\/li>\n\n\n\n<li>Immer im M\u00e4rz: \u201eInformationen zum \u00dcbergang an ein Oberstufenzentrum (OSZ) und zur dazugeh\u00f6rigen Datenbank\u201c (Frau Adler, OSZ Leopold Ullstein, Frau Geisler)<\/li>\n<\/ul>\n\n\n\n<p><\/p>\n\n\n\n<p><strong>BSO-Projekte an der Sophie-Scholl-Schule<\/strong><\/p>\n\n\n\n<p>Das Duale Lernen ist wesentlicher Bestandteil unseres Schulprogramms und wird zu einem gro\u00dfen Teil in Form von folgenden Projekten durchgef\u00fchrt:<\/p>\n\n\n\n<figure class=\"wp-block-table is-style-stripes\"><table><thead><tr><th class=\"has-text-align-left\" data-align=\"left\">JG<\/th><th><strong>Projekttitel<\/strong><\/th><th><strong>Schwerpunkt<\/strong><\/th><th><strong>Kooperationspartner<\/strong><\/th><\/tr><\/thead><tbody><tr><td class=\"has-text-align-left\" data-align=\"left\"><strong>7<\/strong><strong><\/strong><\/td><td>\u201eGleich nebenan\u201c<\/td><td>Einf\u00fchrung in das Duale Lernen, Stadtteilerkundung und Vorstellen von Berufsbildern<strong><\/strong><\/td><td>FB WAT<\/td><\/tr><tr><td class=\"has-text-align-left\" data-align=\"left\"><strong>8<\/strong><\/td><td>\u201eGesch\u00e4ftsidee\u201c<\/td><td>Erstellung eines Gesch\u00e4ftskonzeptes anhand eines selbst kreierten Produktes<\/td><td>FB WAT<\/td><\/tr><tr><td class=\"has-text-align-left\" data-align=\"left\"><strong>&nbsp;<\/strong><\/td><td>\u201ePerson des Tages\u201c<\/td><td>Eltern berichten \u00fcber ihre Berufswege<\/td><td>FB WAT<\/td><\/tr><tr><td class=\"has-text-align-left\" data-align=\"left\"><strong>&nbsp;<\/strong><\/td><td>BIZ-BO<\/td><td>Durchf\u00fchrung einer Orientierungsveranstaltung zum Thema BIZ (Berufsinformationszentrum)<\/td><td>Jugendberufsagentur<\/td><\/tr><tr><td class=\"has-text-align-left\" data-align=\"left\"><strong>9<\/strong><strong><\/strong><\/td><td>Betriebspraktikum<\/td><td>3-W\u00f6chiges Praktikum in selbst gew\u00e4hlten Betrieben<\/td><td>FB WAT<\/td><\/tr><tr><td class=\"has-text-align-left\" data-align=\"left\"><strong>&nbsp;<\/strong><\/td><td>Erlebe Handwerk<\/td><td>Besuch von Ausbildungszentren der Handwerkskammer Berlin und der Berliner Innungen des Handwerks, wo typische T\u00e4tigkeiten und Arbeitsabl\u00e4ufe erprobt werden<\/td><td>Modul e.V.<\/td><\/tr><tr><td class=\"has-text-align-left\" data-align=\"left\"><strong>&nbsp;<\/strong><\/td><td>EduKlima<\/td><td>Workshop zu Berufsorientierung in den Bereichen Energie, Klimawende und Umwelt, Besichtigung von Unternehmen und Ausbildungsst\u00e4tten<\/td><td>Arbeit und Leben<\/td><\/tr><tr><td class=\"has-text-align-left\" data-align=\"left\"><\/td><td>Messebesuch<\/td><td>Besuch der Berufsmesse \u201eVocatium\u201c<\/td><td><\/td><\/tr><tr><td class=\"has-text-align-left\" data-align=\"left\"><strong>10<\/strong><\/td><td>Projekt \u201eBerufswege\u201c<\/td><td>Workshop zu verschiedenen Bildungswegen, Chancen auf dem Ausbildungsmarkt sowie \u00dcberbr\u00fcckungsm\u00f6glichkeiten zwischen Schule und Beruf, Besuch eines Oberstufenzentrums (OSZ)<\/td><td>FORUM Berufsbildung<\/td><\/tr><tr><td class=\"has-text-align-left\" data-align=\"left\"><\/td><td>Messebesuch<\/td><td>Besuch der Gr\u00fcnen Woche (Generation Hub)<\/td><td><\/td><\/tr><tr><td class=\"has-text-align-left\" data-align=\"left\"><strong>11<\/strong><strong><\/strong><\/td><td>Projekt \u201eStudienwege\u201c<\/td><td>Um Berufs- bzw. Studienwahlentscheidung zu unterst\u00fctzen, werden in Workshops die Voraussetzungen eines Dualen Studiums ebenso thematisiert wie die m\u00f6glichen Karrierewege nach einer Ausbildung oder einem Studium<\/td><td>FORUM Berufsbildung<strong><\/strong><\/td><\/tr><tr><td class=\"has-text-align-left\" data-align=\"left\"><strong>12<\/strong><\/td><td>Uni-Tag<\/td><td>Teilnahme an den Tagen der offenen T\u00fcr der Berliner Universit\u00e4ten<\/td><td><\/td><\/tr><\/tbody><\/table><\/figure>\n","protected":false},"excerpt":{"rendered":"<p>Berufs- und Studienberatung an der Sophie-Scholl-Schule Um unseren Sch\u00fclerinnen und Sch\u00fclern einen erfolgreichen Einstieg in das Arbeitsleben zu erm\u00f6glichen, m\u00fcssen sie \u00fcber fachliche und soziale Kompetenzen verf\u00fcgen. Sie m\u00fcssen ihre Interessen artikulieren, ihre F\u00e4higkeiten erkennen, Haltungen und Einstellungen entwickeln und auf die Anforderungen in der Arbeitswelt vorbereitet werden. Daher wollen wir in besonderem Ma\u00dfe neben [&hellip;]<\/p>\n","protected":false},"author":1,"featured_media":0,"parent":3698,"menu_order":4,"comment_status":"closed","ping_status":"closed","template":"","meta":{"footnotes":""},"class_list":["post-3871","page","type-page","status-publish","hentry"],"_links":{"self":[{"href":"https:\/\/sophie-scholl-schule.eu\/index.php?rest_route=\/wp\/v2\/pages\/3871","targetHints":{"allow":["GET"]}}],"collection":[{"href":"https:\/\/sophie-scholl-schule.eu\/index.php?rest_route=\/wp\/v2\/pages"}],"about":[{"href":"https:\/\/sophie-scholl-schule.eu\/index.php?rest_route=\/wp\/v2\/types\/page"}],"author":[{"embeddable":true,"href":"https:\/\/sophie-scholl-schule.eu\/index.php?rest_route=\/wp\/v2\/users\/1"}],"replies":[{"embeddable":true,"href":"https:\/\/sophie-scholl-schule.eu\/index.php?rest_route=%2Fwp%2Fv2%2Fcomments&post=3871"}],"version-history":[{"count":3,"href":"https:\/\/sophie-scholl-schule.eu\/index.php?rest_route=\/wp\/v2\/pages\/3871\/revisions"}],"predecessor-version":[{"id":6758,"href":"https:\/\/sophie-scholl-schule.eu\/index.php?rest_route=\/wp\/v2\/pages\/3871\/revisions\/6758"}],"up":[{"embeddable":true,"href":"https:\/\/sophie-scholl-schule.eu\/index.php?rest_route=\/wp\/v2\/pages\/3698"}],"wp:attachment":[{"href":"https:\/\/sophie-scholl-schule.eu\/index.php?rest_route=%2Fwp%2Fv2%2Fmedia&parent=3871"}],"curies":[{"name":"wp","href":"https:\/\/api.w.org\/{rel}","templated":true}]}}