{"id":3854,"date":"2024-06-30T14:40:07","date_gmt":"2024-06-30T14:40:07","guid":{"rendered":"https:\/\/sophie-scholl-schule.eu\/?page_id=3854"},"modified":"2024-10-27T17:09:49","modified_gmt":"2024-10-27T17:09:49","slug":"impressum","status":"publish","type":"page","link":"https:\/\/sophie-scholl-schule.eu\/?page_id=3854","title":{"rendered":"Impressum"},"content":{"rendered":"\n<p><strong>Integrierte Sekundarschule mit gymnasialer Oberstufe<\/strong><br><strong>Staatliche Europaschule Berlin (Franz\u00f6sisch)<\/strong><br>Schulleitung: Juliane Westphal, Oberstudiendirektorin<br>El\u00dfholzstra\u00dfe 34 \u2013 37<br>D-10781 Berlin-Sch\u00f6neberg<br>Tel.: 030 90277 7171<br>Fax: 030 90277 4465<br>E-mail:&nbsp;<a href=\"mailto:kontakt@sophie-scholl-schule.eu\">kontakt@sophie-scholl-schule.eu<\/a><\/p>\n\n\n\n<p><strong>Schul- und Rechtstr\u00e4ger:<\/strong><br>Land Berlin<br>Vertreten durch: Bezirksamt Tempelhof-Sch\u00f6neberg von Berlin<br>Bezirksstadtrat der Abteilung Schule, Sport, Weiterbildung und Kultur (SchulSpoBiKu)<br>Telefon: 030-90277-3794<br>Telefax: 030-90277-3796<br>E-Mail:&nbsp;&nbsp;<a href=\"mailto:Schulamt@ba-ts.berlin.de\"><\/a><a href=\"mailto:schule@ba-ts.berlin.de\">schule@ba-ts.berlin.de<\/a><\/p>\n\n\n\n<p>Tel.: 030 90277 -6131 oder -6494<br>Fax: 030 90277 -3502<\/p>\n\n\n\n<p><strong>Schulaufsicht<\/strong><br>Matthias Goldbeck-L\u00f6we, Ltd. Oberschulrat<\/p>\n\n\n\n<p><strong>Schulrat<\/strong><br>Jan Geiger, Oberschulrat<\/p>\n\n\n\n<h2 class=\"wp-block-heading\"><strong>Datenschutz<\/strong><\/h2>\n\n\n\n<h3 class=\"wp-block-heading\">Datenschutzerkl\u00e4rung<\/h3>\n\n\n\n<ol class=\"wp-block-list\">\n<li><strong>Kontakt zum Datenschutzbeauftragten\u00a0<br><\/strong>Regionaler Datenschutzbeauftragter f\u00fcr Schulen der Regionen\u00a0<br>Tempelhof-Sch\u00f6neberg und Berlin Mitte\u00a0<br>&#8211; 07\/01 I DSB &#8211;\u00a0<br><br>Sch\u00f6neberger Rathaus<br>John-F. &#8211; Kennedy-Platz 1<br>10825 Berlin<br><br><\/li>\n\n\n\n<li><strong>Information \u00fcber die Erhebung personenbezogener Daten, Speicherdauer<\/strong><br>Wir als Bildungseinrichtung versuchen unsere Sch\u00fcler*innen zu einem bewussten und selbstbestimmten Umgang mit den eigenen Daten zu erziehen. Wir nehmen daher den Datenschutz sehr ernst und geben keine Daten an Dritte weiter.Bei Kontakt via Telefon\/E-Mail werden all jene Daten gespeichert, die f\u00fcr einen R\u00fcckruf\/eine Antwort notwendig sind (Name, Mailadresse bzw. Telefonnummer usw.). Selbstverst\u00e4ndlich werden diese Daten gel\u00f6scht, wenn Sie dies fordern.<br><br>2.1 Im Folgenden informieren wir \u00fcber die Erhebung personenbezogener Daten bei Nutzung unserer Website. Personenbezogene Daten sind alle Daten, die auf Sie pers\u00f6nlich beziehbar sind, z. B. Name, Adresse, E-Mail-Adressen, Nutzerverhalten.<br><br>2.2 Bei Ihrer Kontaktaufnahme mit uns per E-Mail oder \u00fcber ein Kontaktformular werden die von Ihnen mitgeteilten Daten (Ihre E-Mail-Adresse, ggf. Ihr Name und Ihre Telefonnummer) von uns gespeichert, um Ihre Fragen zu beantworten. Die in diesem Zusammenhang anfallenden Daten l\u00f6schen wir, nachdem die Speicherung nicht mehr erforderlich ist, oder schr\u00e4nken die Verarbeitung ein, falls gesetzliche Aufbewahrungspflichten bestehen.\u00a0<br><br>2.3 Falls wir f\u00fcr einzelne Funktionen unseres Angebots auf beauftragte Dienstleister zur\u00fcckgreifen oder Ihre Daten f\u00fcr werbliche Zwecke nutzen m\u00f6chten, werden wir Sie untenstehend im Detail \u00fcber die jeweiligen Vorg\u00e4nge informieren. Dabei nennen wir auch die festgelegten Kriterien der Speicherdauer.<\/li>\n\n\n\n<li>Ihre Rechte3.1 Sie haben gegen\u00fcber uns folgende Rechte hinsichtlich der Sie betreffenden personenbezogenen Daten:\u00a0<br>\u2013\u00a0 Recht auf Auskunft,\u00a0<br>\u2013\u00a0 Recht auf Berichtigung oder L\u00f6schung,\u00a0<br>\u2013\u00a0 Recht auf Einschr\u00e4nkung der Verarbeitung,\u00a0<br>\u2013\u00a0 Recht auf Widerspruch gegen die Verarbeitung,\u00a0<br>\u2013\u00a0 Recht auf Daten\u00fcbertragbarkeit.\u00a0<br><br>3.2 Sie haben zudem das Recht, sich bei einer Datenschutz-Aufsichtsbeh\u00f6rde \u00fcber die Verarbeitung Ihrer personenbezogenen Daten durch uns zu beschweren. Die Datenschutzaufsichtsbeh\u00f6rde ist der Regionale Datenschutzbeauftragte f\u00fcr Schulen der Region Tempelhof-Sch\u00f6neberg und Berlin Mitte (Adresse s. oben).<br><br>3.3 Werden personenbezogene Daten an ein Drittland oder an eine internationale Organisation \u00fcbermittelt, so haben Sie das Recht, \u00fcber die geeigneten Garantien gem\u00e4\u00df Art. 46 EU-DSGVO im Zusammenhang mit der \u00dcbermittlung unterrichtet zu werden.<br><\/li>\n\n\n\n<li><strong>Erhebung und Zweck personenbezogener Daten bei Besuch unserer Website<\/strong><br><br>4.1 Bei der blo\u00df informatorischen Nutzung der Website, also wenn Sie sich nicht registrieren oder uns anderweitig Informationen \u00fcbermitteln, erheben wir nur die personenbezogenen Daten, die Ihr Browser an unseren Server \u00fcbermittelt. Wenn Sie unsere Website betrachten m\u00f6chten, erheben wir die folgenden Daten, die f\u00fcr uns technisch erforderlich sind, um Ihnen unsere Website anzuzeigen und die Stabilit\u00e4t und Sicherheit zu gew\u00e4hrleisten (Rechtsgrundlage ist Art. 6 Abs. 1 S. 1 lit. f EU-DSGVO):Unser Content-Managment-System, das wir zur Erstellung der Homepage verwenden, speichert automatisch folgenden Daten:\uf0b7 IP-Adresse\u00a0<br>\uf0b7 Datum und Uhrzeit der Anfrage\u00a0<br>\uf0b7 Zeitzonendifferenz zur Greenwich Mean Time (GMT)\u00a0<br>\uf0b7 Inhalt der Anforderung (konkrete Seite)\u00a0<br>\uf0b7 Zugriffsstatus\/HTTP-Statuscode\u00a0<br>\uf0b7 jeweils \u00fcbertragene Datenmenge\u00a0<br>\uf0b7 Website, von der die Anforderung kommt\u00a0<br>\uf0b7 Browser\u00a0<br>\uf0b7 Betriebssystem und dessen Oberfl\u00e4che\u00a0<br>\uf0b7 Sprache und Version der Browsersoftware.<br><br>Diese Daten dienen lediglich der Analyse und werden nach 190 Tagen automatisch gel\u00f6scht. Alle Personen, die auf vertrauliche Daten der Homepage zugreifen, wurden vertraglich zur Verschwiegenheit verpflichtet.4.2 Zus\u00e4tzlich zu den zuvor genannten Daten werden bei Ihrer Nutzung unserer Website Cookies auf Ihrem Rechner gespeichert. Bei Cookies handelt es sich um kleine Textdateien, die auf Ihrer Festplatte dem von Ihnen verwendeten Browser zugeordnet gespeichert werden und durch welche der Stelle, die den Cookie setzt (hier durch uns), bestimmte Informationen zuflie\u00dfen. Cookies k\u00f6nnen keine Programme ausf\u00fchren oder Viren auf Ihren Computer \u00fcbertragen. Sie dienen dazu, das Internetangebot insgesamt nutzerfreundlicher und effektiver zu machen.<br><br>4.3 Einsatz von Cookies 1:\u00a0<br>a) Diese Website nutzt folgende Arten von Cookies, deren Umfang und Funktionsweise im Folgenden erl\u00e4utert werden: \u2013\u00a0 Transiente Cookies (dazu b) \u2013\u00a0 Persistente Cookies (dazu c).\u00a0<br>b) Transiente Cookies werden automatisiert gel\u00f6scht, wenn Sie den Browser schlie\u00dfen. Dazu z\u00e4hlen insbesondere die Session-Cookies. Diese speichern eine sogenannte Session-ID, mit welcher sich verschiedene Anfragen Ihres Browsers der gemeinsamen Sitzung zuordnen lassen. Dadurch kann Ihr Rechner wiedererkannt werden, wenn Sie auf unsere Website zur\u00fcckkehren. Die Session-Cookies werden gel\u00f6scht, wenn Sie sich ausloggen oder den Browser schlie\u00dfen.\u00a0<br>c) Persistente Cookies werden automatisiert nach einer vorgegebenen Dauer gel\u00f6scht, die sich je nach Cookie unterscheiden kann. Sie k\u00f6nnen die Cookies in den Sicherheitseinstellungen Ihres Browsers jederzeit l\u00f6schen.\u00a0<br>d) Sie k\u00f6nnen Ihre Browser-Einstellung entsprechend Ihren W\u00fcnschen konfigurieren und z. B. die Annahme von Third-Party-Cookies oder allen Cookies ablehnen. Wir weisen Sie darauf hin, dass Sie eventuell nicht alle Funktionen dieser Website nutzen k\u00f6nnen.\u00a0<br>e) Die genutzten Flash-Cookies werden nicht durch Ihren Browser erfasst, sondern durch Ihr Flash-Plug-in. Weiterhin nutzen wir HTML5 storage objects, die auf Ihrem Endger\u00e4t abgelegt werden. Diese Objekte speichern die erforderlichen Daten unabh\u00e4ngig von Ihrem verwendeten Browser und haben kein automatisches Ablaufdatum. Wenn Sie keine Verarbeitung der FlashCookies w\u00fcnschen, m\u00fcssen Sie ein entsprechendes Add-On installieren, z. B. \u201eBetter Privacy\u201c f\u00fcr Mozilla Firefox (<a href=\"https:\/\/addons.mozilla.org\/de\/firefox\/addon\/betterprivacy\/\">https:\/\/addons.mozilla.org\/de\/firefox\/addon\/betterprivacy\/<\/a>) oder das AdobeFlash-Killer-Cookie f\u00fcr Google Chrome. Die Nutzung von HTML5 storage objects k\u00f6nnen Sie verhindern, indem Sie in Ihrem Browser den privaten Modus einsetzen. Zudem empfehlen wir, regelm\u00e4\u00dfig Ihre Cookies und den Browser-Verlauf manuell zu l\u00f6schen.<\/li>\n<\/ol>\n","protected":false},"excerpt":{"rendered":"<p>Integrierte Sekundarschule mit gymnasialer OberstufeStaatliche Europaschule Berlin (Franz\u00f6sisch)Schulleitung: Juliane Westphal, OberstudiendirektorinEl\u00dfholzstra\u00dfe 34 \u2013 37D-10781 Berlin-Sch\u00f6nebergTel.: 030 90277 7171Fax: 030 90277 4465E-mail:&nbsp;kontakt@sophie-scholl-schule.eu Schul- und Rechtstr\u00e4ger:Land BerlinVertreten durch: Bezirksamt Tempelhof-Sch\u00f6neberg von BerlinBezirksstadtrat der Abteilung Schule, Sport, Weiterbildung und Kultur (SchulSpoBiKu)Telefon: 030-90277-3794Telefax: 030-90277-3796E-Mail:&nbsp;&nbsp;schule@ba-ts.berlin.de Tel.: 030 90277 -6131 oder -6494Fax: 030 90277 -3502 SchulaufsichtMatthias Goldbeck-L\u00f6we, Ltd. Oberschulrat SchulratJan Geiger, [&hellip;]<\/p>\n","protected":false},"author":1,"featured_media":0,"parent":3886,"menu_order":0,"comment_status":"closed","ping_status":"closed","template":"","meta":{"footnotes":""},"class_list":["post-3854","page","type-page","status-publish","hentry"],"_links":{"self":[{"href":"https:\/\/sophie-scholl-schule.eu\/index.php?rest_route=\/wp\/v2\/pages\/3854","targetHints":{"allow":["GET"]}}],"collection":[{"href":"https:\/\/sophie-scholl-schule.eu\/index.php?rest_route=\/wp\/v2\/pages"}],"about":[{"href":"https:\/\/sophie-scholl-schule.eu\/index.php?rest_route=\/wp\/v2\/types\/page"}],"author":[{"embeddable":true,"href":"https:\/\/sophie-scholl-schule.eu\/index.php?rest_route=\/wp\/v2\/users\/1"}],"replies":[{"embeddable":true,"href":"https:\/\/sophie-scholl-schule.eu\/index.php?rest_route=%2Fwp%2Fv2%2Fcomments&post=3854"}],"version-history":[{"count":1,"href":"https:\/\/sophie-scholl-schule.eu\/index.php?rest_route=\/wp\/v2\/pages\/3854\/revisions"}],"predecessor-version":[{"id":3855,"href":"https:\/\/sophie-scholl-schule.eu\/index.php?rest_route=\/wp\/v2\/pages\/3854\/revisions\/3855"}],"up":[{"embeddable":true,"href":"https:\/\/sophie-scholl-schule.eu\/index.php?rest_route=\/wp\/v2\/pages\/3886"}],"wp:attachment":[{"href":"https:\/\/sophie-scholl-schule.eu\/index.php?rest_route=%2Fwp%2Fv2%2Fmedia&parent=3854"}],"curies":[{"name":"wp","href":"https:\/\/api.w.org\/{rel}","templated":true}]}}