{"id":3838,"date":"2024-06-08T11:34:19","date_gmt":"2024-06-08T11:34:19","guid":{"rendered":"https:\/\/sophie-scholl-schule.eu\/?page_id=3838"},"modified":"2024-11-12T14:08:56","modified_gmt":"2024-11-12T14:08:56","slug":"datenschutz","status":"publish","type":"page","link":"https:\/\/sophie-scholl-schule.eu\/?page_id=3838","title":{"rendered":"Datenschutz"},"content":{"rendered":"\n<p>Sehr geehrte Eltern,<\/p>\n\n\n\n<p>die Anmeldung, Einschulung und Beschulung Ihres Kindes an unserer Schule ist mit der Verarbeitung zahlreicher Daten verbunden. Mit diesem Schreiben informieren wir Sie, welche Daten wir von Ihnen und von Ihrem Kind verarbeiten, wof\u00fcr diese ben\u00f6tigt werden, wie wir sie verarbeiten sowie \u00fcber Ihre Rechte nach geltendem Datenschutzrecht.<\/p>\n\n\n\n<p>F\u00fcr R\u00fcckfragen und weitere Informationen stehen wir Ihnen gerne zur Verf\u00fcgung.<\/p>\n\n\n\n<p><strong>Schulleiterin<br>Juliane Westphal<br>030 90277 7171 west@sophie-scholl-schule.eu<\/strong><\/p>\n\n\n\n<p><strong>Datenschutzbeauftragter<br>Dr. Florian Eichenauer<br>030 90277 7171 enr@sophie-scholl-schule.eu<\/strong><\/p>\n\n\n\n<p><strong><a href=\"https:\/\/sophie-scholl-schule.eu\/wp-content\/uploads\/2024\/06\/Informationen_uber_die_Verarbeitung_personenbezogener_Daten.pdf\">Informationen \u00fcber die Verarbeitung personenbezogener Daten<\/a><\/strong><\/p>\n\n\n\n<p><\/p>\n","protected":false},"excerpt":{"rendered":"<p>Sehr geehrte Eltern, die Anmeldung, Einschulung und Beschulung Ihres Kindes an unserer Schule ist mit der Verarbeitung zahlreicher Daten verbunden. Mit diesem Schreiben informieren wir Sie, welche Daten wir von Ihnen und von Ihrem Kind verarbeiten, wof\u00fcr diese ben\u00f6tigt werden, wie wir sie verarbeiten sowie \u00fcber Ihre Rechte nach geltendem Datenschutzrecht. F\u00fcr R\u00fcckfragen und weitere [&hellip;]<\/p>\n","protected":false},"author":1,"featured_media":0,"parent":3834,"menu_order":1,"comment_status":"closed","ping_status":"closed","template":"","meta":{"footnotes":""},"class_list":["post-3838","page","type-page","status-publish","hentry"],"_links":{"self":[{"href":"https:\/\/sophie-scholl-schule.eu\/index.php?rest_route=\/wp\/v2\/pages\/3838","targetHints":{"allow":["GET"]}}],"collection":[{"href":"https:\/\/sophie-scholl-schule.eu\/index.php?rest_route=\/wp\/v2\/pages"}],"about":[{"href":"https:\/\/sophie-scholl-schule.eu\/index.php?rest_route=\/wp\/v2\/types\/page"}],"author":[{"embeddable":true,"href":"https:\/\/sophie-scholl-schule.eu\/index.php?rest_route=\/wp\/v2\/users\/1"}],"replies":[{"embeddable":true,"href":"https:\/\/sophie-scholl-schule.eu\/index.php?rest_route=%2Fwp%2Fv2%2Fcomments&post=3838"}],"version-history":[{"count":2,"href":"https:\/\/sophie-scholl-schule.eu\/index.php?rest_route=\/wp\/v2\/pages\/3838\/revisions"}],"predecessor-version":[{"id":6225,"href":"https:\/\/sophie-scholl-schule.eu\/index.php?rest_route=\/wp\/v2\/pages\/3838\/revisions\/6225"}],"up":[{"embeddable":true,"href":"https:\/\/sophie-scholl-schule.eu\/index.php?rest_route=\/wp\/v2\/pages\/3834"}],"wp:attachment":[{"href":"https:\/\/sophie-scholl-schule.eu\/index.php?rest_route=%2Fwp%2Fv2%2Fmedia&parent=3838"}],"curies":[{"name":"wp","href":"https:\/\/api.w.org\/{rel}","templated":true}]}}