{"id":3822,"date":"2024-06-08T11:10:16","date_gmt":"2024-06-08T11:10:16","guid":{"rendered":"https:\/\/sophie-scholl-schule.eu\/?page_id=3822"},"modified":"2024-10-28T09:51:30","modified_gmt":"2024-10-28T09:51:30","slug":"mensa","status":"publish","type":"page","link":"https:\/\/sophie-scholl-schule.eu\/?page_id=3822","title":{"rendered":"Mensa"},"content":{"rendered":"\n<h1 class=\"wp-block-heading\">Smarte Ern\u00e4hrung f\u00fcr schlaue Kinder<\/h1>\n\n\n\n<figure class=\"wp-block-image alignright size-full is-resized\"><img loading=\"lazy\" decoding=\"async\" width=\"579\" height=\"589\" src=\"https:\/\/sophie-scholl-schule.eu\/wp-content\/uploads\/2024\/10\/apfel_springseil.png\" alt=\"\" class=\"wp-image-4026\" style=\"width:500px\" srcset=\"https:\/\/sophie-scholl-schule.eu\/wp-content\/uploads\/2024\/10\/apfel_springseil.png 579w, https:\/\/sophie-scholl-schule.eu\/wp-content\/uploads\/2024\/10\/apfel_springseil-295x300.png 295w, https:\/\/sophie-scholl-schule.eu\/wp-content\/uploads\/2024\/10\/apfel_springseil-80x80.png 80w, https:\/\/sophie-scholl-schule.eu\/wp-content\/uploads\/2024\/10\/apfel_springseil-36x36.png 36w\" sizes=\"auto, (max-width: 579px) 100vw, 579px\" \/><\/figure>\n\n\n\n<p><strong>Die ubs-Schulcafeteria: die gesunde Alternative f\u00fcr D\u00f6ner &amp; Co<\/strong><\/p>\n\n\n\n<p>Seit dem Schuljahr 2020\/21 haben wir die Bewirtschaftung der Cafeteria der Sophie-Scholl-Oberschule \u00fcbernommen. Unsere Mission: Den Sch\u00fcler*innen eine gesunde und leckere Alternative f\u00fcr D\u00f6ner und Co anbieten. Mit Eiwei\u00dfen zur Aktivierung der Nervenzellen und Bildung von Botenstoffen, damit die Informationen im Gehirn ankommen k\u00f6nnen.<\/p>\n\n\n\n<p><strong>Wer gute Noten haben m\u00f6chte, muss sein Gehirn gut f\u00fcttern!<\/strong><\/p>\n\n\n\n<p>Mit Eiwei\u00dfen zur Aktivierung der Nervenzellen und Bildung von Botenstoffen, damit die Informationen im Gehirn ankommen k\u00f6nnen. Mit Vitaminen, die den Neurotransmittern Beine machen, damit die Lernreize m\u00f6glichst schnell \u00fcbertragen werden. Mit Fett- und Aminos\u00e4uren, die daf\u00fcr sorgen, dass Gelerntes im Ged\u00e4chtnis h\u00e4ngen bleibt. Die guten Lernbooster stecken in Obst, Gem\u00fcse, Beeren, N\u00fcssen, Milchprodukten und Haferflocken \u2013 den Zutaten, aus denen unser K\u00fcchenteam Snacks zaubert, die jeden Energiedrink alt aussehen lassen.<\/p>\n\n\n\n<p>Weitere Informationen unter: <a href=\"https:\/\/ubs-ev.de\/schulcafeteria\/\">https:\/\/ubs-ev.de\/schulcafeteria\/<\/a><\/p>\n","protected":false},"excerpt":{"rendered":"<p>Smarte Ern\u00e4hrung f\u00fcr schlaue Kinder Die ubs-Schulcafeteria: die gesunde Alternative f\u00fcr D\u00f6ner &amp; Co Seit dem Schuljahr 2020\/21 haben wir die Bewirtschaftung der Cafeteria der Sophie-Scholl-Oberschule \u00fcbernommen. Unsere Mission: Den Sch\u00fcler*innen eine gesunde und leckere Alternative f\u00fcr D\u00f6ner und Co anbieten. Mit Eiwei\u00dfen zur Aktivierung der Nervenzellen und Bildung von Botenstoffen, damit die Informationen im [&hellip;]<\/p>\n","protected":false},"author":1,"featured_media":0,"parent":3698,"menu_order":3,"comment_status":"closed","ping_status":"closed","template":"","meta":{"footnotes":""},"class_list":["post-3822","page","type-page","status-publish","hentry"],"_links":{"self":[{"href":"https:\/\/sophie-scholl-schule.eu\/index.php?rest_route=\/wp\/v2\/pages\/3822","targetHints":{"allow":["GET"]}}],"collection":[{"href":"https:\/\/sophie-scholl-schule.eu\/index.php?rest_route=\/wp\/v2\/pages"}],"about":[{"href":"https:\/\/sophie-scholl-schule.eu\/index.php?rest_route=\/wp\/v2\/types\/page"}],"author":[{"embeddable":true,"href":"https:\/\/sophie-scholl-schule.eu\/index.php?rest_route=\/wp\/v2\/users\/1"}],"replies":[{"embeddable":true,"href":"https:\/\/sophie-scholl-schule.eu\/index.php?rest_route=%2Fwp%2Fv2%2Fcomments&post=3822"}],"version-history":[{"count":5,"href":"https:\/\/sophie-scholl-schule.eu\/index.php?rest_route=\/wp\/v2\/pages\/3822\/revisions"}],"predecessor-version":[{"id":4035,"href":"https:\/\/sophie-scholl-schule.eu\/index.php?rest_route=\/wp\/v2\/pages\/3822\/revisions\/4035"}],"up":[{"embeddable":true,"href":"https:\/\/sophie-scholl-schule.eu\/index.php?rest_route=\/wp\/v2\/pages\/3698"}],"wp:attachment":[{"href":"https:\/\/sophie-scholl-schule.eu\/index.php?rest_route=%2Fwp%2Fv2%2Fmedia&parent=3822"}],"curies":[{"name":"wp","href":"https:\/\/api.w.org\/{rel}","templated":true}]}}