{"id":3737,"date":"2024-06-06T18:05:14","date_gmt":"2024-06-06T18:05:14","guid":{"rendered":"https:\/\/sophie-scholl-schule.eu\/?page_id=3737"},"modified":"2025-11-13T18:20:05","modified_gmt":"2025-11-13T18:20:05","slug":"sesb","status":"publish","type":"page","link":"https:\/\/sophie-scholl-schule.eu\/?page_id=3737","title":{"rendered":"SESB"},"content":{"rendered":"\n<figure class=\"wp-block-image alignleft size-full is-resized is-style-default\"><img loading=\"lazy\" decoding=\"async\" width=\"1181\" height=\"1654\" src=\"https:\/\/sophie-scholl-schule.eu\/wp-content\/uploads\/2025\/03\/SESB_S_unten_RGB.jpg\" alt=\"\" class=\"wp-image-6546\" style=\"width:114px;height:auto\" srcset=\"https:\/\/sophie-scholl-schule.eu\/wp-content\/uploads\/2025\/03\/SESB_S_unten_RGB.jpg 1181w, https:\/\/sophie-scholl-schule.eu\/wp-content\/uploads\/2025\/03\/SESB_S_unten_RGB-214x300.jpg 214w, https:\/\/sophie-scholl-schule.eu\/wp-content\/uploads\/2025\/03\/SESB_S_unten_RGB-735x1030.jpg 735w, https:\/\/sophie-scholl-schule.eu\/wp-content\/uploads\/2025\/03\/SESB_S_unten_RGB-768x1076.jpg 768w, https:\/\/sophie-scholl-schule.eu\/wp-content\/uploads\/2025\/03\/SESB_S_unten_RGB-1097x1536.jpg 1097w, https:\/\/sophie-scholl-schule.eu\/wp-content\/uploads\/2025\/03\/SESB_S_unten_RGB-1071x1500.jpg 1071w, https:\/\/sophie-scholl-schule.eu\/wp-content\/uploads\/2025\/03\/SESB_S_unten_RGB-503x705.jpg 503w\" sizes=\"auto, (max-width: 1181px) 100vw, 1181px\" \/><\/figure>\n\n\n\n<figure class=\"wp-block-image alignright size-full is-resized is-style-default\"><img loading=\"lazy\" decoding=\"async\" width=\"1920\" height=\"824\" src=\"https:\/\/sophie-scholl-schule.eu\/wp-content\/uploads\/2024\/10\/abibac.jpg\" alt=\"\" class=\"wp-image-4341\" style=\"width:300px\" srcset=\"https:\/\/sophie-scholl-schule.eu\/wp-content\/uploads\/2024\/10\/abibac.jpg 1920w, https:\/\/sophie-scholl-schule.eu\/wp-content\/uploads\/2024\/10\/abibac-300x129.jpg 300w, https:\/\/sophie-scholl-schule.eu\/wp-content\/uploads\/2024\/10\/abibac-1030x442.jpg 1030w, https:\/\/sophie-scholl-schule.eu\/wp-content\/uploads\/2024\/10\/abibac-768x330.jpg 768w, https:\/\/sophie-scholl-schule.eu\/wp-content\/uploads\/2024\/10\/abibac-1536x659.jpg 1536w, https:\/\/sophie-scholl-schule.eu\/wp-content\/uploads\/2024\/10\/abibac-1500x644.jpg 1500w, https:\/\/sophie-scholl-schule.eu\/wp-content\/uploads\/2024\/10\/abibac-705x303.jpg 705w\" sizes=\"auto, (max-width: 1920px) 100vw, 1920px\" \/><\/figure>\n\n\n\n<p>Im September 1999 wurde die Sophie-Scholl-Schule um ein interessantes Angebot reicher: den deutsch-franz\u00f6sischen Zweig der SESB (Staatliche Europaschule Berlin). Es werden dort die Kinder aus den Berliner SESB-Grundschulen sowie Seiteneinsteiger\/innen (die bereits auf einem guten Niveau Deutsch und Franz\u00f6sisch sprechen) aufgenommen. Den Unterricht auf Franz\u00f6sisch erteilen in der Regel muttersprachliche Lehrkr\u00e4fte. Die Sch\u00fcler\/innen des deutsch-franz\u00f6sischen Zweiges k\u00f6nnen am Ende der Oberstufe das Abibac ablegen (eine Kombination aus Abitur plus Baccalaur\u00e9at \u2013 und erhalten dadurch eine doppelte Abschlussqualifikation.<\/p>\n\n\n\n<p>L&#8217;\u00e9cole Sophie-Scholl s&#8217;est enrichie depuis septembre 1999 d&#8217;un cursus franco-allemand SESB (Staatliche Europaschule Berlin). Les \u00e9l\u00e8ves issus des quatre \u00e9coles primaires SESB de Berlin tout comme les \u00e9l\u00e8ves qui ma\u00eetrisent d&#8217;ores et d\u00e9j\u00e0 bien l&#8217;allemand et le fran\u00e7ais peuvent s&#8217;y inscrire. Les cours en fran\u00e7ais sont g\u00e9n\u00e9ralement dispens\u00e9s par des enseignants francophones de langue maternelle. Les \u00e9l\u00e8ves du cursus franco-allemand peuvent \u00e0 la fin du second cycle passer l&#8217;Abibac (D\u00e9livrance simultan\u00e9e de l\u2019Abitur et du Baccalaur\u00e9at).<\/p>\n\n\n\n<div class=\"wp-block-group is-layout-constrained wp-container-core-group-is-layout-53acd6ed wp-block-group-is-layout-constrained\">\n<figure class=\"wp-block-embed is-type-video is-provider-youtube wp-block-embed-youtube wp-embed-aspect-16-9 wp-has-aspect-ratio\"><div class=\"wp-block-embed__wrapper\">\n<div class='avia-iframe-wrap'><iframe loading=\"lazy\" title=\"Sophie Scholl   SESB\" width=\"1500\" height=\"844\" src=\"https:\/\/www.youtube.com\/embed\/2sa-TQJO548?feature=oembed\" frameborder=\"0\" allow=\"accelerometer; autoplay; clipboard-write; encrypted-media; gyroscope; picture-in-picture; web-share\" referrerpolicy=\"strict-origin-when-cross-origin\" allowfullscreen><\/iframe><\/div>\n<\/div><\/figure>\n<\/div>\n\n\n\n<p>Weitere Informationen finden Sie unter <a href=\"https:\/\/sophie-scholl-schule.eu\/?page_id=3863\" data-type=\"page\" data-id=\"3863\">Anmeldung<\/a>.<\/p>\n\n\n\n<p>Hier finden Sie Interviews mit ehemaligen Sch\u00fcler*innen der SESB:<\/p>\n\n\n\n<div class=\"wp-block-group is-layout-constrained wp-container-core-group-is-layout-53acd6ed wp-block-group-is-layout-constrained\">\n<figure class=\"wp-block-embed is-type-video is-provider-youtube wp-block-embed-youtube wp-embed-aspect-16-9 wp-has-aspect-ratio\"><div class=\"wp-block-embed__wrapper\">\n<div class='avia-iframe-wrap'><iframe loading=\"lazy\" title=\"Interviews ehemaliger Sch\u00fcler*innen der SESB\" width=\"1500\" height=\"844\" src=\"https:\/\/www.youtube.com\/embed\/Y4t2IiR57GQ?feature=oembed\" frameborder=\"0\" allow=\"accelerometer; autoplay; clipboard-write; encrypted-media; gyroscope; picture-in-picture; web-share\" referrerpolicy=\"strict-origin-when-cross-origin\" allowfullscreen><\/iframe><\/div>\n<\/div><\/figure>\n<\/div>\n\n\n\n<p><\/p>\n\n\n\n<p><\/p>\n\n\n\n<p class=\"has-text-align-center\"><strong>Aktuelle Beitr\u00e4ge<\/strong><\/p>\n\n\n<ul class=\"wp-block-latest-posts__list is-grid columns-3 has-dates wp-block-latest-posts\"><li><div class=\"wp-block-latest-posts__featured-image aligncenter\"><a href=\"https:\/\/sophie-scholl-schule.eu\/?p=7176\" aria-label=\"Projet Marc Bloch\"><img decoding=\"async\" loading=\"lazy\" width=\"732\" height=\"1030\" src=\"https:\/\/sophie-scholl-schule.eu\/wp-content\/uploads\/2026\/04\/Sophie-Scholl-Schule-Groupe-3-732x1030.jpg\" class=\"wp-image-7190 avia-img-lazy-loading-7190 attachment-large size-large wp-post-image\" alt=\"\" style=\"\" srcset=\"https:\/\/sophie-scholl-schule.eu\/wp-content\/uploads\/2026\/04\/Sophie-Scholl-Schule-Groupe-3-732x1030.jpg 732w, https:\/\/sophie-scholl-schule.eu\/wp-content\/uploads\/2026\/04\/Sophie-Scholl-Schule-Groupe-3-213x300.jpg 213w, https:\/\/sophie-scholl-schule.eu\/wp-content\/uploads\/2026\/04\/Sophie-Scholl-Schule-Groupe-3-768x1081.jpg 768w, https:\/\/sophie-scholl-schule.eu\/wp-content\/uploads\/2026\/04\/Sophie-Scholl-Schule-Groupe-3-1091x1536.jpg 1091w, https:\/\/sophie-scholl-schule.eu\/wp-content\/uploads\/2026\/04\/Sophie-Scholl-Schule-Groupe-3-1065x1500.jpg 1065w, https:\/\/sophie-scholl-schule.eu\/wp-content\/uploads\/2026\/04\/Sophie-Scholl-Schule-Groupe-3-501x705.jpg 501w, https:\/\/sophie-scholl-schule.eu\/wp-content\/uploads\/2026\/04\/Sophie-Scholl-Schule-Groupe-3.jpg 1240w\" sizes=\"auto, (max-width: 732px) 100vw, 732px\" \/><\/a><\/div><a class=\"wp-block-latest-posts__post-title\" href=\"https:\/\/sophie-scholl-schule.eu\/?p=7176\">Projet Marc Bloch<\/a><time datetime=\"2026-04-29T13:09:15+00:00\" class=\"wp-block-latest-posts__post-date\">29. April 2026<\/time><div class=\"wp-block-latest-posts__post-excerpt\">Anl\u00e4sslich der Aufnahme von Marc Bloch in das Panth\u00e9on im Juni 2026 in Paris hat das Centre Marc Bloch einen\u2026\u00a0<a class=\"wp-block-latest-posts__read-more\" href=\"https:\/\/sophie-scholl-schule.eu\/?p=7176\" rel=\"noopener noreferrer\"><span class=\"screen-reader-text\">Projet Marc Bloch <\/span>weiterlesen<\/a><\/div><\/li>\n<li><div class=\"wp-block-latest-posts__featured-image aligncenter\"><a href=\"https:\/\/sophie-scholl-schule.eu\/?p=7170\" aria-label=\"SESB Alumni-Treffen 2026\"><img decoding=\"async\" loading=\"lazy\" width=\"735\" height=\"1030\" src=\"https:\/\/sophie-scholl-schule.eu\/wp-content\/uploads\/2025\/03\/SESB_S_unten_RGB-735x1030.jpg\" class=\"wp-image-6546 avia-img-lazy-loading-6546 attachment-large size-large wp-post-image\" alt=\"\" style=\"\" srcset=\"https:\/\/sophie-scholl-schule.eu\/wp-content\/uploads\/2025\/03\/SESB_S_unten_RGB-735x1030.jpg 735w, https:\/\/sophie-scholl-schule.eu\/wp-content\/uploads\/2025\/03\/SESB_S_unten_RGB-214x300.jpg 214w, https:\/\/sophie-scholl-schule.eu\/wp-content\/uploads\/2025\/03\/SESB_S_unten_RGB-768x1076.jpg 768w, https:\/\/sophie-scholl-schule.eu\/wp-content\/uploads\/2025\/03\/SESB_S_unten_RGB-1097x1536.jpg 1097w, https:\/\/sophie-scholl-schule.eu\/wp-content\/uploads\/2025\/03\/SESB_S_unten_RGB-1071x1500.jpg 1071w, https:\/\/sophie-scholl-schule.eu\/wp-content\/uploads\/2025\/03\/SESB_S_unten_RGB-503x705.jpg 503w, https:\/\/sophie-scholl-schule.eu\/wp-content\/uploads\/2025\/03\/SESB_S_unten_RGB.jpg 1181w\" sizes=\"auto, (max-width: 735px) 100vw, 735px\" \/><\/a><\/div><a class=\"wp-block-latest-posts__post-title\" href=\"https:\/\/sophie-scholl-schule.eu\/?p=7170\">SESB Alumni-Treffen 2026<\/a><time datetime=\"2026-04-20T05:45:08+00:00\" class=\"wp-block-latest-posts__post-date\">20. April 2026<\/time><div class=\"wp-block-latest-posts__post-excerpt\">Was macht man nach dem Abibac\u2026 ? Ehemalige SESB-Sch\u00fcler*innen der Sophie-Scholl stellen ihre Erfahrungen vor und antworten eure Fragen!<\/div><\/li>\n<li><div class=\"wp-block-latest-posts__featured-image aligncenter\"><a href=\"https:\/\/sophie-scholl-schule.eu\/?p=7151\" aria-label=\"Gewinner des Online-Teamwettbewerbs 2026\"><img decoding=\"async\" loading=\"lazy\" width=\"1030\" height=\"728\" src=\"https:\/\/sophie-scholl-schule.eu\/wp-content\/uploads\/2026\/03\/urkunde_2026-1030x728.jpg\" class=\"wp-image-7152 avia-img-lazy-loading-7152 attachment-large size-large wp-post-image\" alt=\"\" style=\"\" srcset=\"https:\/\/sophie-scholl-schule.eu\/wp-content\/uploads\/2026\/03\/urkunde_2026-1030x728.jpg 1030w, https:\/\/sophie-scholl-schule.eu\/wp-content\/uploads\/2026\/03\/urkunde_2026-300x212.jpg 300w, https:\/\/sophie-scholl-schule.eu\/wp-content\/uploads\/2026\/03\/urkunde_2026-768x543.jpg 768w, https:\/\/sophie-scholl-schule.eu\/wp-content\/uploads\/2026\/03\/urkunde_2026-1536x1086.jpg 1536w, https:\/\/sophie-scholl-schule.eu\/wp-content\/uploads\/2026\/03\/urkunde_2026-2048x1448.jpg 2048w, https:\/\/sophie-scholl-schule.eu\/wp-content\/uploads\/2026\/03\/urkunde_2026-1500x1061.jpg 1500w, https:\/\/sophie-scholl-schule.eu\/wp-content\/uploads\/2026\/03\/urkunde_2026-260x185.jpg 260w, https:\/\/sophie-scholl-schule.eu\/wp-content\/uploads\/2026\/03\/urkunde_2026-705x499.jpg 705w\" sizes=\"auto, (max-width: 1030px) 100vw, 1030px\" \/><\/a><\/div><a class=\"wp-block-latest-posts__post-title\" href=\"https:\/\/sophie-scholl-schule.eu\/?p=7151\">Gewinner des Online-Teamwettbewerbs 2026<\/a><time datetime=\"2026-03-15T10:28:12+00:00\" class=\"wp-block-latest-posts__post-date\">15. M\u00e4rz 2026<\/time><div class=\"wp-block-latest-posts__post-excerpt\">Einen Bravo an die Klasse 112, die den europ\u00e4ischen Online-Teamwettbewerb 2026 ausgezeichnet gewonnen hat!<\/div><\/li>\n<li><div class=\"wp-block-latest-posts__featured-image aligncenter\"><a href=\"https:\/\/sophie-scholl-schule.eu\/?p=7100\" aria-label=\"Buchvorstellung in der Franz\u00f6sischen Botschaft\"><img decoding=\"async\" loading=\"lazy\" width=\"773\" height=\"1030\" src=\"https:\/\/sophie-scholl-schule.eu\/wp-content\/uploads\/2026\/03\/IMG_3692-773x1030.jpeg\" class=\"wp-image-7102 avia-img-lazy-loading-7102 attachment-large size-large wp-post-image\" alt=\"\" style=\"\" srcset=\"https:\/\/sophie-scholl-schule.eu\/wp-content\/uploads\/2026\/03\/IMG_3692-773x1030.jpeg 773w, https:\/\/sophie-scholl-schule.eu\/wp-content\/uploads\/2026\/03\/IMG_3692-225x300.jpeg 225w, https:\/\/sophie-scholl-schule.eu\/wp-content\/uploads\/2026\/03\/IMG_3692-768x1024.jpeg 768w, https:\/\/sophie-scholl-schule.eu\/wp-content\/uploads\/2026\/03\/IMG_3692-1152x1536.jpeg 1152w, https:\/\/sophie-scholl-schule.eu\/wp-content\/uploads\/2026\/03\/IMG_3692-1536x2048.jpeg 1536w, https:\/\/sophie-scholl-schule.eu\/wp-content\/uploads\/2026\/03\/IMG_3692-1125x1500.jpeg 1125w, https:\/\/sophie-scholl-schule.eu\/wp-content\/uploads\/2026\/03\/IMG_3692-529x705.jpeg 529w, https:\/\/sophie-scholl-schule.eu\/wp-content\/uploads\/2026\/03\/IMG_3692-scaled.jpeg 1920w\" sizes=\"auto, (max-width: 773px) 100vw, 773px\" \/><\/a><\/div><a class=\"wp-block-latest-posts__post-title\" href=\"https:\/\/sophie-scholl-schule.eu\/?p=7100\">Buchvorstellung in der Franz\u00f6sischen Botschaft<\/a><time datetime=\"2026-03-01T15:08:05+00:00\" class=\"wp-block-latest-posts__post-date\">1. M\u00e4rz 2026<\/time><div class=\"wp-block-latest-posts__post-excerpt\">Am 24.02. hatten die Sch\u00fclerinnen und Sch\u00fcler der SESB-Klassen (111, 112, LK 12 und LK 13) die gro\u00dfe Ehre, in\u2026\u00a0<a class=\"wp-block-latest-posts__read-more\" href=\"https:\/\/sophie-scholl-schule.eu\/?p=7100\" rel=\"noopener noreferrer\"><span class=\"screen-reader-text\">Buchvorstellung in der Franz\u00f6sischen Botschaft <\/span>weiterlesen<\/a><\/div><\/li>\n<li><div class=\"wp-block-latest-posts__featured-image aligncenter\"><a href=\"https:\/\/sophie-scholl-schule.eu\/?p=6970\" aria-label=\"DELF-Pr\u00fcfung 2026\"><img decoding=\"async\" loading=\"lazy\" width=\"500\" height=\"500\" src=\"https:\/\/sophie-scholl-schule.eu\/wp-content\/uploads\/2024\/11\/DELF-Logo_thumb.jpg\" class=\"wp-image-6021 avia-img-lazy-loading-6021 attachment-large size-large wp-post-image\" alt=\"\" style=\"\" srcset=\"https:\/\/sophie-scholl-schule.eu\/wp-content\/uploads\/2024\/11\/DELF-Logo_thumb.jpg 500w, https:\/\/sophie-scholl-schule.eu\/wp-content\/uploads\/2024\/11\/DELF-Logo_thumb-300x300.jpg 300w, https:\/\/sophie-scholl-schule.eu\/wp-content\/uploads\/2024\/11\/DELF-Logo_thumb-80x80.jpg 80w, https:\/\/sophie-scholl-schule.eu\/wp-content\/uploads\/2024\/11\/DELF-Logo_thumb-36x36.jpg 36w, https:\/\/sophie-scholl-schule.eu\/wp-content\/uploads\/2024\/11\/DELF-Logo_thumb-180x180.jpg 180w\" sizes=\"auto, (max-width: 500px) 100vw, 500px\" \/><\/a><\/div><a class=\"wp-block-latest-posts__post-title\" href=\"https:\/\/sophie-scholl-schule.eu\/?p=6970\">DELF-Pr\u00fcfung 2026<\/a><time datetime=\"2025-12-14T11:06:19+00:00\" class=\"wp-block-latest-posts__post-date\">14. Dezember 2025<\/time><div class=\"wp-block-latest-posts__post-excerpt\">Liebe Eltern, Sie k\u00f6nnen ab sofort Ihr Kind zu den DELF-Pr\u00fcfungen anmelden. In diesem Jahr stehen den Sch\u00fcler*innen zwei Termine\u2026\u00a0<a class=\"wp-block-latest-posts__read-more\" href=\"https:\/\/sophie-scholl-schule.eu\/?p=6970\" rel=\"noopener noreferrer\"><span class=\"screen-reader-text\">DELF-Pr\u00fcfung 2026 <\/span>weiterlesen<\/a><\/div><\/li>\n<li><div class=\"wp-block-latest-posts__featured-image aligncenter\"><a href=\"https:\/\/sophie-scholl-schule.eu\/?p=6960\" aria-label=\"Filmgespr\u00e4ch zu\u00a0Shoah\u00a0von Claude Lanzmann\"><img decoding=\"async\" loading=\"lazy\" width=\"1030\" height=\"843\" src=\"https:\/\/sophie-scholl-schule.eu\/wp-content\/uploads\/2025\/12\/1829d140-d511-4fdc-b171-fa1dbcfb4215-1030x843.jpg\" class=\"wp-image-6961 avia-img-lazy-loading-6961 attachment-large size-large wp-post-image\" alt=\"\" style=\"\" srcset=\"https:\/\/sophie-scholl-schule.eu\/wp-content\/uploads\/2025\/12\/1829d140-d511-4fdc-b171-fa1dbcfb4215-1030x843.jpg 1030w, https:\/\/sophie-scholl-schule.eu\/wp-content\/uploads\/2025\/12\/1829d140-d511-4fdc-b171-fa1dbcfb4215-300x245.jpg 300w, https:\/\/sophie-scholl-schule.eu\/wp-content\/uploads\/2025\/12\/1829d140-d511-4fdc-b171-fa1dbcfb4215-768x628.jpg 768w, https:\/\/sophie-scholl-schule.eu\/wp-content\/uploads\/2025\/12\/1829d140-d511-4fdc-b171-fa1dbcfb4215-1536x1257.jpg 1536w, https:\/\/sophie-scholl-schule.eu\/wp-content\/uploads\/2025\/12\/1829d140-d511-4fdc-b171-fa1dbcfb4215-1500x1227.jpg 1500w, https:\/\/sophie-scholl-schule.eu\/wp-content\/uploads\/2025\/12\/1829d140-d511-4fdc-b171-fa1dbcfb4215-705x577.jpg 705w, https:\/\/sophie-scholl-schule.eu\/wp-content\/uploads\/2025\/12\/1829d140-d511-4fdc-b171-fa1dbcfb4215.jpg 1600w\" sizes=\"auto, (max-width: 1030px) 100vw, 1030px\" \/><\/a><\/div><a class=\"wp-block-latest-posts__post-title\" href=\"https:\/\/sophie-scholl-schule.eu\/?p=6960\">Filmgespr\u00e4ch zu\u00a0Shoah\u00a0von Claude Lanzmann<\/a><time datetime=\"2025-12-08T10:56:26+00:00\" class=\"wp-block-latest-posts__post-date\">8. Dezember 2025<\/time><div class=\"wp-block-latest-posts__post-excerpt\">Zum 100. Geburtstag von Claude Lanzmann (1925\u20132018), dem herausragenden franz\u00f6sischen Journalisten, Filmemacher und Chronist der Shoah, hatten wir am Freitag,\u2026\u00a0<a class=\"wp-block-latest-posts__read-more\" href=\"https:\/\/sophie-scholl-schule.eu\/?p=6960\" rel=\"noopener noreferrer\"><span class=\"screen-reader-text\">Filmgespr\u00e4ch zu\u00a0Shoah\u00a0von Claude Lanzmann <\/span>weiterlesen<\/a><\/div><\/li>\n<li><div class=\"wp-block-latest-posts__featured-image aligncenter\"><a href=\"https:\/\/sophie-scholl-schule.eu\/?p=6912\" aria-label=\"Lili Leignel an der Sophie-Scholl-Schule\"><img decoding=\"async\" loading=\"lazy\" width=\"773\" height=\"1030\" src=\"https:\/\/sophie-scholl-schule.eu\/wp-content\/uploads\/2025\/11\/Enora-773x1030.jpg\" class=\"wp-image-6915 avia-img-lazy-loading-6915 attachment-large size-large wp-post-image\" alt=\"\" style=\"\" srcset=\"https:\/\/sophie-scholl-schule.eu\/wp-content\/uploads\/2025\/11\/Enora-773x1030.jpg 773w, https:\/\/sophie-scholl-schule.eu\/wp-content\/uploads\/2025\/11\/Enora-225x300.jpg 225w, https:\/\/sophie-scholl-schule.eu\/wp-content\/uploads\/2025\/11\/Enora-768x1024.jpg 768w, https:\/\/sophie-scholl-schule.eu\/wp-content\/uploads\/2025\/11\/Enora-1152x1536.jpg 1152w, https:\/\/sophie-scholl-schule.eu\/wp-content\/uploads\/2025\/11\/Enora-1125x1500.jpg 1125w, https:\/\/sophie-scholl-schule.eu\/wp-content\/uploads\/2025\/11\/Enora-529x705.jpg 529w, https:\/\/sophie-scholl-schule.eu\/wp-content\/uploads\/2025\/11\/Enora.jpg 1500w\" sizes=\"auto, (max-width: 773px) 100vw, 773px\" \/><\/a><\/div><a class=\"wp-block-latest-posts__post-title\" href=\"https:\/\/sophie-scholl-schule.eu\/?p=6912\">Lili Leignel an der Sophie-Scholl-Schule<\/a><time datetime=\"2025-11-11T15:05:38+00:00\" class=\"wp-block-latest-posts__post-date\">11. November 2025<\/time><div class=\"wp-block-latest-posts__post-excerpt\">Am Freitag, den 7. November, hat uns Lili Leignel die gro\u00dfe Ehre erwiesen, nach Berlin zu kommen, um von ihren\u2026\u00a0<a class=\"wp-block-latest-posts__read-more\" href=\"https:\/\/sophie-scholl-schule.eu\/?p=6912\" rel=\"noopener noreferrer\"><span class=\"screen-reader-text\">Lili Leignel an der Sophie-Scholl-Schule <\/span>weiterlesen<\/a><\/div><\/li>\n<li><div class=\"wp-block-latest-posts__featured-image aligncenter\"><a href=\"https:\/\/sophie-scholl-schule.eu\/?p=6876\" aria-label=\"Begegnung mit dem Autor Ga\u00ebl Faye\"><img decoding=\"async\" loading=\"lazy\" width=\"480\" height=\"640\" src=\"https:\/\/sophie-scholl-schule.eu\/wp-content\/uploads\/2025\/10\/IMG_5406-1-rotated.jpg\" class=\"wp-image-6880 avia-img-lazy-loading-6880 attachment-large size-large wp-post-image\" alt=\"\" style=\"\" srcset=\"https:\/\/sophie-scholl-schule.eu\/wp-content\/uploads\/2025\/10\/IMG_5406-1-rotated.jpg 480w, https:\/\/sophie-scholl-schule.eu\/wp-content\/uploads\/2025\/10\/IMG_5406-1-225x300.jpg 225w\" sizes=\"auto, (max-width: 480px) 100vw, 480px\" \/><\/a><\/div><a class=\"wp-block-latest-posts__post-title\" href=\"https:\/\/sophie-scholl-schule.eu\/?p=6876\">Begegnung mit dem Autor Ga\u00ebl Faye<\/a><time datetime=\"2025-10-03T12:16:45+00:00\" class=\"wp-block-latest-posts__post-date\">3. Oktober 2025<\/time><div class=\"wp-block-latest-posts__post-excerpt\">Am Freitag, den 26. September, hatte die Franz\u00f6sischklasse der 10. Jahrgangsstufe von Mme Rivoire die gro\u00dfe Ehre und Freude, den\u2026\u00a0<a class=\"wp-block-latest-posts__read-more\" href=\"https:\/\/sophie-scholl-schule.eu\/?p=6876\" rel=\"noopener noreferrer\"><span class=\"screen-reader-text\">Begegnung mit dem Autor Ga\u00ebl Faye <\/span>weiterlesen<\/a><\/div><\/li>\n<li><div class=\"wp-block-latest-posts__featured-image aligncenter\"><a href=\"https:\/\/sophie-scholl-schule.eu\/?p=6859\" aria-label=\"Besuch des Europ\u00e4ischen Parlaments Stra\u00dfburg\u00a0\"><img decoding=\"async\" loading=\"lazy\" width=\"1030\" height=\"687\" src=\"https:\/\/sophie-scholl-schule.eu\/wp-content\/uploads\/2025\/09\/IMG_4696-1030x687.jpg\" class=\"wp-image-6860 avia-img-lazy-loading-6860 attachment-large size-large wp-post-image\" alt=\"\" style=\"\" srcset=\"https:\/\/sophie-scholl-schule.eu\/wp-content\/uploads\/2025\/09\/IMG_4696-1030x687.jpg 1030w, https:\/\/sophie-scholl-schule.eu\/wp-content\/uploads\/2025\/09\/IMG_4696-300x200.jpg 300w, https:\/\/sophie-scholl-schule.eu\/wp-content\/uploads\/2025\/09\/IMG_4696-768x512.jpg 768w, https:\/\/sophie-scholl-schule.eu\/wp-content\/uploads\/2025\/09\/IMG_4696-1536x1024.jpg 1536w, https:\/\/sophie-scholl-schule.eu\/wp-content\/uploads\/2025\/09\/IMG_4696-2048x1365.jpg 2048w, https:\/\/sophie-scholl-schule.eu\/wp-content\/uploads\/2025\/09\/IMG_4696-1500x1000.jpg 1500w, https:\/\/sophie-scholl-schule.eu\/wp-content\/uploads\/2025\/09\/IMG_4696-705x470.jpg 705w\" sizes=\"auto, (max-width: 1030px) 100vw, 1030px\" \/><\/a><\/div><a class=\"wp-block-latest-posts__post-title\" href=\"https:\/\/sophie-scholl-schule.eu\/?p=6859\">Besuch des Europ\u00e4ischen Parlaments Stra\u00dfburg\u00a0<\/a><time datetime=\"2025-09-22T07:07:21+00:00\" class=\"wp-block-latest-posts__post-date\">22. September 2025<\/time><div class=\"wp-block-latest-posts__post-excerpt\">Europ\u00e4isches Parlament Stra\u00dfburg (06.07.2025 &#8211; 09.07.2025) &#8211; Europa der Zukunft-Vision der Jugend Die Sch\u00fcler*innen der 12. Klasse, SESB, GK Geografie,\u2026\u00a0<a class=\"wp-block-latest-posts__read-more\" href=\"https:\/\/sophie-scholl-schule.eu\/?p=6859\" rel=\"noopener noreferrer\"><span class=\"screen-reader-text\">Besuch des Europ\u00e4ischen Parlaments Stra\u00dfburg\u00a0 <\/span>weiterlesen<\/a><\/div><\/li>\n<\/ul>\n\n\n<p class=\"has-text-align-right\"><a href=\"https:\/\/sophie-scholl-schule.eu\/?page_id=6106\" data-type=\"page\" data-id=\"6106\">\u00c4ltere Beitr\u00e4ge anzeigen&#8230;<\/a><\/p>\n\n\n\n<figure class=\"wp-block-image aligncenter size-large\"><img loading=\"lazy\" decoding=\"async\" width=\"1030\" height=\"140\" src=\"https:\/\/sophie-scholl-schule.eu\/wp-content\/uploads\/2025\/03\/SESB_SEN_BJF_M_RGB-1030x140.jpg\" alt=\"\" class=\"wp-image-6548\" srcset=\"https:\/\/sophie-scholl-schule.eu\/wp-content\/uploads\/2025\/03\/SESB_SEN_BJF_M_RGB-1030x140.jpg 1030w, https:\/\/sophie-scholl-schule.eu\/wp-content\/uploads\/2025\/03\/SESB_SEN_BJF_M_RGB-300x41.jpg 300w, https:\/\/sophie-scholl-schule.eu\/wp-content\/uploads\/2025\/03\/SESB_SEN_BJF_M_RGB-768x104.jpg 768w, https:\/\/sophie-scholl-schule.eu\/wp-content\/uploads\/2025\/03\/SESB_SEN_BJF_M_RGB-1536x208.jpg 1536w, https:\/\/sophie-scholl-schule.eu\/wp-content\/uploads\/2025\/03\/SESB_SEN_BJF_M_RGB-2048x278.jpg 2048w, https:\/\/sophie-scholl-schule.eu\/wp-content\/uploads\/2025\/03\/SESB_SEN_BJF_M_RGB-1500x203.jpg 1500w, https:\/\/sophie-scholl-schule.eu\/wp-content\/uploads\/2025\/03\/SESB_SEN_BJF_M_RGB-705x96.jpg 705w\" sizes=\"auto, (max-width: 1030px) 100vw, 1030px\" \/><\/figure>\n","protected":false},"excerpt":{"rendered":"<p>Im September 1999 wurde die Sophie-Scholl-Schule um ein interessantes Angebot reicher: den deutsch-franz\u00f6sischen Zweig der SESB (Staatliche Europaschule Berlin). Es werden dort die Kinder aus den Berliner SESB-Grundschulen sowie Seiteneinsteiger\/innen (die bereits auf einem guten Niveau Deutsch und Franz\u00f6sisch sprechen) aufgenommen. Den Unterricht auf Franz\u00f6sisch erteilen in der Regel muttersprachliche Lehrkr\u00e4fte. Die Sch\u00fcler\/innen des deutsch-franz\u00f6sischen [&hellip;]<\/p>\n","protected":false},"author":1,"featured_media":0,"parent":17,"menu_order":5,"comment_status":"closed","ping_status":"closed","template":"","meta":{"footnotes":""},"class_list":["post-3737","page","type-page","status-publish","hentry"],"_links":{"self":[{"href":"https:\/\/sophie-scholl-schule.eu\/index.php?rest_route=\/wp\/v2\/pages\/3737","targetHints":{"allow":["GET"]}}],"collection":[{"href":"https:\/\/sophie-scholl-schule.eu\/index.php?rest_route=\/wp\/v2\/pages"}],"about":[{"href":"https:\/\/sophie-scholl-schule.eu\/index.php?rest_route=\/wp\/v2\/types\/page"}],"author":[{"embeddable":true,"href":"https:\/\/sophie-scholl-schule.eu\/index.php?rest_route=\/wp\/v2\/users\/1"}],"replies":[{"embeddable":true,"href":"https:\/\/sophie-scholl-schule.eu\/index.php?rest_route=%2Fwp%2Fv2%2Fcomments&post=3737"}],"version-history":[{"count":19,"href":"https:\/\/sophie-scholl-schule.eu\/index.php?rest_route=\/wp\/v2\/pages\/3737\/revisions"}],"predecessor-version":[{"id":6930,"href":"https:\/\/sophie-scholl-schule.eu\/index.php?rest_route=\/wp\/v2\/pages\/3737\/revisions\/6930"}],"up":[{"embeddable":true,"href":"https:\/\/sophie-scholl-schule.eu\/index.php?rest_route=\/wp\/v2\/pages\/17"}],"wp:attachment":[{"href":"https:\/\/sophie-scholl-schule.eu\/index.php?rest_route=%2Fwp%2Fv2%2Fmedia&parent=3737"}],"curies":[{"name":"wp","href":"https:\/\/api.w.org\/{rel}","templated":true}]}}