{"id":3700,"date":"2024-06-06T17:38:13","date_gmt":"2024-06-06T17:38:13","guid":{"rendered":"https:\/\/sophie-scholl-schule.eu\/?page_id=3700"},"modified":"2025-09-09T10:56:01","modified_gmt":"2025-09-09T10:56:01","slug":"schulprofil-schulprogramm","status":"publish","type":"page","link":"https:\/\/sophie-scholl-schule.eu\/?page_id=3700","title":{"rendered":"Schulprogramm"},"content":{"rendered":"\n<p class=\"has-text-align-center\"><strong>Schulprogramm der Sophie-Scholl-Schule<\/strong> <br>(<a href=\"https:\/\/sophie-scholl-schule.eu\/wp-content\/uploads\/2024\/11\/24-01-19_Schulprogramm-aktuell.pdf\">vollst\u00e4ndige Fassung als PDF<\/a>)<\/p>\n\n\n\n<p class=\"has-text-align-center\">Beschluss der Schulkonferenz vom 07.11.2023<\/p>\n\n\n\n<h3 class=\"wp-block-heading\"><strong>Leitbild<\/strong>: <strong>&#8222;Sophie Scholl&nbsp;\u2013&nbsp;Ansporn und Verpflichtung&#8220;<\/strong><\/h3>\n\n\n\n<p>Sophie Scholl war Widerstandsk\u00e4mpferin gegen die&nbsp;nationalsozialistische&nbsp;Diktatur. Sie wurde daf\u00fcr&nbsp;im Alter von 21 Jahren&nbsp;1943 zum Tode verurteilt. Die&nbsp;Ideale unserer Namensgeberin Sophie Scholl&nbsp;sind wichtige Werte f\u00fcr unsere Schulgemeinschaft:<\/p>\n\n\n\n<figure class=\"wp-block-table\"><table><tbody><tr><td>Zivilcourage<\/td><td>Der Mut, f\u00fcr Schw\u00e4chere einzutreten, Mut, Menschlichkeit zu zeigen.<\/td><\/tr><tr><td>Gewaltlosigkeit<\/td><td>Die \u00dcberzeugung, dass Probleme und Konflikte friedlich gel\u00f6st&nbsp;werden<br>k\u00f6nnen.<\/td><\/tr><tr><td>Toleranz<\/td><td>Die Akzeptanz von Unterschiedlichkeiten aller Art.<\/td><\/tr><tr><td>Solidarisches Verhalten<\/td><td>Die Gemeinschaft st\u00e4rken, die&nbsp;Schw\u00e4cheren unterst\u00fctzen.<\/td><\/tr><tr><td>Demokratie leben<\/td><td>Das Recht, mitzubestimmen, die freie Entfaltung der Pers\u00f6nlichkeit und der<br>Schutz vor Gewalt und Willk\u00fcr.<\/td><\/tr><\/tbody><\/table><\/figure>\n\n\n\n<h4 class=\"wp-block-heading\">&nbsp;&nbsp;<\/h4>\n\n\n\n<p>Im Sinne dieser&nbsp;Werte&nbsp;verstehen wir&nbsp;auch&nbsp;unsere&nbsp;Arbeit als&nbsp;UNESCO-Projektschule&nbsp;(siehe Kapitel&nbsp;8.3),&nbsp;wobeiwir uns&nbsp;besonders&nbsp;den Zielen Frieden, Weltoffenheit und nachhaltige Entwicklung&nbsp;verpflichten.<br>Wir sehen die Verschiedenartigkeit unserer Sch\u00fclerinnen und Sch\u00fcler&nbsp;als Ausgangspunkt unserer&nbsp;p\u00e4dagogischen Arbeit.&nbsp;Diese Vielfalt betrachten wir als Reichtum. Heterogenit\u00e4t ist Normalit\u00e4t und&nbsp;Lernen geschieht in Kooperation mit unterschiedlichen Sch\u00fclerinnen und Sch\u00fclern an gemeinsamen&nbsp;Inhalten. In diesen Lernprozess sind alle am Schulleben beteiligten Personen gleichberechtigt&nbsp;eingebunden und \u00fcbernehmen daf\u00fcr Verantwortung.&nbsp;In diesem Sinne verstehen wir uns als inklusive&nbsp;Schule.<br>Alle Sch\u00fclerinnen und Sch\u00fcler werden in ihren besonderen Begabungen&nbsp;und Interessen, aber auch&nbsp;bei individuellen Schw\u00e4chen&nbsp;gef\u00f6rdert und durch differenzierte Angebote darin unterst\u00fctzt, ihr&nbsp;Leistungspotenzial bestm\u00f6glich zu entwickeln und auszusch\u00f6pfen.<br>Wichtige Aspekte&nbsp;unserer&nbsp;Schulkultur&nbsp;sind auch das soziale Lernen sowie das&nbsp;eigenverantwortliche&nbsp;und selbstst\u00e4ndige&nbsp;Arbeiten.&nbsp;Daher f\u00f6rdern wir sowohl&nbsp;im Unterricht als auch in Projekten das&nbsp;Engagement der Sch\u00fclerinnen und Sch\u00fcler.&nbsp;Teamarbeit verstehen wir dabei als wichtigen Bestandteil.<br>Wir verstehen&nbsp;unsere&nbsp;Schule nicht nur als Ort des Lernens, sondern&nbsp;auch&nbsp;als Ort der Identifikation&nbsp;aller am Schulleben Beteiligten.&nbsp;F\u00fcr die erfolgreiche Arbeit halten wir ein von Offenheit und&nbsp;Vertrauen gepr\u00e4gtes Miteinander aller an der Schule&nbsp;Mitwirkenden f\u00fcr unabdingbar.<\/p>\n\n\n\n<div class=\"wp-block-group is-layout-constrained wp-block-group-is-layout-constrained\">\n<p>Anh\u00e4nge<\/p>\n\n\n\n<ul class=\"wp-block-list\">\n<li><a href=\"https:\/\/sophie-scholl-schule.eu\/wp-content\/uploads\/2024\/06\/1_Stundentafeln_Profilzuege.pdf\">II.1.1 Stundentafeln Sek 1 neigungsorientierte Regelklassen<\/a><\/li>\n\n\n\n<li><a href=\"https:\/\/sophie-scholl-schule.eu\/wp-content\/uploads\/2024\/06\/Kompetenzkatalog_2024.pdf\">II.1.2 Kompetenzkatalog<\/a><\/li>\n\n\n\n<li><a href=\"https:\/\/sophie-scholl-schule.eu\/wp-content\/uploads\/2024\/11\/3-Differenzierungskonzept-Scholl_neu.pdf\">II.1.3 Differenzierungskonzept<\/a><\/li>\n\n\n\n<li><a href=\"https:\/\/sophie-scholl-schule.eu\/wp-content\/uploads\/2024\/11\/4-Stundentafel-SESB.pdf\">II.1.4 Stundentafeln Sek 1 SESB<\/a><\/li>\n\n\n\n<li><a href=\"https:\/\/sophie-scholl-schule.eu\/wp-content\/uploads\/2024\/11\/5-Methodencurriculum.pdf\">II.1.5 Methodencurriculum<\/a><\/li>\n\n\n\n<li><a href=\"https:\/\/sophie-scholl-schule.eu\/wp-content\/uploads\/2024\/11\/7-Partnerschaften.pdf\">II.1.6 Partnerschaften<\/a><\/li>\n\n\n\n<li><a href=\"https:\/\/sophie-scholl-schule.eu\/wp-content\/uploads\/2024\/11\/7-Partnerschaften.pdf\">II.1.7 Fahrtenkonzept<\/a><\/li>\n<\/ul>\n<\/div>\n\n\n\n<p><strong>Schutzkonzept<\/strong><\/p>\n\n\n\n<p>Mit der Schulgesetzes\u00e4nderung von 2021 wurde f\u00fcr alle Berliner Schulen die Entwicklung eines verbindlichen Schutzkonzeptes zum Kindeswohl verpflichtend. Ziel des Konzeptes der Sophie-Scholl-Schule ist es, Gef\u00e4hrdungen fr\u00fchzeitig zu erkennen, bestehende Pr\u00e4ventions- und Interventionsangebote zu b\u00fcndeln sowie Handlungsstrategien weiterzuentwickeln.\u00a0Die Umsetzung und Erf\u00fcllung dieser anspruchsvollen Aufgabe ist nur im Zuge einer Kooperation aller Akteur:innen der Schulgemeinschaft zu gew\u00e4hrleisten und bedarf eines l\u00e4ngeren Erarbeitungsprozesses.\u00a0<\/p>\n\n\n\n<p>An der Erarbeitung, \u00dcberpr\u00fcfung und Aktualisierung sind Vertreter:innen der gesamten Schulgemeinschaft beteiligt: eine Steuergruppe aus Lehr- und sonderp\u00e4dagogischem Personal, Sozialp\u00e4dagog:innen, Schulpsychologie sowie Vertreter:innen der Gesamtsch\u00fcler:innenvertretung und Gesamtelternvertretung.<\/p>\n\n\n\n<p>Das Schutzkonzept unserer Schule finden Sie hier: <a href=\"https:\/\/sophie-scholl-schule.eu\/wp-content\/uploads\/2025\/09\/SSS_Schutzkonzept_vollstaendig_Stand040925-.pdf\">Schu<\/a><a href=\"https:\/\/sophie-scholl-schule.eu\/wp-content\/uploads\/2025\/09\/SSS_Schutzkonzept_vollstaendig_Stand040925.pdf\">tzkonzept (Stand 21.05.2025)<\/a><\/p>\n","protected":false},"excerpt":{"rendered":"<p>Schulprogramm der Sophie-Scholl-Schule (vollst\u00e4ndige Fassung als PDF) Beschluss der Schulkonferenz vom 07.11.2023 Leitbild: &#8222;Sophie Scholl&nbsp;\u2013&nbsp;Ansporn und Verpflichtung&#8220; Sophie Scholl war Widerstandsk\u00e4mpferin gegen die&nbsp;nationalsozialistische&nbsp;Diktatur. Sie wurde daf\u00fcr&nbsp;im Alter von 21 Jahren&nbsp;1943 zum Tode verurteilt. Die&nbsp;Ideale unserer Namensgeberin Sophie Scholl&nbsp;sind wichtige Werte f\u00fcr unsere Schulgemeinschaft: Zivilcourage Der Mut, f\u00fcr Schw\u00e4chere einzutreten, Mut, Menschlichkeit zu zeigen. Gewaltlosigkeit Die [&hellip;]<\/p>\n","protected":false},"author":1,"featured_media":0,"parent":3698,"menu_order":0,"comment_status":"closed","ping_status":"closed","template":"","meta":{"footnotes":""},"class_list":["post-3700","page","type-page","status-publish","hentry"],"_links":{"self":[{"href":"https:\/\/sophie-scholl-schule.eu\/index.php?rest_route=\/wp\/v2\/pages\/3700","targetHints":{"allow":["GET"]}}],"collection":[{"href":"https:\/\/sophie-scholl-schule.eu\/index.php?rest_route=\/wp\/v2\/pages"}],"about":[{"href":"https:\/\/sophie-scholl-schule.eu\/index.php?rest_route=\/wp\/v2\/types\/page"}],"author":[{"embeddable":true,"href":"https:\/\/sophie-scholl-schule.eu\/index.php?rest_route=\/wp\/v2\/users\/1"}],"replies":[{"embeddable":true,"href":"https:\/\/sophie-scholl-schule.eu\/index.php?rest_route=%2Fwp%2Fv2%2Fcomments&post=3700"}],"version-history":[{"count":8,"href":"https:\/\/sophie-scholl-schule.eu\/index.php?rest_route=\/wp\/v2\/pages\/3700\/revisions"}],"predecessor-version":[{"id":6854,"href":"https:\/\/sophie-scholl-schule.eu\/index.php?rest_route=\/wp\/v2\/pages\/3700\/revisions\/6854"}],"up":[{"embeddable":true,"href":"https:\/\/sophie-scholl-schule.eu\/index.php?rest_route=\/wp\/v2\/pages\/3698"}],"wp:attachment":[{"href":"https:\/\/sophie-scholl-schule.eu\/index.php?rest_route=%2Fwp%2Fv2%2Fmedia&parent=3700"}],"curies":[{"name":"wp","href":"https:\/\/api.w.org\/{rel}","templated":true}]}}