{"id":19,"date":"2024-04-03T12:19:51","date_gmt":"2024-04-03T12:19:51","guid":{"rendered":"https:\/\/sophie-scholl-schule.eu\/?page_id=19"},"modified":"2026-01-18T15:41:58","modified_gmt":"2026-01-18T15:41:58","slug":"mint","status":"publish","type":"page","link":"https:\/\/sophie-scholl-schule.eu\/?page_id=19","title":{"rendered":"MINT"},"content":{"rendered":"\n<h2 class=\"wp-block-heading\">MINT<\/h2>\n\n\n\n<div class=\"wp-block-columns are-vertically-aligned-center is-layout-flex wp-container-core-columns-is-layout-9d6595d7 wp-block-columns-is-layout-flex\">\n<div class=\"wp-block-column is-vertically-aligned-center is-layout-flow wp-block-column-is-layout-flow\" style=\"flex-basis:100%\">\n<figure class=\"wp-block-embed is-type-video is-provider-youtube wp-block-embed-youtube wp-embed-aspect-16-9 wp-has-aspect-ratio\"><div class=\"wp-block-embed__wrapper\">\n<div class='avia-iframe-wrap'><iframe loading=\"lazy\" title=\"Sophie Scholl   Wahlprofil MINT\" width=\"1500\" height=\"844\" src=\"https:\/\/www.youtube.com\/embed\/FghtGOfXJCE?feature=oembed\" frameborder=\"0\" allow=\"accelerometer; autoplay; clipboard-write; encrypted-media; gyroscope; picture-in-picture; web-share\" referrerpolicy=\"strict-origin-when-cross-origin\" allowfullscreen><\/iframe><\/div>\n<\/div><\/figure>\n<\/div>\n<\/div>\n\n\n\n<p>\u201eMINT\u201c steht f\u00fcr \u201eMathematik, Naturwissenschaften, Informatik, Technik\u201c. In unserem Profilfach besch\u00e4ftigen wir uns projektorientiert, f\u00e4cher\u00fcbergreifend und alltagsbezogen mit&nbsp;<strong>naturwissenschaftlichen und technischen Themen<\/strong>.<\/p>\n\n\n\n<p>In den Klassen 7 und 8 stehen daf\u00fcr jeweils 4 Schulstunden und in den Klassen 9 und 10 jeweils 3 Schulstunden zur Verf\u00fcgung.&nbsp; Diese Zeit nutzen wir<\/p>\n\n\n\n<ul class=\"wp-block-list\">\n<li>f\u00fcr die F\u00f6rderung des vernetzten naturwissenschaftlichen Denkens<\/li>\n\n\n\n<li>f\u00fcr die f\u00e4cher\u00fcbergreifende praxis- und projektorientierte Arbeit<\/li>\n\n\n\n<li>f\u00fcr die Erarbeitung, Durchf\u00fchrung und Auswertung auch umfangreicher Experimente<\/li>\n\n\n\n<li>f\u00fcr das Dokumentieren und Pr\u00e4sentieren der eigenen Arbeiten, dabei kommen verschiedene Formen wie Vortr\u00e4ge, Plakate, Internetseiten oder blogs zum Einsatz<\/li>\n\n\n\n<li>f\u00fcr die Aneignung von Programmierkenntnissen und die Umsetzung eigener Programmideen<\/li>\n<\/ul>\n\n\n\n<p>&nbsp;Kurz: Wir f\u00fcllen den&nbsp;erweiterten naturwissenschaftlicher Kompetenzbegriff&nbsp;mit Leben!<\/p>\n\n\n\n<p>Unsere Themen speisen sich aus den Bereichen&nbsp;<\/p>\n\n\n\n<ul class=\"wp-block-list\">\n<li><strong>naturwissenschaftliches Denken und Arbeiten \u2013 Einblick in die Welt der Forschung!<\/strong><br>Taucht ein in die faszinierenden Arbeitsweisen von Forscherenden und entdeckt, wie Fragen gestellt und die Welt naturwissenschaftlich erkl\u00e4rt wird.<\/li>\n<\/ul>\n\n\n\n<ul class=\"wp-block-list\">\n<li><strong>Zukunft erleben: Mit modernen Technologien die Welt von morgen gestalten!<br><\/strong>Entdeckt spielerisch, wie sich durch Robotik, Programmierung und Digitalisierung unsere Welt ver\u00e4ndert.<\/li>\n\n\n\n<li><strong>Geheimnisse der Natur \u2013 Ph\u00e4nomene hautnah erleben!<br><\/strong>Von Wetterph\u00e4nomenen bis hin zu physikalischen Gesetzen: Spannende Experimente und Beobachtungen machen die Natur greifbar.<\/li>\n\n\n\n<li><strong>Wissenschaft trifft Alltag: Die verborgenen Naturgesetze in Kultur und Technik!<br><\/strong>Erfahrt, wieviel Wissenschaft hinter allt\u00e4glichen Dingen steckt \u2013 vom Brotbacken bis zur Architektur.<\/li>\n<\/ul>\n\n\n\n<p>Im Verlaufe des MINT-Unterrichtes wird aus allen vier Bereichen jeweils mindestens ein Projekt realisiert.&nbsp;<strong>Nachhaltigkeit<\/strong>&nbsp;und&nbsp;<strong>Digitalit\u00e4t<\/strong>&nbsp;sind Querschnittsthemen, die kontinuierlich gef\u00f6rdert werden.<\/p>\n\n\n\n<p>Zur F\u00f6rderung der digitalen Bildung findet dar\u00fcber hinaus jeweils in den Klassenstufen 7\/8 und 9\/10 ein Projekt mit informationstechnischem Inhalt statt.<\/p>\n\n\n\n<p>Unsere Schule wurde seit&nbsp;<a href=\"https:\/\/sophie-scholl-schule.eu\/?p=3035\">2019<\/a>&nbsp;kontinuierlich (zuletzt&nbsp;<a href=\"https:\/\/sophie-scholl-schule.eu\/?p=6975\">2025<\/a>) als&nbsp;<a href=\"https:\/\/mintzukunftschaffen.de\/mint-freundliche-schule\/\">MINT-freundliche Schule<\/a>&nbsp;ausgezeichnet. Das Profilfach spielte dabei eine tragende Rolle.<\/p>\n\n\n\n<p>Seit vielen Jahren bem\u00fchen wir uns zudem um eine au\u00dferunterrichtliche F\u00f6rderung begabter und interessierter Kinder im Rahmen unserer AGs und durch die Teilnahme an Wettbewerben wie&nbsp;<a href=\"https:\/\/sophie-scholl-schule.eu\/?page_id=6201\">Jugend forscht<\/a>&nbsp;und Informatik-Biber.<\/p>\n\n\n\n<p><a href=\"https:\/\/sophie-scholl-schule.eu\/?page_id=5998\" data-type=\"page\" data-id=\"5998\">H\u00e4ufig gestellte Fragen zum Aufnahmeverfahren f\u00fcr den Profilzug MINT<\/a><\/p>\n\n\n\n<p class=\"has-text-align-center\"><strong>Unsere bisherigen Projekte (Ausz\u00fcge)<\/strong><\/p>\n\n\n<ul class=\"wp-block-latest-posts__list is-grid columns-3 kunstgalerie wp-block-latest-posts\"><li><div class=\"wp-block-latest-posts__featured-image aligncenter\"><a href=\"https:\/\/sophie-scholl-schule.eu\/?p=5977\" aria-label=\"Naturkosmetik\"><img decoding=\"async\" loading=\"lazy\" width=\"500\" height=\"500\" src=\"https:\/\/sophie-scholl-schule.eu\/wp-content\/uploads\/2024\/10\/Naturkosmetik_thumb.jpg\" class=\"wp-image-5979 avia-img-lazy-loading-5979 attachment-large size-large wp-post-image\" alt=\"\" style=\"\" srcset=\"https:\/\/sophie-scholl-schule.eu\/wp-content\/uploads\/2024\/10\/Naturkosmetik_thumb.jpg 500w, https:\/\/sophie-scholl-schule.eu\/wp-content\/uploads\/2024\/10\/Naturkosmetik_thumb-300x300.jpg 300w, https:\/\/sophie-scholl-schule.eu\/wp-content\/uploads\/2024\/10\/Naturkosmetik_thumb-80x80.jpg 80w, https:\/\/sophie-scholl-schule.eu\/wp-content\/uploads\/2024\/10\/Naturkosmetik_thumb-36x36.jpg 36w, https:\/\/sophie-scholl-schule.eu\/wp-content\/uploads\/2024\/10\/Naturkosmetik_thumb-180x180.jpg 180w\" sizes=\"auto, (max-width: 500px) 100vw, 500px\" \/><\/a><\/div><a class=\"wp-block-latest-posts__post-title\" href=\"https:\/\/sophie-scholl-schule.eu\/?p=5977\">Naturkosmetik<\/a><\/li>\n<li><div class=\"wp-block-latest-posts__featured-image aligncenter\"><a href=\"https:\/\/sophie-scholl-schule.eu\/?p=5967\" aria-label=\"SCRATCH\"><img decoding=\"async\" loading=\"lazy\" width=\"500\" height=\"500\" src=\"https:\/\/sophie-scholl-schule.eu\/wp-content\/uploads\/2022\/10\/scratch_thumb.jpg\" class=\"wp-image-5993 avia-img-lazy-loading-5993 attachment-large size-large wp-post-image\" alt=\"\" style=\"\" srcset=\"https:\/\/sophie-scholl-schule.eu\/wp-content\/uploads\/2022\/10\/scratch_thumb.jpg 500w, https:\/\/sophie-scholl-schule.eu\/wp-content\/uploads\/2022\/10\/scratch_thumb-300x300.jpg 300w, https:\/\/sophie-scholl-schule.eu\/wp-content\/uploads\/2022\/10\/scratch_thumb-80x80.jpg 80w, https:\/\/sophie-scholl-schule.eu\/wp-content\/uploads\/2022\/10\/scratch_thumb-36x36.jpg 36w, https:\/\/sophie-scholl-schule.eu\/wp-content\/uploads\/2022\/10\/scratch_thumb-180x180.jpg 180w\" sizes=\"auto, (max-width: 500px) 100vw, 500px\" \/><\/a><\/div><a class=\"wp-block-latest-posts__post-title\" href=\"https:\/\/sophie-scholl-schule.eu\/?p=5967\">SCRATCH<\/a><\/li>\n<li><div class=\"wp-block-latest-posts__featured-image aligncenter\"><a href=\"https:\/\/sophie-scholl-schule.eu\/?p=5950\" aria-label=\"M\u00e4useprojekt (Pzk\/Hahn, Kl. 723)\"><img decoding=\"async\" loading=\"lazy\" width=\"500\" height=\"500\" src=\"https:\/\/sophie-scholl-schule.eu\/wp-content\/uploads\/2024\/10\/Lernmaus_1_thumb.jpg\" class=\"wp-image-5965 avia-img-lazy-loading-5965 attachment-large size-large wp-post-image\" alt=\"\" style=\"\" srcset=\"https:\/\/sophie-scholl-schule.eu\/wp-content\/uploads\/2024\/10\/Lernmaus_1_thumb.jpg 500w, https:\/\/sophie-scholl-schule.eu\/wp-content\/uploads\/2024\/10\/Lernmaus_1_thumb-300x300.jpg 300w, https:\/\/sophie-scholl-schule.eu\/wp-content\/uploads\/2024\/10\/Lernmaus_1_thumb-80x80.jpg 80w, https:\/\/sophie-scholl-schule.eu\/wp-content\/uploads\/2024\/10\/Lernmaus_1_thumb-36x36.jpg 36w, https:\/\/sophie-scholl-schule.eu\/wp-content\/uploads\/2024\/10\/Lernmaus_1_thumb-180x180.jpg 180w\" sizes=\"auto, (max-width: 500px) 100vw, 500px\" \/><\/a><\/div><a class=\"wp-block-latest-posts__post-title\" href=\"https:\/\/sophie-scholl-schule.eu\/?p=5950\">M\u00e4useprojekt (Pzk\/Hahn, Kl. 723)<\/a><\/li>\n<li><div class=\"wp-block-latest-posts__featured-image aligncenter\"><a href=\"https:\/\/sophie-scholl-schule.eu\/?p=5972\" aria-label=\"Milchprojekt\"><img decoding=\"async\" loading=\"lazy\" width=\"500\" height=\"500\" src=\"https:\/\/sophie-scholl-schule.eu\/wp-content\/uploads\/2024\/10\/Milch_thumb.jpg\" class=\"wp-image-5975 avia-img-lazy-loading-5975 attachment-large size-large wp-post-image\" alt=\"\" style=\"\" srcset=\"https:\/\/sophie-scholl-schule.eu\/wp-content\/uploads\/2024\/10\/Milch_thumb.jpg 500w, https:\/\/sophie-scholl-schule.eu\/wp-content\/uploads\/2024\/10\/Milch_thumb-300x300.jpg 300w, https:\/\/sophie-scholl-schule.eu\/wp-content\/uploads\/2024\/10\/Milch_thumb-80x80.jpg 80w, https:\/\/sophie-scholl-schule.eu\/wp-content\/uploads\/2024\/10\/Milch_thumb-36x36.jpg 36w, https:\/\/sophie-scholl-schule.eu\/wp-content\/uploads\/2024\/10\/Milch_thumb-180x180.jpg 180w\" sizes=\"auto, (max-width: 500px) 100vw, 500px\" \/><\/a><\/div><a class=\"wp-block-latest-posts__post-title\" href=\"https:\/\/sophie-scholl-schule.eu\/?p=5972\">Milchprojekt<\/a><\/li>\n<li><div class=\"wp-block-latest-posts__featured-image aligncenter\"><a href=\"https:\/\/sophie-scholl-schule.eu\/?p=5944\" aria-label=\"M\u00e4useprojekt (Alb\/Hahn, Kl. 823)\"><img decoding=\"async\" loading=\"lazy\" width=\"500\" height=\"500\" src=\"https:\/\/sophie-scholl-schule.eu\/wp-content\/uploads\/2019\/10\/Maus_2_thumb.jpg\" class=\"wp-image-5966 avia-img-lazy-loading-5966 attachment-large size-large wp-post-image\" alt=\"\" style=\"\" srcset=\"https:\/\/sophie-scholl-schule.eu\/wp-content\/uploads\/2019\/10\/Maus_2_thumb.jpg 500w, https:\/\/sophie-scholl-schule.eu\/wp-content\/uploads\/2019\/10\/Maus_2_thumb-300x300.jpg 300w, https:\/\/sophie-scholl-schule.eu\/wp-content\/uploads\/2019\/10\/Maus_2_thumb-80x80.jpg 80w, https:\/\/sophie-scholl-schule.eu\/wp-content\/uploads\/2019\/10\/Maus_2_thumb-36x36.jpg 36w, https:\/\/sophie-scholl-schule.eu\/wp-content\/uploads\/2019\/10\/Maus_2_thumb-180x180.jpg 180w\" sizes=\"auto, (max-width: 500px) 100vw, 500px\" \/><\/a><\/div><a class=\"wp-block-latest-posts__post-title\" href=\"https:\/\/sophie-scholl-schule.eu\/?p=5944\">M\u00e4useprojekt (Alb\/Hahn, Kl. 823)<\/a><\/li>\n<li><div class=\"wp-block-latest-posts__featured-image aligncenter\"><a href=\"https:\/\/sophie-scholl-schule.eu\/?p=5981\" aria-label=\"Weltraumflug\"><img decoding=\"async\" loading=\"lazy\" width=\"500\" height=\"500\" src=\"https:\/\/sophie-scholl-schule.eu\/wp-content\/uploads\/2024\/10\/Weltallbild_thumb.jpg\" class=\"wp-image-5985 avia-img-lazy-loading-5985 attachment-large size-large wp-post-image\" alt=\"\" style=\"\" srcset=\"https:\/\/sophie-scholl-schule.eu\/wp-content\/uploads\/2024\/10\/Weltallbild_thumb.jpg 500w, https:\/\/sophie-scholl-schule.eu\/wp-content\/uploads\/2024\/10\/Weltallbild_thumb-300x300.jpg 300w, https:\/\/sophie-scholl-schule.eu\/wp-content\/uploads\/2024\/10\/Weltallbild_thumb-80x80.jpg 80w, https:\/\/sophie-scholl-schule.eu\/wp-content\/uploads\/2024\/10\/Weltallbild_thumb-36x36.jpg 36w, https:\/\/sophie-scholl-schule.eu\/wp-content\/uploads\/2024\/10\/Weltallbild_thumb-180x180.jpg 180w\" sizes=\"auto, (max-width: 500px) 100vw, 500px\" \/><\/a><\/div><a class=\"wp-block-latest-posts__post-title\" href=\"https:\/\/sophie-scholl-schule.eu\/?p=5981\">Weltraumflug<\/a><\/li>\n<\/ul>","protected":false},"excerpt":{"rendered":"<p>MINT \u201eMINT\u201c steht f\u00fcr \u201eMathematik, Naturwissenschaften, Informatik, Technik\u201c. In unserem Profilfach besch\u00e4ftigen wir uns projektorientiert, f\u00e4cher\u00fcbergreifend und alltagsbezogen mit&nbsp;naturwissenschaftlichen und technischen Themen. In den Klassen 7 und 8 stehen daf\u00fcr jeweils 4 Schulstunden und in den Klassen 9 und 10 jeweils 3 Schulstunden zur Verf\u00fcgung.&nbsp; Diese Zeit nutzen wir &nbsp;Kurz: Wir f\u00fcllen den&nbsp;erweiterten naturwissenschaftlicher Kompetenzbegriff&nbsp;mit [&hellip;]<\/p>\n","protected":false},"author":1,"featured_media":0,"parent":17,"menu_order":2,"comment_status":"closed","ping_status":"closed","template":"","meta":{"footnotes":""},"class_list":["post-19","page","type-page","status-publish","hentry"],"_links":{"self":[{"href":"https:\/\/sophie-scholl-schule.eu\/index.php?rest_route=\/wp\/v2\/pages\/19","targetHints":{"allow":["GET"]}}],"collection":[{"href":"https:\/\/sophie-scholl-schule.eu\/index.php?rest_route=\/wp\/v2\/pages"}],"about":[{"href":"https:\/\/sophie-scholl-schule.eu\/index.php?rest_route=\/wp\/v2\/types\/page"}],"author":[{"embeddable":true,"href":"https:\/\/sophie-scholl-schule.eu\/index.php?rest_route=\/wp\/v2\/users\/1"}],"replies":[{"embeddable":true,"href":"https:\/\/sophie-scholl-schule.eu\/index.php?rest_route=%2Fwp%2Fv2%2Fcomments&post=19"}],"version-history":[{"count":13,"href":"https:\/\/sophie-scholl-schule.eu\/index.php?rest_route=\/wp\/v2\/pages\/19\/revisions"}],"predecessor-version":[{"id":7011,"href":"https:\/\/sophie-scholl-schule.eu\/index.php?rest_route=\/wp\/v2\/pages\/19\/revisions\/7011"}],"up":[{"embeddable":true,"href":"https:\/\/sophie-scholl-schule.eu\/index.php?rest_route=\/wp\/v2\/pages\/17"}],"wp:attachment":[{"href":"https:\/\/sophie-scholl-schule.eu\/index.php?rest_route=%2Fwp%2Fv2%2Fmedia&parent=19"}],"curies":[{"name":"wp","href":"https:\/\/api.w.org\/{rel}","templated":true}]}}